{"id":240,"date":"2019-02-21T10:16:05","date_gmt":"2019-02-21T09:16:05","guid":{"rendered":"\/?page_id=240"},"modified":"2020-12-21T12:33:33","modified_gmt":"2020-12-21T11:33:33","slug":"mentions-legales","status":"publish","type":"page","link":"https:\/\/lesfanonsdulien.com\/en\/mentions-legales\/","title":{"rendered":"Mentions L\u00e9gales"},"content":{"rendered":"<p>[vc_row][vc_column][vc_column_text]<\/p>\n<h2>Responsable de la publication :<\/h2>\n<p>SARL VENDEE SIGNES<br \/>\nSIRET 839 119 989 000 29<br \/>\nCapital social : 5 000 \u20ac<br \/>\nRue Keiji Noda &#8211; 85190 Aizenay<br \/>\nT\u00e9l\u00e9phone : 06 51 01 77 23<\/p>\n<p>Directeur de publication : Pierre-Vincent Cools et Thierry Guichet<\/p>\n<h2>Conception \/ H\u00e9bergeur <\/h2>\n<p><a href=\"https:\/\/egoprod.fr\">Agence Web EgoProd<\/a><br \/>\n13 rue de la Joussemeli\u00e8re<br \/>\n85170 DOMPIERRE\/YON<br \/>\nT\u00e9l : <a href=\"tel:0960164482\">09 60 16 44 82<\/a><br \/>\nH\u00e9bergement : serveur 1&#038;1 Ionos<\/p>\n<h2>Informatique et libert\u00e9s :<\/h2>\n<p>Conform\u00e9ment \u00e0 la loi informatique et libert\u00e9 du 06\/01\/78 (art. 27), vous disposez d&#8217;un droit d&#8217;acc\u00e8s et de rectification des donn\u00e9es vous concernant. Vous pouvez les mettre \u00e0 jour en utilisant\u00a0notre\u00a0formulaire de contact.<\/p>\n<h2>Copyright :<\/h2>\n<p>L&#8217;ensemble des photos du site BRIDGING, de quelque nature qu&#8217;elles soient, sont la propri\u00e9t\u00e9 exclusive des auteurs. Toute reproduction ou repr\u00e9sentation, int\u00e9grale ou partielle, faite sans le consentement de l&#8217;auteur, serait illicite et constituerait une contrefa\u00e7on.<\/p>\n<p>La loi n&#8217;autorise, que les copies ou reproductions r\u00e9serv\u00e9es \u00e0 l&#8217;usage priv\u00e9 du copiste et non destin\u00e9es \u00e0 l&#8217;utilisation collective, d&#8217;une part, et, d&#8217;autre part, que les analyses et les courtes citations dans un but d&#8217;exemple et d&#8217;illustration.<\/p>\n<p>Nous b\u00e9n\u00e9ficions en France, de la loi sur la propri\u00e9t\u00e9 intellectuelle, et, hors de France, de la protection du droit d&#8217;auteur dans tous les \u00e9tats signataires de la convention de Berne.<\/p>\n<p>L&#8217;ensemble des \u00e9l\u00e9ments figurant sur notre site\u00a0BRIDGING sont prot\u00e9g\u00e9s par les dispositions du Code de la Propri\u00e9t\u00e9 Intellectuelle. En cons\u00e9quence, toute reproduction de ceux-ci, totale ou partielle, ou imitation, sans un accord expr\u00e8s, pr\u00e9alable et \u00e9crit de notre part ou du propri\u00e9taire des dits \u00e9l\u00e9ments est interdite, sauf pour les photographies et \u00e9l\u00e9ments faisant l\u2019objet d\u2019une r\u00e9glementation diff\u00e9rente.<br \/>\nPar ailleurs, l&#8217;utilisation des informations contenues sur le pr\u00e9sent site rel\u00e8ve de la seule responsabilit\u00e9 de l&#8217;utilisateur. Nous ne pourrions en aucun cas, et pour quelque cause que ce soit, en \u00eatre tenus pour responsables, et ce, quelles qu&#8217;en soit les cons\u00e9quences.<br \/>\nNous ne sommes responsables d&#8217;aucune erreur ou omission sur le pr\u00e9sent site.<\/p>\n<h2>Visuels<\/h2>\n<p>Les visuels ins\u00e9r\u00e9s sur le site proviennent des banques d&#8217;image suivantes Pixabay, Pixels, Freepik et Google images (en r\u00e9utilisation autoris\u00e9e).[\/vc_column_text][\/vc_column][\/vc_row]<\/p>\n","protected":false},"excerpt":{"rendered":"<p>[vc_row][vc_column][vc_column_text] Responsable de la publication : SARL VENDEE SIGNES SIRET 839 119 989 000 29 Capital social : 5 000 \u20ac Rue Keiji Noda &#8211; 85190 Aizenay T\u00e9l\u00e9phone : 06 51 01 77 23 Directeur de publication : Pierre-Vincent Cools&#8230;<\/p>\n","protected":false},"author":9,"featured_media":0,"parent":0,"menu_order":0,"comment_status":"closed","ping_status":"closed","template":"template-fullwidth.php","meta":[],"yoast_head":"<!-- This site is optimized with the Yoast SEO plugin v15.3 - https:\/\/yoast.com\/wordpress\/plugins\/seo\/ -->\n<title>Mentions L\u00e9gales - Les Fanons du Lien<\/title>\n<meta name=\"robots\" content=\"noindex, follow\" \/>\n<meta property=\"og:locale\" content=\"en_US\" \/>\n<meta property=\"og:type\" content=\"article\" \/>\n<meta property=\"og:title\" content=\"Mentions L\u00e9gales\" \/>\n<meta property=\"og:description\" content=\"[vc_row][vc_column][vc_column_text] Responsable de la publication : SARL VENDEE SIGNES SIRET 839 119 989 000 29 Capital social : 5 000 \u20ac Rue Keiji Noda &#8211; 85190 Aizenay T\u00e9l\u00e9phone : 06 51 01 77 23 Directeur de publication : Pierre-Vincent Cools...\" \/>\n<meta property=\"og:url\" content=\"https:\/\/lesfanonsdulien.com\/mentions-legales\/\" \/>\n<meta property=\"og:site_name\" content=\"Les Fanons du Lien\" \/>\n<meta property=\"article:modified_time\" content=\"2020-12-21T11:33:33+00:00\" \/>\n<meta name=\"twitter:card\" content=\"summary_large_image\" \/>\n<meta name=\"twitter:label1\" content=\"Written by\">\n\t<meta name=\"twitter:data1\" content=\"Agence Egoprod\">\n\t<meta name=\"twitter:label2\" content=\"Est. reading time\">\n\t<meta name=\"twitter:data2\" content=\"3 minutes\">\n<script type=\"application\/ld+json\" class=\"yoast-schema-graph\">{\"@context\":\"https:\/\/schema.org\",\"@graph\":[{\"@type\":\"WebSite\",\"@id\":\"https:\/\/lesfanonsdulien.com\/#website\",\"url\":\"https:\/\/lesfanonsdulien.com\/\",\"name\":\"Les Fanons du Lien\",\"description\":\"\",\"potentialAction\":[{\"@type\":\"SearchAction\",\"target\":\"https:\/\/lesfanonsdulien.com\/?s={search_term_string}\",\"query-input\":\"required name=search_term_string\"}],\"inLanguage\":\"en-US\"},{\"@type\":\"WebPage\",\"@id\":\"https:\/\/lesfanonsdulien.com\/mentions-legales\/#webpage\",\"url\":\"https:\/\/lesfanonsdulien.com\/mentions-legales\/\",\"name\":\"[:en]Mentions L\\u00e9gales[:fr]Mentions L\\u00e9gales[:] - Les Fanons du Lien\",\"isPartOf\":{\"@id\":\"https:\/\/lesfanonsdulien.com\/#website\"},\"datePublished\":\"2019-02-21T09:16:05+00:00\",\"dateModified\":\"2020-12-21T11:33:33+00:00\",\"inLanguage\":\"en-US\",\"potentialAction\":[{\"@type\":\"ReadAction\",\"target\":[\"https:\/\/lesfanonsdulien.com\/mentions-legales\/\"]}]}]}<\/script>\n<!-- \/ Yoast SEO plugin. -->","_links":{"self":[{"href":"https:\/\/lesfanonsdulien.com\/en\/wp-json\/wp\/v2\/pages\/240"}],"collection":[{"href":"https:\/\/lesfanonsdulien.com\/en\/wp-json\/wp\/v2\/pages"}],"about":[{"href":"https:\/\/lesfanonsdulien.com\/en\/wp-json\/wp\/v2\/types\/page"}],"author":[{"embeddable":true,"href":"https:\/\/lesfanonsdulien.com\/en\/wp-json\/wp\/v2\/users\/9"}],"replies":[{"embeddable":true,"href":"https:\/\/lesfanonsdulien.com\/en\/wp-json\/wp\/v2\/comments?post=240"}],"version-history":[{"count":9,"href":"https:\/\/lesfanonsdulien.com\/en\/wp-json\/wp\/v2\/pages\/240\/revisions"}],"predecessor-version":[{"id":3668,"href":"https:\/\/lesfanonsdulien.com\/en\/wp-json\/wp\/v2\/pages\/240\/revisions\/3668"}],"wp:attachment":[{"href":"https:\/\/lesfanonsdulien.com\/en\/wp-json\/wp\/v2\/media?parent=240"}],"curies":[{"name":"wp","href":"https:\/\/api.w.org\/{rel}","templated":true}]}}