{"id":3402,"date":"2020-12-16T15:49:34","date_gmt":"2020-12-16T14:49:34","guid":{"rendered":"http:\/\/lesfanonsdulien.fr\/?page_id=3402"},"modified":"2020-12-23T17:40:04","modified_gmt":"2020-12-23T16:40:04","slug":"quest-ce-que-lequicie","status":"publish","type":"page","link":"https:\/\/lesfanonsdulien.com\/en\/equicie\/quest-ce-que-lequicie\/","title":{"rendered":"Qu&#8217;est ce que l&#8217;\u00e9quicie ?"},"content":{"rendered":"<p>[vc_row full_width=&#8221;stretch_row&#8221; content_placement=&#8221;middle&#8221; css=&#8221;.vc_custom_1608741577173{padding-top: 20px !important;padding-bottom: 120px !important;background-image: url(https:\/\/lesfanonsdulien.com\/wp-content\/uploads\/2020\/12\/IMG_3831_flou-scaled.jpg?id=3694) !important;background-position: center !important;background-repeat: no-repeat !important;background-size: cover !important;}&#8221; el_class=&#8221;slide-pi&#8221;][vc_column][vc_column_text el_class=&#8221;breadcrumb&#8221; css=&#8221;.vc_custom_1608212041046{padding-bottom: 120px !important;}&#8221;]<\/p>\n<p style=\"text-align: left;\"><a href=\"\/\">Les Fanons du Lien<\/a> > <a href=\"\/equicie\/\">\u00c9quicie<\/a> > Qu&#8217;est ce que l&#8217;\u00e9quicie ?<\/p>\n<p>[\/vc_column_text][vc_column_text]<\/p>\n<h1 style=\"text-align: center;\">Qu&#8217;est ce que l&#8217;\u00e9quicie ?<\/h1>\n<p>[\/vc_column_text][\/vc_column][\/vc_row][vc_row el_class=&#8221;listing-besoin&#8221; css=&#8221;.vc_custom_1560433025100{margin-top: 50px !important;}&#8221;][vc_column][vc_row_inner equal_height=&#8221;yes&#8221; content_placement=&#8221;middle&#8221; css=&#8221;.vc_custom_1560432891397{margin-top: 40px !important;margin-bottom: 40px !important;}&#8221;][vc_column_inner width=&#8221;1\/2&#8243; css=&#8221;.vc_custom_1608211656811{padding-top: 120px !important;padding-bottom: 120px !important;background-image: url(https:\/\/lesfanonsdulien.com\/wp-content\/uploads\/2020\/12\/IMG_2259_JPG.webp?id=3474) !important;background-position: center !important;background-repeat: no-repeat !important;background-size: cover !important;}&#8221;][\/vc_column_inner][vc_column_inner width=&#8221;1\/2&#8243; css=&#8221;.vc_custom_1560432789279{padding-top: 35px !important;padding-right: 35px !important;padding-bottom: 35px !important;padding-left: 35px !important;background-color: #f9f2f6 !important;}&#8221;][vc_column_text css=&#8221;.vc_custom_1608741303836{border-top-width: 3px !important;border-right-width: 3px !important;border-bottom-width: 3px !important;border-left-width: 3px !important;padding-top: 25px !important;padding-right: 25px !important;padding-bottom: 25px !important;padding-left: 25px !important;border-left-color: #ffffff !important;border-left-style: solid !important;border-right-color: #ffffff !important;border-right-style: solid !important;border-top-color: #ffffff !important;border-top-style: solid !important;border-bottom-color: #ffffff !important;border-bottom-style: solid !important;}&#8221;]<\/p>\n<p><span style=\"font-weight: 400;\">L&#8217;\u00e9quicie est une pratique de m\u00e9diation \u00e9quine. <\/span><\/p>\n<p><span style=\"font-weight: 400;\">Il s&#8217;agit de l&#8217;accompagnement de personnes en situation de handicap (moteur, psychique, mental, social ou sensoriel), de polyhandicap ou ayant une difficult\u00e9 passag\u00e8re ou durable. <\/span><\/p>\n<p><span style=\"font-weight: 400;\">Elle s&#8217;inscrit dans le principe de &#8220;relation d&#8217;aide&#8221; d\u00e9velopp\u00e9 par Carl Rogers.<\/span><\/p>\n<p>&nbsp;<\/p>\n<p>[\/vc_column_text][\/vc_column_inner][\/vc_row_inner][vc_row_inner equal_height=&#8221;yes&#8221; content_placement=&#8221;middle&#8221; css=&#8221;.vc_custom_1560432891397{margin-top: 40px !important;margin-bottom: 40px !important;}&#8221;][vc_column_inner width=&#8221;1\/2&#8243; css=&#8221;.vc_custom_1560432789279{padding-top: 35px !important;padding-right: 35px !important;padding-bottom: 35px !important;padding-left: 35px !important;background-color: #f9f2f6 !important;}&#8221;][vc_column_text css=&#8221;.vc_custom_1608211603405{border-top-width: 3px !important;border-right-width: 3px !important;border-bottom-width: 3px !important;border-left-width: 3px !important;padding-top: 25px !important;padding-right: 25px !important;padding-bottom: 25px !important;padding-left: 25px !important;border-left-color: #ffffff !important;border-left-style: solid !important;border-right-color: #ffffff !important;border-right-style: solid !important;border-top-color: #ffffff !important;border-top-style: solid !important;border-bottom-color: #ffffff !important;border-bottom-style: solid !important;}&#8221;]<span style=\"font-weight: 400;\">L&#8217;\u00e9quicien accompagne la personne dans la relation avec le cheval. Il assure la s\u00e9curit\u00e9 de la personne et du cheval. Ses connaissances en \u00e9thologie \u00e9quine et humaine lui permettent de valoriser le bien-\u00eatre de chacun.<\/span><\/p>\n<p><span style=\"font-weight: 400;\">Le m\u00e9tier d&#8217;\u00e9quicien est reconnu au Registre National des Certifications Professionnelles depuis Janvier 2014. Actuellement, c&#8217;est la seule profession de m\u00e9diation \u00e9quine reconnue en France.<\/span>[\/vc_column_text][\/vc_column_inner][vc_column_inner width=&#8221;1\/2&#8243; css=&#8221;.vc_custom_1608211674988{padding-top: 120px !important;padding-bottom: 120px !important;background-image: url(https:\/\/lesfanonsdulien.com\/wp-content\/uploads\/2020\/12\/IMG_3713-scaled.jpg?id=3502) !important;background-position: center !important;background-repeat: no-repeat !important;background-size: cover !important;}&#8221;][\/vc_column_inner][\/vc_row_inner][vc_row_inner equal_height=&#8221;yes&#8221; content_placement=&#8221;middle&#8221; css=&#8221;.vc_custom_1560432891397{margin-top: 40px !important;margin-bottom: 40px !important;}&#8221;][vc_column_inner width=&#8221;1\/2&#8243; css=&#8221;.vc_custom_1608211797164{padding-top: 120px !important;padding-bottom: 120px !important;background-image: url(https:\/\/lesfanonsdulien.com\/wp-content\/uploads\/2020\/12\/IMG_4222-scaled.jpg?id=3504) !important;background-position: center !important;background-repeat: no-repeat !important;background-size: cover !important;}&#8221;][\/vc_column_inner][vc_column_inner width=&#8221;1\/2&#8243; css=&#8221;.vc_custom_1560432789279{padding-top: 35px !important;padding-right: 35px !important;padding-bottom: 35px !important;padding-left: 35px !important;background-color: #f9f2f6 !important;}&#8221;][vc_column_text css=&#8221;.vc_custom_1608211610957{border-top-width: 3px !important;border-right-width: 3px !important;border-bottom-width: 3px !important;border-left-width: 3px !important;padding-top: 25px !important;padding-right: 25px !important;padding-bottom: 25px !important;padding-left: 25px !important;border-left-color: #ffffff !important;border-left-style: solid !important;border-right-color: #ffffff !important;border-right-style: solid !important;border-top-color: #ffffff !important;border-top-style: solid !important;border-bottom-color: #ffffff !important;border-bottom-style: solid !important;}&#8221;]<span style=\"font-weight: 400;\">Le cheval est un animal dot\u00e9 d&#8217;une grande sensorialit\u00e9 et r\u00e9agit \u00e0 son environnement, notamment \u00e0 nos \u00e9motions et comportements. Chaque individu interagit avec son environnement \u00e0 sa mani\u00e8re en fonction de son histoire, de son temp\u00e9rament et du contexte dans lequel il vit.<\/span><\/p>\n<p><span style=\"font-weight: 400;\">Il poss\u00e8de des fonctions r\u00e9elles et symboliques sur lesquelles l&#8217;\u00e9quicien s&#8217;appuie pour accompagner au mieux la personne. Il a une place de partenaire au sein du triangle de la m\u00e9diation. Il n&#8217;est pas consid\u00e9r\u00e9 comme un outil par l&#8217;\u00e9quicien.<\/span>[\/vc_column_text][\/vc_column_inner][\/vc_row_inner][vc_row_inner equal_height=&#8221;yes&#8221; content_placement=&#8221;middle&#8221; css=&#8221;.vc_custom_1560432891397{margin-top: 40px !important;margin-bottom: 40px !important;}&#8221;][vc_column_inner width=&#8221;1\/2&#8243; css=&#8221;.vc_custom_1560432789279{padding-top: 35px !important;padding-right: 35px !important;padding-bottom: 35px !important;padding-left: 35px !important;background-color: #f9f2f6 !important;}&#8221;][vc_column_text css=&#8221;.vc_custom_1608211621220{border-top-width: 3px !important;border-right-width: 3px !important;border-bottom-width: 3px !important;border-left-width: 3px !important;padding-top: 25px !important;padding-right: 25px !important;padding-bottom: 25px !important;padding-left: 25px !important;border-left-color: #ffffff !important;border-left-style: solid !important;border-right-color: #ffffff !important;border-right-style: solid !important;border-top-color: #ffffff !important;border-top-style: solid !important;border-bottom-color: #ffffff !important;border-bottom-style: solid !important;}&#8221;]<span style=\"font-weight: 400;\">L&#8217;accompagnement se base sur la m\u00e9thodologie de projet de l&#8217;action sociale (loi 2002-2). Pour chaque personne accueillie, l&#8217;\u00e9quicien construit un projet bas\u00e9 sur la demande du prescripteur. Il \u00e9labore une finalit\u00e9 en accord avec la personne et ses accompagnants ainsi que des objectifs concrets et r\u00e9-actualisables.<\/span><\/p>\n<p><span style=\"font-weight: 400;\">La personne accompagn\u00e9e est prise en compte dans son int\u00e9gralit\u00e9. L&#8217;\u00e9quicien construit le projet \u00e0 partir des comp\u00e9tences et des capacit\u00e9s de la personne.<\/span>[\/vc_column_text][\/vc_column_inner][vc_column_inner width=&#8221;1\/2&#8243; css=&#8221;.vc_custom_1608211743036{padding-top: 120px !important;padding-bottom: 120px !important;background-image: url(https:\/\/lesfanonsdulien.com\/wp-content\/uploads\/2020\/12\/3cfb9a_93736f32d48544ffbcdebc2a8c89fb96_mv2_d_5184_3456_s_4_2.webp?id=3465) !important;background-position: center !important;background-repeat: no-repeat !important;background-size: cover !important;}&#8221;][\/vc_column_inner][\/vc_row_inner][\/vc_column][\/vc_row]<\/p>\n","protected":false},"excerpt":{"rendered":"<p>[vc_row full_width=&#8221;stretch_row&#8221; content_placement=&#8221;middle&#8221; css=&#8221;.vc_custom_1608741577173{padding-top: 20px !important;padding-bottom: 120px !important;background-image: url(https:\/\/lesfanonsdulien.com\/wp-content\/uploads\/2020\/12\/IMG_3831_flou-scaled.jpg?id=3694) !important;background-position: center !important;background-repeat: no-repeat !important;background-size: cover !important;}&#8221; el_class=&#8221;slide-pi&#8221;][vc_column][vc_column_text el_class=&#8221;breadcrumb&#8221; css=&#8221;.vc_custom_1608212041046{padding-bottom: 120px !important;}&#8221;] Les Fanons du Lien > \u00c9quicie > Qu&#8217;est ce que l&#8217;\u00e9quicie ? [\/vc_column_text][vc_column_text] Qu&#8217;est ce que l&#8217;\u00e9quicie ? [\/vc_column_text][\/vc_column][\/vc_row][vc_row&#8230;<\/p>\n","protected":false},"author":9,"featured_media":0,"parent":3400,"menu_order":0,"comment_status":"closed","ping_status":"closed","template":"","meta":[],"yoast_head":"<!-- This site is optimized with the Yoast SEO plugin v15.3 - https:\/\/yoast.com\/wordpress\/plugins\/seo\/ -->\n<title>Qu&#039;est ce que l&#039;\u00e9quicie ? - Les Fanons du Lien<\/title>\n<meta name=\"robots\" content=\"index, follow, max-snippet:-1, max-image-preview:large, max-video-preview:-1\" \/>\n<link rel=\"canonical\" href=\"https:\/\/lesfanonsdulien.com\/equicie\/quest-ce-que-lequicie\/\" \/>\n<meta property=\"og:locale\" content=\"en_US\" \/>\n<meta property=\"og:type\" content=\"article\" \/>\n<meta property=\"og:title\" content=\"Qu&#039;est ce que l&#039;\u00e9quicie ?\" \/>\n<meta property=\"og:description\" content=\"[vc_row full_width=&#8221;stretch_row&#8221; content_placement=&#8221;middle&#8221; css=&#8221;.vc_custom_1608741577173{padding-top: 20px !important;padding-bottom: 120px !important;background-image: url(https:\/\/lesfanonsdulien.com\/wp-content\/uploads\/2020\/12\/IMG_3831_flou-scaled.jpg?id=3694) !important;background-position: center !important;background-repeat: no-repeat !important;background-size: cover !important;}&#8221; el_class=&#8221;slide-pi&#8221;][vc_column][vc_column_text el_class=&#8221;breadcrumb&#8221; css=&#8221;.vc_custom_1608212041046{padding-bottom: 120px !important;}&#8221;] Les Fanons du Lien &gt; \u00c9quicie &gt; Qu&#8217;est ce que l&#8217;\u00e9quicie ? [\/vc_column_text][vc_column_text] Qu&#8217;est ce que l&#8217;\u00e9quicie ? [\/vc_column_text][\/vc_column][\/vc_row][vc_row...\" \/>\n<meta property=\"og:url\" content=\"https:\/\/lesfanonsdulien.com\/equicie\/quest-ce-que-lequicie\/\" \/>\n<meta property=\"og:site_name\" content=\"Les Fanons du Lien\" \/>\n<meta property=\"article:modified_time\" content=\"2020-12-23T16:40:04+00:00\" \/>\n<meta name=\"twitter:card\" content=\"summary_large_image\" \/>\n<meta name=\"twitter:label1\" content=\"Written by\">\n\t<meta name=\"twitter:data1\" content=\"Agence Egoprod\">\n\t<meta name=\"twitter:label2\" content=\"Est. reading time\">\n\t<meta name=\"twitter:data2\" content=\"4 minutes\">\n<script type=\"application\/ld+json\" class=\"yoast-schema-graph\">{\"@context\":\"https:\/\/schema.org\",\"@graph\":[{\"@type\":\"WebSite\",\"@id\":\"https:\/\/lesfanonsdulien.com\/#website\",\"url\":\"https:\/\/lesfanonsdulien.com\/\",\"name\":\"Les Fanons du Lien\",\"description\":\"\",\"potentialAction\":[{\"@type\":\"SearchAction\",\"target\":\"https:\/\/lesfanonsdulien.com\/?s={search_term_string}\",\"query-input\":\"required name=search_term_string\"}],\"inLanguage\":\"en-US\"},{\"@type\":\"WebPage\",\"@id\":\"https:\/\/lesfanonsdulien.com\/equicie\/quest-ce-que-lequicie\/#webpage\",\"url\":\"https:\/\/lesfanonsdulien.com\/equicie\/quest-ce-que-lequicie\/\",\"name\":\"[:fr]Qu'est ce que l'\\u00e9quicie ?[:] - Les Fanons du Lien\",\"isPartOf\":{\"@id\":\"https:\/\/lesfanonsdulien.com\/#website\"},\"datePublished\":\"2020-12-16T14:49:34+00:00\",\"dateModified\":\"2020-12-23T16:40:04+00:00\",\"inLanguage\":\"en-US\",\"potentialAction\":[{\"@type\":\"ReadAction\",\"target\":[\"https:\/\/lesfanonsdulien.com\/equicie\/quest-ce-que-lequicie\/\"]}]}]}<\/script>\n<!-- \/ Yoast SEO plugin. -->","_links":{"self":[{"href":"https:\/\/lesfanonsdulien.com\/en\/wp-json\/wp\/v2\/pages\/3402"}],"collection":[{"href":"https:\/\/lesfanonsdulien.com\/en\/wp-json\/wp\/v2\/pages"}],"about":[{"href":"https:\/\/lesfanonsdulien.com\/en\/wp-json\/wp\/v2\/types\/page"}],"author":[{"embeddable":true,"href":"https:\/\/lesfanonsdulien.com\/en\/wp-json\/wp\/v2\/users\/9"}],"replies":[{"embeddable":true,"href":"https:\/\/lesfanonsdulien.com\/en\/wp-json\/wp\/v2\/comments?post=3402"}],"version-history":[{"count":9,"href":"https:\/\/lesfanonsdulien.com\/en\/wp-json\/wp\/v2\/pages\/3402\/revisions"}],"predecessor-version":[{"id":3910,"href":"https:\/\/lesfanonsdulien.com\/en\/wp-json\/wp\/v2\/pages\/3402\/revisions\/3910"}],"up":[{"embeddable":true,"href":"https:\/\/lesfanonsdulien.com\/en\/wp-json\/wp\/v2\/pages\/3400"}],"wp:attachment":[{"href":"https:\/\/lesfanonsdulien.com\/en\/wp-json\/wp\/v2\/media?parent=3402"}],"curies":[{"name":"wp","href":"https:\/\/api.w.org\/{rel}","templated":true}]}}