{"id":3404,"date":"2020-12-16T15:49:54","date_gmt":"2020-12-16T14:49:54","guid":{"rendered":"http:\/\/lesfanonsdulien.fr\/?page_id=3404"},"modified":"2020-12-23T17:47:03","modified_gmt":"2020-12-23T16:47:03","slug":"ateliers","status":"publish","type":"page","link":"https:\/\/lesfanonsdulien.com\/en\/equicie\/les-ateliers\/","title":{"rendered":"Les ateliers"},"content":{"rendered":"<p>[vc_row full_width=&#8221;stretch_row&#8221; content_placement=&#8221;middle&#8221; css=&#8221;.vc_custom_1608232604653{padding-top: 20px !important;padding-bottom: 120px !important;background-image: url(https:\/\/lesfanonsdulien.com\/wp-content\/uploads\/2020\/12\/IMG_5197-scaled.jpg?id=3494) !important;background-position: center !important;background-repeat: no-repeat !important;background-size: cover !important;}&#8221; el_class=&#8221;slide-pi&#8221;][vc_column][vc_column_text el_class=&#8221;breadcrumb&#8221; css=&#8221;.vc_custom_1608231227868{padding-bottom: 120px !important;}&#8221;]<\/p>\n<p style=\"text-align: left;\"><a href=\"\/\">Les Fanions du Lien<\/a> > <a href=\"\/equicie\/\">\u00c9quicie<\/a> > Les ateliers<\/p>\n<p>[\/vc_column_text][vc_column_text]<\/p>\n<h1 style=\"text-align: center;\">Les ateliers<\/h1>\n<p>[\/vc_column_text][\/vc_column][\/vc_row][vc_row el_class=&#8221;listing-besoin&#8221; css=&#8221;.vc_custom_1560433025100{margin-top: 50px !important;}&#8221;][vc_column][vc_row_inner equal_height=&#8221;yes&#8221; content_placement=&#8221;middle&#8221; css=&#8221;.vc_custom_1560432891397{margin-top: 40px !important;margin-bottom: 40px !important;}&#8221;][vc_column_inner width=&#8221;1\/2&#8243; css=&#8221;.vc_custom_1608232629489{padding-top: 120px !important;padding-bottom: 120px !important;background-image: url(https:\/\/lesfanonsdulien.com\/wp-content\/uploads\/2020\/12\/118974658_350435492987079_6924961846997581452_o.jpg?id=3496) !important;background-position: center !important;background-repeat: no-repeat !important;background-size: cover !important;}&#8221;][\/vc_column_inner][vc_column_inner width=&#8221;1\/2&#8243; css=&#8221;.vc_custom_1560432789279{padding-top: 35px !important;padding-right: 35px !important;padding-bottom: 35px !important;padding-left: 35px !important;background-color: #f9f2f6 !important;}&#8221;][vc_column_text css=&#8221;.vc_custom_1608741996996{border-top-width: 3px !important;border-right-width: 3px !important;border-bottom-width: 3px !important;border-left-width: 3px !important;padding-top: 25px !important;padding-right: 25px !important;padding-bottom: 25px !important;padding-left: 25px !important;border-left-color: #ffffff !important;border-left-style: solid !important;border-right-color: #ffffff !important;border-right-style: solid !important;border-top-color: #ffffff !important;border-top-style: solid !important;border-bottom-color: #ffffff !important;border-bottom-style: solid !important;}&#8221;]<span style=\"font-weight: 400;\">L\u2019\u00e9quicien accompagne chaque personne dans son individualit\u00e9. <\/span><\/p>\n<p><span style=\"font-weight: 400;\">L\u2019\u00e9quicie a pour objectif de donner la possibilit\u00e9 \u00e0 la personne de d\u00e9velopper de nouvelles comp\u00e9tences et aptitudes.<\/span><\/p>\n<p><span style=\"font-weight: 400;\">Nous vous proposons des ateliers individuels ou des ateliers collectifs jusqu\u2019\u00e0 4 personnes (groupe).<\/span><\/p>\n<p><span style=\"font-weight: 400;\">Selon la demande du prescripteur, le projet s\u2019articule autour d\u2019une vis\u00e9e soit \u00e9ducative, th\u00e9rapeutique ou de loisirs. <\/span><\/p>\n<p><span style=\"font-weight: 400;\">Ces projets individualis\u00e9s peuvent \u00eatre \u00e9crits en lien avec le projet institutionnel de la personne accueillie.\u00a0<\/span><\/p>\n<p>&nbsp;<\/p>\n<p>&nbsp;<\/p>\n<p>[\/vc_column_text][\/vc_column_inner][\/vc_row_inner][vc_row_inner equal_height=&#8221;yes&#8221; content_placement=&#8221;middle&#8221; css=&#8221;.vc_custom_1560432891397{margin-top: 40px !important;margin-bottom: 40px !important;}&#8221;][vc_column_inner width=&#8221;1\/2&#8243; css=&#8221;.vc_custom_1560432789279{padding-top: 35px !important;padding-right: 35px !important;padding-bottom: 35px !important;padding-left: 35px !important;background-color: #f9f2f6 !important;}&#8221;][vc_column_text css=&#8221;.vc_custom_1608232780475{border-top-width: 3px !important;border-right-width: 3px !important;border-bottom-width: 3px !important;border-left-width: 3px !important;padding-top: 25px !important;padding-right: 25px !important;padding-bottom: 25px !important;padding-left: 25px !important;border-left-color: #ffffff !important;border-left-style: solid !important;border-right-color: #ffffff !important;border-right-style: solid !important;border-top-color: #ffffff !important;border-top-style: solid !important;border-bottom-color: #ffffff !important;border-bottom-style: solid !important;}&#8221;]<\/p>\n<h2><b>La vis\u00e9e \u00e9ducative<\/b><\/h2>\n<p><span style=\"font-weight: 400;\">La demande est \u00e9mise par une \u00e9quipe \u00e9ducative : \u00e9ducateur sp\u00e9cialis\u00e9, moniteur \u00e9ducateur, instituteur, etc\u2026<\/span><\/p>\n<p><span style=\"font-weight: 400;\">Cette vis\u00e9e s\u2019articule autour des apprentissages de la personne.<\/span><\/p>\n<h2><b>La vis\u00e9e th\u00e9rapeutique<\/b><\/h2>\n<p><b>\u200b<\/b><span style=\"font-weight: 400;\">La demande est \u00e9mise par une \u00e9quipe m\u00e9dicale ou param\u00e9dicale : infirmier, psychologue, psychomotricien, m\u00e9decin, etc\u2026<\/span><\/p>\n<p><span style=\"font-weight: 400;\">Cette vis\u00e9e s\u2019articule autour des comportements de la personne.<\/span>[\/vc_column_text][\/vc_column_inner][vc_column_inner width=&#8221;1\/2&#8243; css=&#8221;.vc_custom_1608741658778{padding-top: 120px !important;padding-bottom: 120px !important;background-image: url(https:\/\/lesfanonsdulien.com\/wp-content\/uploads\/2020\/12\/IMG_1105_flou-scaled.jpg?id=3696) !important;background-position: center !important;background-repeat: no-repeat !important;background-size: cover !important;}&#8221;][\/vc_column_inner][\/vc_row_inner][vc_row_inner equal_height=&#8221;yes&#8221; content_placement=&#8221;middle&#8221; css=&#8221;.vc_custom_1560432891397{margin-top: 40px !important;margin-bottom: 40px !important;}&#8221;][vc_column_inner width=&#8221;1\/2&#8243; css=&#8221;.vc_custom_1608232710705{padding-top: 120px !important;padding-bottom: 120px !important;background-image: url(https:\/\/lesfanonsdulien.com\/wp-content\/uploads\/2020\/12\/IMG_0903-scaled.jpg?id=3499) !important;background-position: center !important;background-repeat: no-repeat !important;background-size: cover !important;}&#8221;][\/vc_column_inner][vc_column_inner width=&#8221;1\/2&#8243; css=&#8221;.vc_custom_1560432789279{padding-top: 35px !important;padding-right: 35px !important;padding-bottom: 35px !important;padding-left: 35px !important;background-color: #f9f2f6 !important;}&#8221;][vc_column_text css=&#8221;.vc_custom_1608232789313{border-top-width: 3px !important;border-right-width: 3px !important;border-bottom-width: 3px !important;border-left-width: 3px !important;padding-top: 25px !important;padding-right: 25px !important;padding-bottom: 25px !important;padding-left: 25px !important;border-left-color: #ffffff !important;border-left-style: solid !important;border-right-color: #ffffff !important;border-right-style: solid !important;border-top-color: #ffffff !important;border-top-style: solid !important;border-bottom-color: #ffffff !important;border-bottom-style: solid !important;}&#8221;]<\/p>\n<h2><b>La vis\u00e9e de loisirs<\/b><\/h2>\n<p><span style=\"font-weight: 400;\"> La demande est faite par la famille ou par la personne elle-m\u00eame.<\/span><\/p>\n<p><span style=\"font-weight: 400;\">La finalit\u00e9 de cette vis\u00e9e est de prendre du plaisir avec un autre, de rencontrer le cheval autrement et de cr\u00e9er une relation positive avec lui.<\/span><\/p>\n<p><span style=\"font-weight: 400;\">Les ateliers individuels durent 1h. Les ateliers collectifs durent 1h30 dont 1h est consacr\u00e9e \u00e0 la relation avec le cheval et une demi-heure aux personnes accueillies afin qu&#8217;elles puissent s&#8217;exprimer, \u00e0 leur mani\u00e8re sur la s\u00e9ance. Ce temps d&#8217;\u00e9change permet de faire le lien entre le projet de la personne et l&#8217;atelier.\u00a0<\/span>[\/vc_column_text][\/vc_column_inner][\/vc_row_inner][vc_row_inner equal_height=&#8221;yes&#8221; content_placement=&#8221;middle&#8221; css=&#8221;.vc_custom_1560432891397{margin-top: 40px !important;margin-bottom: 40px !important;}&#8221;][vc_column_inner width=&#8221;1\/2&#8243; css=&#8221;.vc_custom_1560432789279{padding-top: 35px !important;padding-right: 35px !important;padding-bottom: 35px !important;padding-left: 35px !important;background-color: #f9f2f6 !important;}&#8221;][vc_column_text css=&#8221;.vc_custom_1608232489619{border-top-width: 3px !important;border-right-width: 3px !important;border-bottom-width: 3px !important;border-left-width: 3px !important;padding-top: 25px !important;padding-right: 25px !important;padding-bottom: 25px !important;padding-left: 25px !important;border-left-color: #ffffff !important;border-left-style: solid !important;border-right-color: #ffffff !important;border-right-style: solid !important;border-top-color: #ffffff !important;border-top-style: solid !important;border-bottom-color: #ffffff !important;border-bottom-style: solid !important;}&#8221;]<span style=\"font-weight: 400;\">Pour mettre en place le projet de chaque personne, nous effectuons un \u00e9tat des lieux avec l\u2019\u00e9quid\u00e9 pour ensuite choisir une finalit\u00e9 et des objectifs. Afin de valider chaque objectif, nous r\u00e9alisons des \u00e9valuations au cours de la p\u00e9riode d\u2019accompagnement. Ces \u00e9valuations se basent sur des crit\u00e8res observables.<\/span><\/p>\n<p><span style=\"font-weight: 400;\">Plusieurs moyens peuvent \u00eatre mis en place\u00a0:<\/span><\/p>\n<ul>\n<li style=\"font-weight: 400;\" aria-level=\"1\"><span style=\"font-weight: 400;\">Longe courte<\/span><\/li>\n<li style=\"font-weight: 400;\" aria-level=\"1\"><span style=\"font-weight: 400;\">Longe longue<\/span><\/li>\n<li style=\"font-weight: 400;\" aria-level=\"1\"><span style=\"font-weight: 400;\">Libert\u00e9<\/span><\/li>\n<li style=\"font-weight: 400;\" aria-level=\"1\"><span style=\"font-weight: 400;\">Voltige<\/span><\/li>\n<li style=\"font-weight: 400;\" aria-level=\"1\"><span style=\"font-weight: 400;\">Observations des chevaux dans leur milieu de vie<\/span><\/li>\n<li style=\"font-weight: 400;\" aria-level=\"1\"><span style=\"font-weight: 400;\">Mise \u00e0 cheval<\/span><\/li>\n<li style=\"font-weight: 400;\" aria-level=\"1\"><span style=\"font-weight: 400;\">Pansage<\/span><\/li>\n<li style=\"font-weight: 400;\" aria-level=\"1\"><span style=\"font-weight: 400;\">Soins<\/span><\/li>\n<\/ul>\n<p><i><span style=\"font-weight: 400;\">&#8220;Monter \u00e0 cheval n&#8217;est ni une obligation, ni une finalit\u00e9&#8221;<\/span><\/i>[\/vc_column_text][\/vc_column_inner][vc_column_inner width=&#8221;1\/2&#8243; css=&#8221;.vc_custom_1608741704641{padding-top: 120px !important;padding-bottom: 120px !important;background-image: url(https:\/\/lesfanonsdulien.com\/wp-content\/uploads\/2020\/12\/IMG_0201_flou-scaled.jpg?id=3697) !important;background-position: center !important;background-repeat: no-repeat !important;background-size: cover !important;}&#8221;][\/vc_column_inner][\/vc_row_inner][\/vc_column][\/vc_row]<\/p>\n","protected":false},"excerpt":{"rendered":"<p>[vc_row full_width=&#8221;stretch_row&#8221; content_placement=&#8221;middle&#8221; css=&#8221;.vc_custom_1608232604653{padding-top: 20px !important;padding-bottom: 120px !important;background-image: url(https:\/\/lesfanonsdulien.com\/wp-content\/uploads\/2020\/12\/IMG_5197-scaled.jpg?id=3494) !important;background-position: center !important;background-repeat: no-repeat !important;background-size: cover !important;}&#8221; el_class=&#8221;slide-pi&#8221;][vc_column][vc_column_text el_class=&#8221;breadcrumb&#8221; css=&#8221;.vc_custom_1608231227868{padding-bottom: 120px !important;}&#8221;] Les Fanions du Lien > \u00c9quicie > Les ateliers [\/vc_column_text][vc_column_text] Les ateliers [\/vc_column_text][\/vc_column][\/vc_row][vc_row el_class=&#8221;listing-besoin&#8221; css=&#8221;.vc_custom_1560433025100{margin-top: 50px !important;}&#8221;][vc_column][vc_row_inner equal_height=&#8221;yes&#8221; content_placement=&#8221;middle&#8221;&#8230;<\/p>\n","protected":false},"author":9,"featured_media":0,"parent":3400,"menu_order":0,"comment_status":"closed","ping_status":"closed","template":"","meta":[],"yoast_head":"<!-- This site is optimized with the Yoast SEO plugin v15.3 - https:\/\/yoast.com\/wordpress\/plugins\/seo\/ -->\n<title>Les ateliers - Les Fanons du Lien<\/title>\n<meta name=\"robots\" content=\"index, follow, max-snippet:-1, max-image-preview:large, max-video-preview:-1\" \/>\n<link rel=\"canonical\" href=\"https:\/\/lesfanonsdulien.com\/equicie\/les-ateliers\/\" \/>\n<meta property=\"og:locale\" content=\"en_US\" \/>\n<meta property=\"og:type\" content=\"article\" \/>\n<meta property=\"og:title\" content=\"Les ateliers\" \/>\n<meta property=\"og:description\" content=\"[vc_row full_width=&#8221;stretch_row&#8221; content_placement=&#8221;middle&#8221; css=&#8221;.vc_custom_1608232604653{padding-top: 20px !important;padding-bottom: 120px !important;background-image: url(https:\/\/lesfanonsdulien.com\/wp-content\/uploads\/2020\/12\/IMG_5197-scaled.jpg?id=3494) !important;background-position: center !important;background-repeat: no-repeat !important;background-size: cover !important;}&#8221; el_class=&#8221;slide-pi&#8221;][vc_column][vc_column_text el_class=&#8221;breadcrumb&#8221; css=&#8221;.vc_custom_1608231227868{padding-bottom: 120px !important;}&#8221;] Les Fanions du Lien &gt; \u00c9quicie &gt; Les ateliers [\/vc_column_text][vc_column_text] Les ateliers [\/vc_column_text][\/vc_column][\/vc_row][vc_row el_class=&#8221;listing-besoin&#8221; css=&#8221;.vc_custom_1560433025100{margin-top: 50px !important;}&#8221;][vc_column][vc_row_inner equal_height=&#8221;yes&#8221; content_placement=&#8221;middle&#8221;...\" \/>\n<meta property=\"og:url\" content=\"https:\/\/lesfanonsdulien.com\/equicie\/les-ateliers\/\" \/>\n<meta property=\"og:site_name\" content=\"Les Fanons du Lien\" \/>\n<meta property=\"article:modified_time\" content=\"2020-12-23T16:47:03+00:00\" \/>\n<meta name=\"twitter:card\" content=\"summary_large_image\" \/>\n<meta name=\"twitter:label1\" content=\"Written by\">\n\t<meta name=\"twitter:data1\" content=\"Agence Egoprod\">\n\t<meta name=\"twitter:label2\" content=\"Est. reading time\">\n\t<meta name=\"twitter:data2\" content=\"4 minutes\">\n<script type=\"application\/ld+json\" class=\"yoast-schema-graph\">{\"@context\":\"https:\/\/schema.org\",\"@graph\":[{\"@type\":\"WebSite\",\"@id\":\"https:\/\/lesfanonsdulien.com\/#website\",\"url\":\"https:\/\/lesfanonsdulien.com\/\",\"name\":\"Les Fanons du Lien\",\"description\":\"\",\"potentialAction\":[{\"@type\":\"SearchAction\",\"target\":\"https:\/\/lesfanonsdulien.com\/?s={search_term_string}\",\"query-input\":\"required name=search_term_string\"}],\"inLanguage\":\"en-US\"},{\"@type\":\"WebPage\",\"@id\":\"https:\/\/lesfanonsdulien.com\/equicie\/les-ateliers\/#webpage\",\"url\":\"https:\/\/lesfanonsdulien.com\/equicie\/les-ateliers\/\",\"name\":\"[:fr]Les ateliers[:] - Les Fanons du Lien\",\"isPartOf\":{\"@id\":\"https:\/\/lesfanonsdulien.com\/#website\"},\"datePublished\":\"2020-12-16T14:49:54+00:00\",\"dateModified\":\"2020-12-23T16:47:03+00:00\",\"inLanguage\":\"en-US\",\"potentialAction\":[{\"@type\":\"ReadAction\",\"target\":[\"https:\/\/lesfanonsdulien.com\/equicie\/les-ateliers\/\"]}]}]}<\/script>\n<!-- \/ Yoast SEO plugin. -->","_links":{"self":[{"href":"https:\/\/lesfanonsdulien.com\/en\/wp-json\/wp\/v2\/pages\/3404"}],"collection":[{"href":"https:\/\/lesfanonsdulien.com\/en\/wp-json\/wp\/v2\/pages"}],"about":[{"href":"https:\/\/lesfanonsdulien.com\/en\/wp-json\/wp\/v2\/types\/page"}],"author":[{"embeddable":true,"href":"https:\/\/lesfanonsdulien.com\/en\/wp-json\/wp\/v2\/users\/9"}],"replies":[{"embeddable":true,"href":"https:\/\/lesfanonsdulien.com\/en\/wp-json\/wp\/v2\/comments?post=3404"}],"version-history":[{"count":7,"href":"https:\/\/lesfanonsdulien.com\/en\/wp-json\/wp\/v2\/pages\/3404\/revisions"}],"predecessor-version":[{"id":3700,"href":"https:\/\/lesfanonsdulien.com\/en\/wp-json\/wp\/v2\/pages\/3404\/revisions\/3700"}],"up":[{"embeddable":true,"href":"https:\/\/lesfanonsdulien.com\/en\/wp-json\/wp\/v2\/pages\/3400"}],"wp:attachment":[{"href":"https:\/\/lesfanonsdulien.com\/en\/wp-json\/wp\/v2\/media?parent=3404"}],"curies":[{"name":"wp","href":"https:\/\/api.w.org\/{rel}","templated":true}]}}