{"id":3432,"date":"2020-12-16T16:08:57","date_gmt":"2020-12-16T15:08:57","guid":{"rendered":"http:\/\/lesfanonsdulien.fr\/?page_id=3432"},"modified":"2020-12-17T21:39:27","modified_gmt":"2020-12-17T20:39:27","slug":"notre-philosophie","status":"publish","type":"page","link":"https:\/\/lesfanonsdulien.com\/en\/presentation\/notre-philosophie\/","title":{"rendered":"Notre philosophie"},"content":{"rendered":"<p>[vc_row full_width=&#8221;stretch_row&#8221; content_placement=&#8221;middle&#8221; css=&#8221;.vc_custom_1608237213214{padding-top: 20px !important;padding-bottom: 120px !important;background-image: url(https:\/\/lesfanonsdulien.com\/wp-content\/uploads\/2020\/12\/Notre-Philosophie-scaled.jpeg?id=3505) !important;background-position: center !important;background-repeat: no-repeat !important;background-size: cover !important;}&#8221; el_class=&#8221;slide-pi&#8221;][vc_column][vc_column_text el_class=&#8221;breadcrumb&#8221; css=&#8221;.vc_custom_1608237191747{padding-bottom: 120px !important;}&#8221;]<\/p>\n<p style=\"text-align: left;\"><a href=\"\/\">Les Fanons du Lien<\/a> > <a href=\"\/presentation\/\" class=\"broken_link\">Pr\u00e9sentation<\/a> > Notre philosophie<\/p>\n<p>[\/vc_column_text][vc_column_text]<\/p>\n<h1 style=\"text-align: center;\">Notre philosophie<\/h1>\n<p>[\/vc_column_text][\/vc_column][\/vc_row][vc_row el_class=&#8221;listing-besoin&#8221; css=&#8221;.vc_custom_1560433025100{margin-top: 50px !important;}&#8221;][vc_column][vc_row_inner equal_height=&#8221;yes&#8221; content_placement=&#8221;middle&#8221; css=&#8221;.vc_custom_1560432891397{margin-top: 40px !important;margin-bottom: 40px !important;}&#8221;][vc_column_inner width=&#8221;1\/2&#8243; css=&#8221;.vc_custom_1608237534128{padding-top: 120px !important;padding-bottom: 120px !important;background-image: url(https:\/\/lesfanonsdulien.com\/wp-content\/uploads\/2020\/12\/IMG_2254-scaled.jpg?id=3489) !important;background-position: center !important;background-repeat: no-repeat !important;background-size: cover !important;}&#8221;][\/vc_column_inner][vc_column_inner width=&#8221;1\/2&#8243; css=&#8221;.vc_custom_1560432789279{padding-top: 35px !important;padding-right: 35px !important;padding-bottom: 35px !important;padding-left: 35px !important;background-color: #f9f2f6 !important;}&#8221;][vc_column_text css=&#8221;.vc_custom_1608237246689{border-top-width: 3px !important;border-right-width: 3px !important;border-bottom-width: 3px !important;border-left-width: 3px !important;padding-top: 25px !important;padding-right: 25px !important;padding-bottom: 25px !important;padding-left: 25px !important;border-left-color: #ffffff !important;border-left-style: solid !important;border-right-color: #ffffff !important;border-right-style: solid !important;border-top-color: #ffffff !important;border-top-style: solid !important;border-bottom-color: #ffffff !important;border-bottom-style: solid !important;}&#8221;]<span style=\"font-weight: 400;\">L&#8217;important pour nous, d&#8217;autant plus en \u00e9tant \u00e9quiciennes, est de respecter l&#8217;int\u00e9grit\u00e9 et l&#8217;individualit\u00e9 de chaque \u00eatre vivant. Chaque individu est unique, \u00e0 ses propres capacit\u00e9s, comp\u00e9tences, son temp\u00e9rament, son histoire&#8230; Selon nous, il est primordial que les personnes et les \u00e9quid\u00e9s soient acteurs de chaque situation. Nous mettons un point d\u2019honneur \u00e0 proposer un lieu o\u00f9 chacun, \u00e9quid\u00e9 et personne, trouvera sa place et des conditions qui lui sont favorables.<\/span><\/p>\n<p><span style=\"font-weight: 400;\">Notre formation d\u2019\u00e9quicien, nous a permis d\u2019acqu\u00e9rir des connaissances en \u00e9thologie \u00e9quine que nous appliquons au quotidien afin que nos chevaux et les v\u00f4tres vivent au plus proche des conditions naturelles.<\/span>[\/vc_column_text][\/vc_column_inner][\/vc_row_inner][vc_row_inner equal_height=&#8221;yes&#8221; content_placement=&#8221;middle&#8221; css=&#8221;.vc_custom_1560432891397{margin-top: 40px !important;margin-bottom: 40px !important;}&#8221;][vc_column_inner width=&#8221;1\/2&#8243; css=&#8221;.vc_custom_1560432789279{padding-top: 35px !important;padding-right: 35px !important;padding-bottom: 35px !important;padding-left: 35px !important;background-color: #f9f2f6 !important;}&#8221;][vc_column_text css=&#8221;.vc_custom_1608237259657{border-top-width: 3px !important;border-right-width: 3px !important;border-bottom-width: 3px !important;border-left-width: 3px !important;padding-top: 25px !important;padding-right: 25px !important;padding-bottom: 25px !important;padding-left: 25px !important;border-left-color: #ffffff !important;border-left-style: solid !important;border-right-color: #ffffff !important;border-right-style: solid !important;border-top-color: #ffffff !important;border-top-style: solid !important;border-bottom-color: #ffffff !important;border-bottom-style: solid !important;}&#8221;]<span style=\"font-weight: 400;\">Nous mettons un point d&#8217;honneur \u00e0 veiller au bien-\u00eatre des \u00e9quid\u00e9s qui croisent notre route et aux personnes que l&#8217;on accompagne. La communication verbale et non verbale est un \u00e9l\u00e9ment cl\u00e9 qui nous permet de nous approcher au mieux des messages envoy\u00e9s par chaque \u00eatre vivant. Par cette voie, nous sommes convaincues que l&#8217;on peut aider chacun \u00e0 s&#8217;\u00e9panouir dans sa vie, que cet individu soit animal ou humain.<\/span>[\/vc_column_text][\/vc_column_inner][vc_column_inner width=&#8221;1\/2&#8243; css=&#8221;.vc_custom_1608237550416{padding-top: 120px !important;padding-bottom: 120px !important;background-image: url(https:\/\/lesfanonsdulien.com\/wp-content\/uploads\/2020\/12\/IMG_8862-scaled.jpg?id=3495) !important;background-position: center !important;background-repeat: no-repeat !important;background-size: cover !important;}&#8221;][\/vc_column_inner][\/vc_row_inner][\/vc_column][\/vc_row]<\/p>\n","protected":false},"excerpt":{"rendered":"<p>[vc_row full_width=&#8221;stretch_row&#8221; content_placement=&#8221;middle&#8221; css=&#8221;.vc_custom_1608237213214{padding-top: 20px !important;padding-bottom: 120px !important;background-image: url(https:\/\/lesfanonsdulien.com\/wp-content\/uploads\/2020\/12\/Notre-Philosophie-scaled.jpeg?id=3505) !important;background-position: center !important;background-repeat: no-repeat !important;background-size: cover !important;}&#8221; el_class=&#8221;slide-pi&#8221;][vc_column][vc_column_text el_class=&#8221;breadcrumb&#8221; css=&#8221;.vc_custom_1608237191747{padding-bottom: 120px !important;}&#8221;] Les Fanons du Lien > Pr\u00e9sentation > Notre philosophie [\/vc_column_text][vc_column_text] Notre philosophie [\/vc_column_text][\/vc_column][\/vc_row][vc_row el_class=&#8221;listing-besoin&#8221; css=&#8221;.vc_custom_1560433025100{margin-top: 50px !important;}&#8221;][vc_column][vc_row_inner equal_height=&#8221;yes&#8221; content_placement=&#8221;middle&#8221;&#8230;<\/p>\n","protected":false},"author":9,"featured_media":0,"parent":0,"menu_order":0,"comment_status":"closed","ping_status":"closed","template":"","meta":[],"yoast_head":"<!-- This site is optimized with the Yoast SEO plugin v15.3 - https:\/\/yoast.com\/wordpress\/plugins\/seo\/ -->\n<title>Notre philosophie - Les Fanons du Lien<\/title>\n<meta name=\"robots\" content=\"index, follow, max-snippet:-1, max-image-preview:large, max-video-preview:-1\" \/>\n<link rel=\"canonical\" href=\"https:\/\/lesfanonsdulien.com\/presentation\/notre-philosophie\/\" \/>\n<meta property=\"og:locale\" content=\"en_US\" \/>\n<meta property=\"og:type\" content=\"article\" \/>\n<meta property=\"og:title\" content=\"Notre philosophie\" \/>\n<meta property=\"og:description\" content=\"[vc_row full_width=&#8221;stretch_row&#8221; content_placement=&#8221;middle&#8221; css=&#8221;.vc_custom_1608237213214{padding-top: 20px !important;padding-bottom: 120px !important;background-image: url(https:\/\/lesfanonsdulien.com\/wp-content\/uploads\/2020\/12\/Notre-Philosophie-scaled.jpeg?id=3505) !important;background-position: center !important;background-repeat: no-repeat !important;background-size: cover !important;}&#8221; el_class=&#8221;slide-pi&#8221;][vc_column][vc_column_text el_class=&#8221;breadcrumb&#8221; css=&#8221;.vc_custom_1608237191747{padding-bottom: 120px !important;}&#8221;] Les Fanons du Lien &gt; Pr\u00e9sentation &gt; Notre philosophie [\/vc_column_text][vc_column_text] Notre philosophie [\/vc_column_text][\/vc_column][\/vc_row][vc_row el_class=&#8221;listing-besoin&#8221; css=&#8221;.vc_custom_1560433025100{margin-top: 50px !important;}&#8221;][vc_column][vc_row_inner equal_height=&#8221;yes&#8221; content_placement=&#8221;middle&#8221;...\" \/>\n<meta property=\"og:url\" content=\"https:\/\/lesfanonsdulien.com\/presentation\/notre-philosophie\/\" \/>\n<meta property=\"og:site_name\" content=\"Les Fanons du Lien\" \/>\n<meta property=\"article:modified_time\" content=\"2020-12-17T20:39:27+00:00\" \/>\n<meta name=\"twitter:card\" content=\"summary_large_image\" \/>\n<meta name=\"twitter:label1\" content=\"Written by\">\n\t<meta name=\"twitter:data1\" content=\"Agence Egoprod\">\n\t<meta name=\"twitter:label2\" content=\"Est. reading time\">\n\t<meta name=\"twitter:data2\" content=\"2 minutes\">\n<script type=\"application\/ld+json\" class=\"yoast-schema-graph\">{\"@context\":\"https:\/\/schema.org\",\"@graph\":[{\"@type\":\"WebSite\",\"@id\":\"https:\/\/lesfanonsdulien.com\/#website\",\"url\":\"https:\/\/lesfanonsdulien.com\/\",\"name\":\"Les Fanons du Lien\",\"description\":\"\",\"potentialAction\":[{\"@type\":\"SearchAction\",\"target\":\"https:\/\/lesfanonsdulien.com\/?s={search_term_string}\",\"query-input\":\"required name=search_term_string\"}],\"inLanguage\":\"en-US\"},{\"@type\":\"WebPage\",\"@id\":\"https:\/\/lesfanonsdulien.com\/presentation\/notre-philosophie\/#webpage\",\"url\":\"https:\/\/lesfanonsdulien.com\/presentation\/notre-philosophie\/\",\"name\":\"[:fr]Notre philosophie[:] - Les Fanons du Lien\",\"isPartOf\":{\"@id\":\"https:\/\/lesfanonsdulien.com\/#website\"},\"datePublished\":\"2020-12-16T15:08:57+00:00\",\"dateModified\":\"2020-12-17T20:39:27+00:00\",\"inLanguage\":\"en-US\",\"potentialAction\":[{\"@type\":\"ReadAction\",\"target\":[\"https:\/\/lesfanonsdulien.com\/presentation\/notre-philosophie\/\"]}]}]}<\/script>\n<!-- \/ Yoast SEO plugin. -->","_links":{"self":[{"href":"https:\/\/lesfanonsdulien.com\/en\/wp-json\/wp\/v2\/pages\/3432"}],"collection":[{"href":"https:\/\/lesfanonsdulien.com\/en\/wp-json\/wp\/v2\/pages"}],"about":[{"href":"https:\/\/lesfanonsdulien.com\/en\/wp-json\/wp\/v2\/types\/page"}],"author":[{"embeddable":true,"href":"https:\/\/lesfanonsdulien.com\/en\/wp-json\/wp\/v2\/users\/9"}],"replies":[{"embeddable":true,"href":"https:\/\/lesfanonsdulien.com\/en\/wp-json\/wp\/v2\/comments?post=3432"}],"version-history":[{"count":6,"href":"https:\/\/lesfanonsdulien.com\/en\/wp-json\/wp\/v2\/pages\/3432\/revisions"}],"predecessor-version":[{"id":3620,"href":"https:\/\/lesfanonsdulien.com\/en\/wp-json\/wp\/v2\/pages\/3432\/revisions\/3620"}],"wp:attachment":[{"href":"https:\/\/lesfanonsdulien.com\/en\/wp-json\/wp\/v2\/media?parent=3432"}],"curies":[{"name":"wp","href":"https:\/\/api.w.org\/{rel}","templated":true}]}}