{"id":3435,"date":"2020-12-16T16:10:22","date_gmt":"2020-12-16T15:10:22","guid":{"rendered":"http:\/\/lesfanonsdulien.fr\/?page_id=3435"},"modified":"2020-12-17T20:29:29","modified_gmt":"2020-12-17T19:29:29","slug":"pour-qui","status":"publish","type":"page","link":"https:\/\/lesfanonsdulien.com\/en\/equicie\/pour-qui\/","title":{"rendered":"Pour qui ?"},"content":{"rendered":"<p>[vc_row full_width=&#8221;stretch_row&#8221; content_placement=&#8221;middle&#8221; css=&#8221;.vc_custom_1608233313842{padding-top: 20px !important;padding-bottom: 120px !important;background-image: url(https:\/\/lesfanonsdulien.com\/wp-content\/uploads\/2020\/12\/IMG_5880-scaled.jpg?id=3486) !important;background-position: center !important;background-repeat: no-repeat !important;background-size: cover !important;}&#8221; el_class=&#8221;slide-pi&#8221;][vc_column][vc_column_text el_class=&#8221;breadcrumb&#8221; css=&#8221;.vc_custom_1608233120019{padding-bottom: 120px !important;}&#8221;]<\/p>\n<p style=\"text-align: left;\"><a href=\"\/\">Les Fanons du Lien<\/a> > <a href=\"\/equicie\/\">\u00c9quicie<\/a> > Pour qui ?<\/p>\n<p>[\/vc_column_text][vc_column_text]<\/p>\n<h1 style=\"text-align: center;\">Pour qui ?<\/h1>\n<p>[\/vc_column_text][\/vc_column][\/vc_row][vc_row el_class=&#8221;listing-besoin&#8221; css=&#8221;.vc_custom_1560433025100{margin-top: 50px !important;}&#8221;][vc_column][vc_row_inner equal_height=&#8221;yes&#8221; content_placement=&#8221;middle&#8221; css=&#8221;.vc_custom_1560432891397{margin-top: 40px !important;margin-bottom: 40px !important;}&#8221;][vc_column_inner width=&#8221;1\/2&#8243; css=&#8221;.vc_custom_1608233263716{padding-top: 120px !important;padding-bottom: 120px !important;background-image: url(https:\/\/lesfanonsdulien.com\/wp-content\/uploads\/2020\/12\/IMG_2275_JPG.webp?id=3475) !important;background-position: center !important;background-repeat: no-repeat !important;background-size: cover !important;}&#8221;][\/vc_column_inner][vc_column_inner width=&#8221;1\/2&#8243; css=&#8221;.vc_custom_1560432789279{padding-top: 35px !important;padding-right: 35px !important;padding-bottom: 35px !important;padding-left: 35px !important;background-color: #f9f2f6 !important;}&#8221;][vc_column_text css=&#8221;.vc_custom_1608233352388{border-top-width: 3px !important;border-right-width: 3px !important;border-bottom-width: 3px !important;border-left-width: 3px !important;padding-top: 25px !important;padding-right: 25px !important;padding-bottom: 25px !important;padding-left: 25px !important;border-left-color: #ffffff !important;border-left-style: solid !important;border-right-color: #ffffff !important;border-right-style: solid !important;border-top-color: #ffffff !important;border-top-style: solid !important;border-bottom-color: #ffffff !important;border-bottom-style: solid !important;}&#8221;]<span style=\"font-weight: 400;\">Pour toute personne en situation de handicap (moteur, sensoriel, intellectuel, social et psychique), de polyhandicap, en difficult\u00e9, en souffrance durable ou passag\u00e8re. Mais \u00e9galement, pour ceux en recherche de mieux-\u00eatre ou de d\u00e9veloppement personnel.<\/span><\/p>\n<p><span style=\"font-weight: 400;\">Particuliers\u00a0: famille, enfants comme adulte<\/span><\/p>\n<p><span style=\"font-weight: 400;\">Institutions\u00a0: m\u00e9dico-sociales, m\u00e9dicales, m\u00e9dico-psychologiques, services sociaux\u2026 <\/span>[\/vc_column_text][\/vc_column_inner][\/vc_row_inner][\/vc_column][\/vc_row]<\/p>\n","protected":false},"excerpt":{"rendered":"<p>[vc_row full_width=&#8221;stretch_row&#8221; content_placement=&#8221;middle&#8221; css=&#8221;.vc_custom_1608233313842{padding-top: 20px !important;padding-bottom: 120px !important;background-image: url(https:\/\/lesfanonsdulien.com\/wp-content\/uploads\/2020\/12\/IMG_5880-scaled.jpg?id=3486) !important;background-position: center !important;background-repeat: no-repeat !important;background-size: cover !important;}&#8221; el_class=&#8221;slide-pi&#8221;][vc_column][vc_column_text el_class=&#8221;breadcrumb&#8221; css=&#8221;.vc_custom_1608233120019{padding-bottom: 120px !important;}&#8221;] Les Fanons du Lien > \u00c9quicie > Pour qui ? [\/vc_column_text][vc_column_text] Pour qui ? [\/vc_column_text][\/vc_column][\/vc_row][vc_row el_class=&#8221;listing-besoin&#8221; css=&#8221;.vc_custom_1560433025100{margin-top: 50px !important;}&#8221;][vc_column][vc_row_inner&#8230;<\/p>\n","protected":false},"author":9,"featured_media":0,"parent":3400,"menu_order":0,"comment_status":"closed","ping_status":"closed","template":"","meta":[],"yoast_head":"<!-- This site is optimized with the Yoast SEO plugin v15.3 - https:\/\/yoast.com\/wordpress\/plugins\/seo\/ -->\n<title>Pour qui ? - Les Fanons du Lien<\/title>\n<meta name=\"robots\" content=\"index, follow, max-snippet:-1, max-image-preview:large, max-video-preview:-1\" \/>\n<link rel=\"canonical\" href=\"https:\/\/lesfanonsdulien.com\/equicie\/pour-qui\/\" \/>\n<meta property=\"og:locale\" content=\"en_US\" \/>\n<meta property=\"og:type\" content=\"article\" \/>\n<meta property=\"og:title\" content=\"Pour qui ?\" \/>\n<meta property=\"og:description\" content=\"[vc_row full_width=&#8221;stretch_row&#8221; content_placement=&#8221;middle&#8221; css=&#8221;.vc_custom_1608233313842{padding-top: 20px !important;padding-bottom: 120px !important;background-image: url(https:\/\/lesfanonsdulien.com\/wp-content\/uploads\/2020\/12\/IMG_5880-scaled.jpg?id=3486) !important;background-position: center !important;background-repeat: no-repeat !important;background-size: cover !important;}&#8221; el_class=&#8221;slide-pi&#8221;][vc_column][vc_column_text el_class=&#8221;breadcrumb&#8221; css=&#8221;.vc_custom_1608233120019{padding-bottom: 120px !important;}&#8221;] Les Fanons du Lien &gt; \u00c9quicie &gt; Pour qui ? [\/vc_column_text][vc_column_text] Pour qui ? [\/vc_column_text][\/vc_column][\/vc_row][vc_row el_class=&#8221;listing-besoin&#8221; css=&#8221;.vc_custom_1560433025100{margin-top: 50px !important;}&#8221;][vc_column][vc_row_inner...\" \/>\n<meta property=\"og:url\" content=\"https:\/\/lesfanonsdulien.com\/equicie\/pour-qui\/\" \/>\n<meta property=\"og:site_name\" content=\"Les Fanons du Lien\" \/>\n<meta property=\"article:modified_time\" content=\"2020-12-17T19:29:29+00:00\" \/>\n<meta name=\"twitter:card\" content=\"summary_large_image\" \/>\n<meta name=\"twitter:label1\" content=\"Written by\">\n\t<meta name=\"twitter:data1\" content=\"Agence Egoprod\">\n\t<meta name=\"twitter:label2\" content=\"Est. reading time\">\n\t<meta name=\"twitter:data2\" content=\"1 minute\">\n<script type=\"application\/ld+json\" class=\"yoast-schema-graph\">{\"@context\":\"https:\/\/schema.org\",\"@graph\":[{\"@type\":\"WebSite\",\"@id\":\"https:\/\/lesfanonsdulien.com\/#website\",\"url\":\"https:\/\/lesfanonsdulien.com\/\",\"name\":\"Les Fanons du Lien\",\"description\":\"\",\"potentialAction\":[{\"@type\":\"SearchAction\",\"target\":\"https:\/\/lesfanonsdulien.com\/?s={search_term_string}\",\"query-input\":\"required name=search_term_string\"}],\"inLanguage\":\"en-US\"},{\"@type\":\"WebPage\",\"@id\":\"https:\/\/lesfanonsdulien.com\/equicie\/pour-qui\/#webpage\",\"url\":\"https:\/\/lesfanonsdulien.com\/equicie\/pour-qui\/\",\"name\":\"[:fr]Pour qui ?[:] - Les Fanons du Lien\",\"isPartOf\":{\"@id\":\"https:\/\/lesfanonsdulien.com\/#website\"},\"datePublished\":\"2020-12-16T15:10:22+00:00\",\"dateModified\":\"2020-12-17T19:29:29+00:00\",\"inLanguage\":\"en-US\",\"potentialAction\":[{\"@type\":\"ReadAction\",\"target\":[\"https:\/\/lesfanonsdulien.com\/equicie\/pour-qui\/\"]}]}]}<\/script>\n<!-- \/ Yoast SEO plugin. -->","_links":{"self":[{"href":"https:\/\/lesfanonsdulien.com\/en\/wp-json\/wp\/v2\/pages\/3435"}],"collection":[{"href":"https:\/\/lesfanonsdulien.com\/en\/wp-json\/wp\/v2\/pages"}],"about":[{"href":"https:\/\/lesfanonsdulien.com\/en\/wp-json\/wp\/v2\/types\/page"}],"author":[{"embeddable":true,"href":"https:\/\/lesfanonsdulien.com\/en\/wp-json\/wp\/v2\/users\/9"}],"replies":[{"embeddable":true,"href":"https:\/\/lesfanonsdulien.com\/en\/wp-json\/wp\/v2\/comments?post=3435"}],"version-history":[{"count":5,"href":"https:\/\/lesfanonsdulien.com\/en\/wp-json\/wp\/v2\/pages\/3435\/revisions"}],"predecessor-version":[{"id":3584,"href":"https:\/\/lesfanonsdulien.com\/en\/wp-json\/wp\/v2\/pages\/3435\/revisions\/3584"}],"up":[{"embeddable":true,"href":"https:\/\/lesfanonsdulien.com\/en\/wp-json\/wp\/v2\/pages\/3400"}],"wp:attachment":[{"href":"https:\/\/lesfanonsdulien.com\/en\/wp-json\/wp\/v2\/media?parent=3435"}],"curies":[{"name":"wp","href":"https:\/\/api.w.org\/{rel}","templated":true}]}}