{"id":3440,"date":"2020-12-16T16:12:57","date_gmt":"2020-12-16T15:12:57","guid":{"rendered":"http:\/\/lesfanonsdulien.fr\/?page_id=3440"},"modified":"2023-04-05T08:48:33","modified_gmt":"2023-04-05T06:48:33","slug":"pension","status":"publish","type":"page","link":"https:\/\/lesfanonsdulien.com\/en\/pension\/","title":{"rendered":"Pension"},"content":{"rendered":"<p>[vc_row full_width=&#8221;stretch_row&#8221; content_placement=&#8221;middle&#8221; css=&#8221;.vc_custom_1608211407179{padding-top: 20px !important;padding-bottom: 120px !important;background-image: url(https:\/\/lesfanonsdulien.com\/wp-content\/uploads\/2020\/12\/IMG_6005-scaled.jpg?id=3508) !important;background-position: center !important;background-repeat: no-repeat !important;background-size: cover !important;}&#8221; el_class=&#8221;slide-pi&#8221;][vc_column][vc_column_text el_class=&#8221;breadcrumb&#8221; css=&#8221;.vc_custom_1608211139478{padding-bottom: 120px !important;}&#8221;]<\/p>\n<p style=\"text-align: left;\"><a href=\"\/\">Les Fanons du Lien<\/a> > Pension<\/p>\n<p>[\/vc_column_text][vc_column_text]<\/p>\n<h1 style=\"text-align: center;\">Pension<\/h1>\n<p>[\/vc_column_text][\/vc_column][\/vc_row][vc_row el_class=&#8221;listing-besoin&#8221; css=&#8221;.vc_custom_1560433025100{margin-top: 50px !important;}&#8221;][vc_column][vc_column_text]<\/p>\n<p style=\"text-align: center;\">Si vous cherchez une <strong>pension<\/strong> pour chevaux avec des <strong>conditions respectueuses de leurs besoins<\/strong>, alors vous \u00eates au bon endroit !<\/p>\n<p style=\"text-align: center;\">Mettez votre cheval aux <strong>Fanons du Lien<\/strong>, situ\u00e9 aux Lucs sur Boulogne, \u00e0 20 minutes de la Roche sur Yon.<\/p>\n<p>&nbsp;<\/p>\n<p>[\/vc_column_text][vc_single_image image=&#8221;3921&#8243; img_size=&#8221;full&#8221; alignment=&#8221;center&#8221; style=&#8221;vc_box_border&#8221; border_color=&#8221;black&#8221;][vc_column_text]<\/p>\n<p>&nbsp;<\/p>\n<h2 style=\"text-align: center;\"><strong>Pourquoi mettre son cheval en pension chez nous ?<\/strong><\/h2>\n<p>[\/vc_column_text][vc_row_inner equal_height=&#8221;yes&#8221; content_placement=&#8221;middle&#8221; css=&#8221;.vc_custom_1560432891397{margin-top: 40px !important;margin-bottom: 40px !important;}&#8221;][vc_column_inner css=&#8221;.vc_custom_1560432789279{padding-top: 35px !important;padding-right: 35px !important;padding-bottom: 35px !important;padding-left: 35px !important;background-color: #f9f2f6 !important;}&#8221;][vc_column_text css=&#8221;.vc_custom_1680676924953{border-top-width: 3px !important;border-right-width: 3px !important;border-bottom-width: 3px !important;border-left-width: 3px !important;padding-top: 25px !important;padding-right: 25px !important;padding-bottom: 25px !important;padding-left: 25px !important;border-left-color: #ffffff !important;border-left-style: solid !important;border-right-color: #ffffff !important;border-right-style: solid !important;border-top-color: #ffffff !important;border-top-style: solid !important;border-bottom-color: #ffffff !important;border-bottom-style: solid !important;}&#8221;]<span style=\"font-weight: 400;\">Nous proposons d\u2019accueillir votre \u00e9quid\u00e9 en mettant tout en \u0153uvre pour lui offrir des <strong>conditions de vie adapt\u00e9es<\/strong>, se rapprochant le plus possible de ses <strong>conditions de vie naturelles<\/strong>.\u00a0<\/span><\/p>\n<p>Quelque soit la formule choisie, votre partenaire sera h\u00e9berg\u00e9 en <strong>troupeau<\/strong>, en <strong>ext\u00e9rieur<\/strong>, avec un acc\u00e8s \u00e0 volont\u00e9 \u00e0 l&#8217;eau et \u00e0 la nourriture.<\/p>\n<p>Vous aurez acc\u00e8s aux <strong>installations<\/strong> et \u00e0 de nombreux <strong>chemins de balades<\/strong>.<\/p>\n<h3 class=\"wp-block-heading\">Mettre son cheval en pension aux Fanons du Lien c\u2019est :<\/h3>\n<ul>\n<li>Choisir de lui offrir une\u00a0<strong>qualit\u00e9 de vie optimale<\/strong>\u00a0en r\u00e9pondant \u00e0 ses besoins fondamentaux : manger et boire \u00e0 volont\u00e9, bouger et interagir avec ses cong\u00e9n\u00e8res.<\/li>\n<li>S\u2019assurer qu\u2019il b\u00e9n\u00e9ficie de\u00a0<strong>soins de qualit\u00e9<\/strong>\u00a0par des\u00a0<strong>professionnels exp\u00e9riment\u00e9s.<br \/>\n<\/strong><\/li>\n<li>De b\u00e9n\u00e9ficier d&#8217;une <strong>podologue<\/strong> et d&#8217;une <strong>kin\u00e9siologue<\/strong> sur place.<\/li>\n<li>Pouvoir faire appel \u00e0 des\u00a0<strong>professionnels ext\u00e9rieurs comp\u00e9tents<\/strong> et soucieux du bien-\u00eatre \u00e9quin (shiatsu, ost\u00e9opathe, dentiste, v\u00e9t\u00e9rinaire, naturopathe\u2026)<\/li>\n<li>Pouvoir\u00a0<strong>progresser et \u00eatre accompagn\u00e9<\/strong> dans l\u2019\u00e9ducation de votre cheval tout au long de l\u2019ann\u00e9e gr\u00e2ce \u00e0 nos s\u00e9ances d&#8217;approches bienveillante du cheval.<\/li>\n<li>Recevoir des\u00a0<strong>conseils sur les soins<\/strong> \u00e0 prodiguer si vous le souhaitez (choix du mat\u00e9riel\u00a0: selle, filet, etc.)<\/li>\n<\/ul>\n<h3 class=\"wp-block-heading\">Tous les chevaux en pension b\u00e9n\u00e9ficient :<\/h3>\n<ul>\n<li>De\u00a0<strong>pierres \u00e0 sel<\/strong> en stabulation.<\/li>\n<li>D&#8217;acc\u00e8s aux <strong>fourrages \u00e0 volont\u00e9<\/strong>.<\/li>\n<li>De deux <strong>vermifuges<\/strong> par an (compris dans la pension).<\/li>\n<li>De<strong> CMV\u00a0<em>Equideos<\/em><\/strong> en hiver sans suppl\u00e9ments.<\/li>\n<\/ul>\n<p>&nbsp;<\/p>\n<h3 class=\"wp-block-heading\">Deux options disponibles pour toutes les formules :<\/h3>\n<ul>\n<li>Distribution quotidienne de\u00a0<em><strong>CMV REVERDY Oligovit<\/strong>.<\/em><\/li>\n<li>D&#8217;un <strong>suivi en podologie \u00e9quine<\/strong>, parage physiologique toutes les <strong>6 semaines<\/strong>.<\/li>\n<li>D&#8217;une <strong>s\u00e9ance de kin\u00e9siologie<\/strong> par <strong>trimestre<\/strong>.<\/li>\n<\/ul>\n<p>[\/vc_column_text][\/vc_column_inner][\/vc_row_inner][\/vc_column][\/vc_row][vc_row][vc_column width=&#8221;1\/3&#8243;][vc_single_image image=&#8221;3923&#8243; img_size=&#8221;full&#8221; alignment=&#8221;center&#8221; style=&#8221;vc_box_border&#8221; border_color=&#8221;black&#8221;][\/vc_column][vc_column width=&#8221;1\/3&#8243;][vc_single_image image=&#8221;3924&#8243; img_size=&#8221;full&#8221; alignment=&#8221;center&#8221; style=&#8221;vc_box_border&#8221; border_color=&#8221;black&#8221;][\/vc_column][vc_column width=&#8221;1\/3&#8243;][vc_single_image image=&#8221;3506&#8243; img_size=&#8221;full&#8221; alignment=&#8221;center&#8221; style=&#8221;vc_box_border&#8221; border_color=&#8221;black&#8221;][\/vc_column][\/vc_row]<\/p>\n","protected":false},"excerpt":{"rendered":"<p>[vc_row full_width=&#8221;stretch_row&#8221; content_placement=&#8221;middle&#8221; css=&#8221;.vc_custom_1608211407179{padding-top: 20px !important;padding-bottom: 120px !important;background-image: url(https:\/\/lesfanonsdulien.com\/wp-content\/uploads\/2020\/12\/IMG_6005-scaled.jpg?id=3508) !important;background-position: center !important;background-repeat: no-repeat !important;background-size: cover !important;}&#8221; el_class=&#8221;slide-pi&#8221;][vc_column][vc_column_text el_class=&#8221;breadcrumb&#8221; css=&#8221;.vc_custom_1608211139478{padding-bottom: 120px !important;}&#8221;] Les Fanons du Lien > Pension [\/vc_column_text][vc_column_text] Pension [\/vc_column_text][\/vc_column][\/vc_row][vc_row el_class=&#8221;listing-besoin&#8221; css=&#8221;.vc_custom_1560433025100{margin-top: 50px !important;}&#8221;][vc_column][vc_column_text] Si vous cherchez une pension pour&#8230;<\/p>\n","protected":false},"author":9,"featured_media":0,"parent":0,"menu_order":0,"comment_status":"closed","ping_status":"closed","template":"","meta":[],"yoast_head":"<!-- This site is optimized with the Yoast SEO plugin v15.3 - https:\/\/yoast.com\/wordpress\/plugins\/seo\/ -->\n<title>Pension - Les Fanons du Lien<\/title>\n<meta name=\"robots\" content=\"index, follow, max-snippet:-1, max-image-preview:large, max-video-preview:-1\" \/>\n<link rel=\"canonical\" href=\"https:\/\/lesfanonsdulien.com\/pension\/\" \/>\n<meta property=\"og:locale\" content=\"en_US\" \/>\n<meta property=\"og:type\" content=\"article\" \/>\n<meta property=\"og:title\" content=\"Pension\" \/>\n<meta property=\"og:description\" content=\"[vc_row full_width=&#8221;stretch_row&#8221; content_placement=&#8221;middle&#8221; css=&#8221;.vc_custom_1608211407179{padding-top: 20px !important;padding-bottom: 120px !important;background-image: url(https:\/\/lesfanonsdulien.com\/wp-content\/uploads\/2020\/12\/IMG_6005-scaled.jpg?id=3508) !important;background-position: center !important;background-repeat: no-repeat !important;background-size: cover !important;}&#8221; el_class=&#8221;slide-pi&#8221;][vc_column][vc_column_text el_class=&#8221;breadcrumb&#8221; css=&#8221;.vc_custom_1608211139478{padding-bottom: 120px !important;}&#8221;] Les Fanons du Lien &gt; Pension [\/vc_column_text][vc_column_text] Pension [\/vc_column_text][\/vc_column][\/vc_row][vc_row el_class=&#8221;listing-besoin&#8221; css=&#8221;.vc_custom_1560433025100{margin-top: 50px !important;}&#8221;][vc_column][vc_column_text] Si vous cherchez une pension pour...\" \/>\n<meta property=\"og:url\" content=\"https:\/\/lesfanonsdulien.com\/pension\/\" \/>\n<meta property=\"og:site_name\" content=\"Les Fanons du Lien\" \/>\n<meta property=\"article:modified_time\" content=\"2023-04-05T06:48:33+00:00\" \/>\n<meta name=\"twitter:card\" content=\"summary_large_image\" \/>\n<meta name=\"twitter:label1\" content=\"Written by\">\n\t<meta name=\"twitter:data1\" content=\"Agence Egoprod\">\n\t<meta name=\"twitter:label2\" content=\"Est. reading time\">\n\t<meta name=\"twitter:data2\" content=\"2 minutes\">\n<script type=\"application\/ld+json\" class=\"yoast-schema-graph\">{\"@context\":\"https:\/\/schema.org\",\"@graph\":[{\"@type\":\"WebSite\",\"@id\":\"https:\/\/lesfanonsdulien.com\/#website\",\"url\":\"https:\/\/lesfanonsdulien.com\/\",\"name\":\"Les Fanons du Lien\",\"description\":\"\",\"potentialAction\":[{\"@type\":\"SearchAction\",\"target\":\"https:\/\/lesfanonsdulien.com\/?s={search_term_string}\",\"query-input\":\"required name=search_term_string\"}],\"inLanguage\":\"en-US\"},{\"@type\":\"WebPage\",\"@id\":\"https:\/\/lesfanonsdulien.com\/pension\/#webpage\",\"url\":\"https:\/\/lesfanonsdulien.com\/pension\/\",\"name\":\"[:fr]Pension[:] - Les Fanons du Lien\",\"isPartOf\":{\"@id\":\"https:\/\/lesfanonsdulien.com\/#website\"},\"datePublished\":\"2020-12-16T15:12:57+00:00\",\"dateModified\":\"2023-04-05T06:48:33+00:00\",\"inLanguage\":\"en-US\",\"potentialAction\":[{\"@type\":\"ReadAction\",\"target\":[\"https:\/\/lesfanonsdulien.com\/pension\/\"]}]}]}<\/script>\n<!-- \/ Yoast SEO plugin. -->","_links":{"self":[{"href":"https:\/\/lesfanonsdulien.com\/en\/wp-json\/wp\/v2\/pages\/3440"}],"collection":[{"href":"https:\/\/lesfanonsdulien.com\/en\/wp-json\/wp\/v2\/pages"}],"about":[{"href":"https:\/\/lesfanonsdulien.com\/en\/wp-json\/wp\/v2\/types\/page"}],"author":[{"embeddable":true,"href":"https:\/\/lesfanonsdulien.com\/en\/wp-json\/wp\/v2\/users\/9"}],"replies":[{"embeddable":true,"href":"https:\/\/lesfanonsdulien.com\/en\/wp-json\/wp\/v2\/comments?post=3440"}],"version-history":[{"count":8,"href":"https:\/\/lesfanonsdulien.com\/en\/wp-json\/wp\/v2\/pages\/3440\/revisions"}],"predecessor-version":[{"id":3925,"href":"https:\/\/lesfanonsdulien.com\/en\/wp-json\/wp\/v2\/pages\/3440\/revisions\/3925"}],"wp:attachment":[{"href":"https:\/\/lesfanonsdulien.com\/en\/wp-json\/wp\/v2\/media?parent=3440"}],"curies":[{"name":"wp","href":"https:\/\/api.w.org\/{rel}","templated":true}]}}