{"id":3672,"date":"2020-12-23T17:04:11","date_gmt":"2020-12-23T16:04:11","guid":{"rendered":"http:\/\/lesfanonsdulien.fr\/?page_id=3672"},"modified":"2025-04-11T09:18:23","modified_gmt":"2025-04-11T07:18:23","slug":"les-poulinieres","status":"publish","type":"page","link":"https:\/\/lesfanonsdulien.com\/en\/elevage\/les-poulinieres\/","title":{"rendered":"Les poulini\u00e8res"},"content":{"rendered":"<p>[vc_row full_width=&#8221;stretch_row&#8221; content_placement=&#8221;middle&#8221; css=&#8221;.vc_custom_1608739398565{padding-top: 20px !important;padding-bottom: 120px !important;background-image: url(https:\/\/lesfanonsdulien.com\/wp-content\/uploads\/2020\/12\/IMG_5641-scaled.jpg?id=3461) !important;background-position: center !important;background-repeat: no-repeat !important;background-size: cover !important;}&#8221; el_class=&#8221;slide-pi&#8221;][vc_column][vc_column_text el_class=&#8221;breadcrumb&#8221; css=&#8221;.vc_custom_1608739330851{padding-bottom: 120px !important;}&#8221;]<\/p>\n<p style=\"text-align: left;\"><a href=\"\/\">Les Fanons du Lien<\/a> > <a href=\"\/elevage\/\">\u00c9levage<\/a> > Les poulini\u00e8res<\/p>\n<p>[\/vc_column_text][vc_column_text]<\/p>\n<h1 style=\"text-align: center;\">Les poulini\u00e8res<\/h1>\n<p>[\/vc_column_text][\/vc_column][\/vc_row][vc_row el_class=&#8221;listing-besoin&#8221; css=&#8221;.vc_custom_1560433025100{margin-top: 50px !important;}&#8221;][vc_column][vc_row_inner equal_height=&#8221;yes&#8221; content_placement=&#8221;middle&#8221; css=&#8221;.vc_custom_1560432891397{margin-top: 40px !important;margin-bottom: 40px !important;}&#8221;][vc_column_inner width=&#8221;1\/2&#8243; css=&#8221;.vc_custom_1560432789279{padding-top: 35px !important;padding-right: 35px !important;padding-bottom: 35px !important;padding-left: 35px !important;background-color: #f9f2f6 !important;}&#8221;][vc_column_text css=&#8221;.vc_custom_1687175911356{border-top-width: 3px !important;border-right-width: 3px !important;border-bottom-width: 3px !important;border-left-width: 3px !important;padding-top: 25px !important;padding-right: 25px !important;padding-bottom: 25px !important;padding-left: 25px !important;border-left-color: #ffffff !important;border-left-style: solid !important;border-right-color: #ffffff !important;border-right-style: solid !important;border-top-color: #ffffff !important;border-top-style: solid !important;border-bottom-color: #ffffff !important;border-bottom-style: solid !important;}&#8221;]<span style=\"font-weight: 400;\"><strong>Chanelle\u00a0:<\/strong> Jument Irish Cob ELITE pie noire tobiano toisant entre 1m40 et 1m45. Elle est n\u00e9e en 2015 du croisement entre Celtic Jewel et Soldier Boy (Etalon reconnu dans le studbook belge).<br \/>\nElle a un mod\u00e8le heavy compact, tr\u00e8s fourni en crins et en fanons. Un dos bien court avec une belle attache d&#8217;encolure et une croupe en coeur.<\/span><\/p>\n<p>Elle est la jument parfaite, le pep&#8217;s qu&#8217;il faut, un amour pour les humains. Elle est toujours la premi\u00e8re \u00e0 venir pour r\u00e9clamer ses gratouilles. Elle se montre tr\u00e8s allante en ext\u00e9rieur et appliqu\u00e9e au travail \u00e0 pied.<\/p>\n<p>Elle travaille avec nous en \u00e9quicie[\/vc_column_text][\/vc_column_inner][vc_column_inner width=&#8221;1\/2&#8243; css=&#8221;.vc_custom_1647348607270{padding-top: 120px !important;padding-bottom: 120px !important;background-position: center !important;background-repeat: no-repeat !important;background-size: cover !important;}&#8221;][vc_gallery interval=&#8221;5&#8243; images=&#8221;3714,3462,3715,3716,3717,3726,3727,4338,4359,4360,4579&#8243; img_size=&#8221;1920&#215;1280&#8243;][\/vc_column_inner][\/vc_row_inner][vc_row_inner equal_height=&#8221;yes&#8221; content_placement=&#8221;middle&#8221; css=&#8221;.vc_custom_1560432891397{margin-top: 40px !important;margin-bottom: 40px !important;}&#8221;][vc_column_inner width=&#8221;1\/2&#8243; css=&#8221;.vc_custom_1560432789279{padding-top: 35px !important;padding-right: 35px !important;padding-bottom: 35px !important;padding-left: 35px !important;background-color: #f9f2f6 !important;}&#8221;][vc_column_text css=&#8221;.vc_custom_1740415668860{border-top-width: 3px !important;border-right-width: 3px !important;border-bottom-width: 3px !important;border-left-width: 3px !important;padding-top: 25px !important;padding-right: 25px !important;padding-bottom: 25px !important;padding-left: 25px !important;border-left-color: #ffffff !important;border-left-style: solid !important;border-right-color: #ffffff !important;border-right-style: solid !important;border-top-color: #ffffff !important;border-top-style: solid !important;border-bottom-color: #ffffff !important;border-bottom-style: solid !important;}&#8221;]<span style=\"font-weight: 400;\"><strong>Ameda :<\/strong> Jument alezane crins lav\u00e9es n\u00e9e en 2005. Elle toise 1m38 avec un petit mod\u00e8le, une belle croupe en coeur et un oeil bleu.<br \/>\nElle vit toute l&#8217;ann\u00e9e dans un groupe famille stable.<br \/>\nElle a un temp\u00e9rament assez \u00e9motif et sais ce qu&#8217;elle veut. Elle est tr\u00e8s gourmande. Elle peut para\u00eetre timide au premier abord.\u00a0<\/span>[\/vc_column_text][\/vc_column_inner][vc_column_inner width=&#8221;1\/2&#8243; css=&#8221;.vc_custom_1647348607270{padding-top: 120px !important;padding-bottom: 120px !important;background-position: center !important;background-repeat: no-repeat !important;background-size: cover !important;}&#8221;][vc_gallery type=&#8221;flexslider_slide&#8221; interval=&#8221;5&#8243; images=&#8221;3732,3733,3734,3968,4362,4497,4498&#8243; img_size=&#8221;1920&#215;1280&#8243;][\/vc_column_inner][\/vc_row_inner][vc_row_inner equal_height=&#8221;yes&#8221; content_placement=&#8221;middle&#8221; css=&#8221;.vc_custom_1560432891397{margin-top: 40px !important;margin-bottom: 40px !important;}&#8221;][vc_column_inner width=&#8221;1\/2&#8243; css=&#8221;.vc_custom_1560432789279{padding-top: 35px !important;padding-right: 35px !important;padding-bottom: 35px !important;padding-left: 35px !important;background-color: #f9f2f6 !important;}&#8221;][vc_column_text css=&#8221;.vc_custom_1696336946215{border-top-width: 3px !important;border-right-width: 3px !important;border-bottom-width: 3px !important;border-left-width: 3px !important;padding-top: 25px !important;padding-right: 25px !important;padding-bottom: 25px !important;padding-left: 25px !important;border-left-color: #ffffff !important;border-left-style: solid !important;border-right-color: #ffffff !important;border-right-style: solid !important;border-top-color: #ffffff !important;border-top-style: solid !important;border-bottom-color: #ffffff !important;border-bottom-style: solid !important;}&#8221;]<span style=\"font-weight: 400;\"><strong>Aza\u00efa :<\/strong> Jument pie bai sabino ELITE n\u00e9e en 2017 .<\/span><\/p>\n<p>Troisi\u00e8me des juments de plus d&#8217;1m44 au National Irish Cob 2023.<\/p>\n<p><span style=\"font-weight: 400;\">Elle toise 1m50 avec une belle attache d&#8217;encolure et des crins \u00e0 en faire jalouser les \u00e9talons. Son p\u00e8re est WelshPool Prestige par Flash Harry. Elle est tr\u00e8s fournie en fanons.<br \/>\nElle vit toute l&#8217;ann\u00e9e en troupeau<br \/>\nElle a un temp\u00e9rament calme, adore les balades et les moments papouilles. C&#8217;est une jument qui s&#8217;affirme.<br \/>\nElle travaille avec nous en \u00e9quicie.<br \/>\n<\/span>[\/vc_column_text][\/vc_column_inner][vc_column_inner width=&#8221;1\/2&#8243; css=&#8221;.vc_custom_1647348607270{padding-top: 120px !important;padding-bottom: 120px !important;background-position: center !important;background-repeat: no-repeat !important;background-size: cover !important;}&#8221;][vc_gallery type=&#8221;flexslider_slide&#8221; interval=&#8221;5&#8243; images=&#8221;4273,3736,4293,4276,3737,4279,3738,4277,3739,4275,4278,4294,4316,4317,4318,4499,4580,4581,4582&#8243; img_size=&#8221;1920&#215;1280&#8243;][\/vc_column_inner][\/vc_row_inner][vc_row_inner equal_height=&#8221;yes&#8221; content_placement=&#8221;middle&#8221; css=&#8221;.vc_custom_1560432891397{margin-top: 40px !important;margin-bottom: 40px !important;}&#8221;][vc_column_inner width=&#8221;1\/2&#8243; css=&#8221;.vc_custom_1560432789279{padding-top: 35px !important;padding-right: 35px !important;padding-bottom: 35px !important;padding-left: 35px !important;background-color: #f9f2f6 !important;}&#8221;][vc_column_text css=&#8221;.vc_custom_1744223579505{border-top-width: 3px !important;border-right-width: 3px !important;border-bottom-width: 3px !important;border-left-width: 3px !important;padding-top: 25px !important;padding-right: 25px !important;padding-bottom: 25px !important;padding-left: 25px !important;border-left-color: #ffffff !important;border-left-style: solid !important;border-right-color: #ffffff !important;border-right-style: solid !important;border-top-color: #ffffff !important;border-top-style: solid !important;border-bottom-color: #ffffff !important;border-bottom-style: solid !important;}&#8221;]<span style=\"font-weight: 400;\"><strong>Queen of Cream :<\/strong> Jument Gypsy Cob pie isabelle ELITE n\u00e9e en 2016 . Elle toise 1m35, a une magnifique t\u00eate toute en finesse, de superbes fanons. Elle est d&#8217;une morphologie fine tout en gardant les fesses en coeur.<br \/>\nElle a de l&#8217;\u00e9nergie, est proche de l&#8217;homme. C&#8217;est une super maman.<br \/>\n<\/span>[\/vc_column_text][\/vc_column_inner][vc_column_inner width=&#8221;1\/2&#8243; css=&#8221;.vc_custom_1647348607270{padding-top: 120px !important;padding-bottom: 120px !important;background-position: center !important;background-repeat: no-repeat !important;background-size: cover !important;}&#8221;][vc_gallery type=&#8221;flexslider_slide&#8221; interval=&#8221;5&#8243; images=&#8221;4207,4260,4180,4205,4262,4181,4182,4206,4174,4314,4315,4583&#8243; img_size=&#8221;full&#8221;][\/vc_column_inner][\/vc_row_inner][vc_row_inner equal_height=&#8221;yes&#8221; content_placement=&#8221;middle&#8221; css=&#8221;.vc_custom_1560432891397{margin-top: 40px !important;margin-bottom: 40px !important;}&#8221;][vc_column_inner width=&#8221;1\/2&#8243; css=&#8221;.vc_custom_1560432789279{padding-top: 35px !important;padding-right: 35px !important;padding-bottom: 35px !important;padding-left: 35px !important;background-color: #f9f2f6 !important;}&#8221;][vc_column_text css=&#8221;.vc_custom_1705853309910{border-top-width: 3px !important;border-right-width: 3px !important;border-bottom-width: 3px !important;border-left-width: 3px !important;padding-top: 25px !important;padding-right: 25px !important;padding-bottom: 25px !important;padding-left: 25px !important;border-left-color: #ffffff !important;border-left-style: solid !important;border-right-color: #ffffff !important;border-right-style: solid !important;border-top-color: #ffffff !important;border-top-style: solid !important;border-bottom-color: #ffffff !important;border-bottom-style: solid !important;}&#8221;]<span style=\"font-weight: 400;\"><strong>Hermits Spun Silver :<\/strong> Elle est n\u00e9e le 3 juin 2021 du mariage entre Hermits Silver Lightning et Hermits Lue Ella de l&#8217;\u00e9levage Hermits Cobs. <\/span><\/p>\n<p><span style=\"font-weight: 400;\">C&#8217;est une jeune poulini\u00e8re smocky black silver toisant environ 1m40. <\/span><\/p>\n<p><span style=\"font-weight: 400;\">Elle a une jolie t\u00eate fine bien fournie en crins, de belles petites oreilles, une jolie croupe avec une queue bien fournie. Elle se montre proche de l&#8217;homme, curieuse avec le pep&#8217;s qu&#8217;il faut.<br \/>\n<\/span>[\/vc_column_text][\/vc_column_inner][vc_column_inner width=&#8221;1\/2&#8243; css=&#8221;.vc_custom_1647348607270{padding-top: 120px !important;padding-bottom: 120px !important;background-position: center !important;background-repeat: no-repeat !important;background-size: cover !important;}&#8221;][vc_gallery type=&#8221;flexslider_slide&#8221; interval=&#8221;5&#8243; images=&#8221;4476,4312,4474,4313,4472,4473,4475,4500,4501,4502,4503,4584,4585,4586,4587,4588,4589,4590&#8243; img_size=&#8221;full&#8221;][\/vc_column_inner][\/vc_row_inner][\/vc_column][\/vc_row][vc_row][vc_column][vc_column_text]<\/p>\n<h1 style=\"text-align: center;\">La belle rel\u00e8ve<\/h1>\n<p>[\/vc_column_text][vc_row_inner equal_height=&#8221;yes&#8221; content_placement=&#8221;middle&#8221; css=&#8221;.vc_custom_1560432891397{margin-top: 40px !important;margin-bottom: 40px !important;}&#8221;][vc_column_inner width=&#8221;1\/2&#8243; css=&#8221;.vc_custom_1560432789279{padding-top: 35px !important;padding-right: 35px !important;padding-bottom: 35px !important;padding-left: 35px !important;background-color: #f9f2f6 !important;}&#8221;][vc_column_text css=&#8221;.vc_custom_1732721065033{border-top-width: 3px !important;border-right-width: 3px !important;border-bottom-width: 3px !important;border-left-width: 3px !important;padding-top: 25px !important;padding-right: 25px !important;padding-bottom: 25px !important;padding-left: 25px !important;border-left-color: #ffffff !important;border-left-style: solid !important;border-right-color: #ffffff !important;border-right-style: solid !important;border-top-color: #ffffff !important;border-top-style: solid !important;border-bottom-color: #ffffff !important;border-bottom-style: solid !important;}&#8221;]<span style=\"font-weight: 400;\"><strong>Nata\u00e9 de Kali :<\/strong> Elle est n\u00e9e le 23 mars 2023 du mariage entre Happy du Prieur\u00e9 et Elsie au sein de l&#8217;\u00e9levage de Kali.<\/span><\/p>\n<p><span style=\"font-weight: 400;\">C&#8217;est une future poulini\u00e8re baie qui devrait toiser environ 1m50. <\/span><\/p>\n<p><span style=\"font-weight: 400;\">Elle a un type vraiment magnifique, des fanons de folie, une superbe croupe en c\u0153ur et une encolure rou\u00e9e. C&#8217;est un petit bulldozer plein d&#8217;amour, elle a un sacr\u00e9 temp\u00e9rament mais est toujours en demande pour apprendre.<br \/>\n<\/span><\/p>\n<p><em>National Irish Cob\u00a0<\/em><\/p>\n<p><em>2024 : 4\u00e8me sur 16, cat\u00e9gorie pouliches 1 an<\/em>[\/vc_column_text][\/vc_column_inner][vc_column_inner width=&#8221;1\/2&#8243; css=&#8221;.vc_custom_1647348607270{padding-top: 120px !important;padding-bottom: 120px !important;background-position: center !important;background-repeat: no-repeat !important;background-size: cover !important;}&#8221;][vc_gallery type=&#8221;flexslider_slide&#8221; interval=&#8221;5&#8243; images=&#8221;4481,4482,4483,4484,4485,4486,4504,4592,4593&#8243; img_size=&#8221;full&#8221;][\/vc_column_inner][\/vc_row_inner][vc_row_inner equal_height=&#8221;yes&#8221; content_placement=&#8221;middle&#8221; css=&#8221;.vc_custom_1560432891397{margin-top: 40px !important;margin-bottom: 40px !important;}&#8221;][vc_column_inner width=&#8221;1\/2&#8243; css=&#8221;.vc_custom_1560432789279{padding-top: 35px !important;padding-right: 35px !important;padding-bottom: 35px !important;padding-left: 35px !important;background-color: #f9f2f6 !important;}&#8221;][vc_column_text css=&#8221;.vc_custom_1732721415229{border-top-width: 3px !important;border-right-width: 3px !important;border-bottom-width: 3px !important;border-left-width: 3px !important;padding-top: 25px !important;padding-right: 25px !important;padding-bottom: 25px !important;padding-left: 25px !important;border-left-color: #ffffff !important;border-left-style: solid !important;border-right-color: #ffffff !important;border-right-style: solid !important;border-top-color: #ffffff !important;border-top-style: solid !important;border-bottom-color: #ffffff !important;border-bottom-style: solid !important;}&#8221;]<span style=\"font-weight: 400;\"><strong>N&#8217;Joy du Lien :<\/strong> Elle est n\u00e9e le 28 mai 2023 du mariage entre Big Silver et Queen of Cream au sein de notre \u00e9levage.<\/span><\/p>\n<p><span style=\"font-weight: 400;\">C&#8217;est une future poulini\u00e8re pie noire qui devrait toiser environ 1m35. <\/span><\/p>\n<p><span style=\"font-weight: 400;\">Elle a une t\u00eate superbe et fine, une morphologie harmonieuse, un dos court et solide. Elle est tr\u00e8s fournie en crins et bien en fanons.<br \/>\n<\/span><\/p>\n<p>N&#8217;joy, c&#8217;est un temp\u00e9rament r\u00eav\u00e9e, tr\u00e8s proche de nous, douce, intelligente, r\u00e9fl\u00e9chie, une vraie petite poup\u00e9e parfaite.<\/p>\n<p><em>National Irish Cob\u00a0<\/em><\/p>\n<p><em>2024 : 6\u00e8me sur 16, cat\u00e9gorie pouliches 1 an<\/em>[\/vc_column_text][\/vc_column_inner][vc_column_inner width=&#8221;1\/2&#8243; css=&#8221;.vc_custom_1647348607270{padding-top: 120px !important;padding-bottom: 120px !important;background-position: center !important;background-repeat: no-repeat !important;background-size: cover !important;}&#8221;][vc_gallery type=&#8221;flexslider_slide&#8221; interval=&#8221;5&#8243; images=&#8221;4487,4488,4489,4490,4491,4492,4493,4594&#8243; img_size=&#8221;full&#8221;][\/vc_column_inner][\/vc_row_inner][\/vc_column][\/vc_row][vc_row][vc_column][vc_column_text]<\/p>\n<h1 style=\"text-align: center;\">Une douce retraite<\/h1>\n<p>[\/vc_column_text][vc_row_inner equal_height=&#8221;yes&#8221; content_placement=&#8221;middle&#8221; css=&#8221;.vc_custom_1560432891397{margin-top: 40px !important;margin-bottom: 40px !important;}&#8221;][vc_column_inner width=&#8221;1\/2&#8243; css=&#8221;.vc_custom_1560432789279{padding-top: 35px !important;padding-right: 35px !important;padding-bottom: 35px !important;padding-left: 35px !important;background-color: #f9f2f6 !important;}&#8221;][vc_column_text css=&#8221;.vc_custom_1714473732200{border-top-width: 3px !important;border-right-width: 3px !important;border-bottom-width: 3px !important;border-left-width: 3px !important;padding-top: 25px !important;padding-right: 25px !important;padding-bottom: 25px !important;padding-left: 25px !important;border-left-color: #ffffff !important;border-left-style: solid !important;border-right-color: #ffffff !important;border-right-style: solid !important;border-top-color: #ffffff !important;border-top-style: solid !important;border-bottom-color: #ffffff !important;border-bottom-style: solid !important;}&#8221;]<span style=\"font-weight: 400;\"><strong>Lovely :<\/strong> Jument pie alezane n\u00e9e en 2008. Elle toise 1m55 avec un grand mod\u00e8le heavy, tr\u00e8s fournie en fanons.<br \/>\nElle vit toute l&#8217;ann\u00e9e dans un groupe famille stable.<br \/>\nElle a un temp\u00e9rament super calme, tr\u00e8s proche de l&#8217;Homme.<br \/>\nElle travaille avec nous en m\u00e9diation \u00e9quine.<\/span><\/p>\n<p>Elle a eu deux poulains chez nous : Moonboy et Nasukan.<\/p>\n<p>Elle profite d&#8217;une douce retraite depuis Avril 2024 en troupeau avec ses copines.[\/vc_column_text][\/vc_column_inner][vc_column_inner width=&#8221;1\/2&#8243; css=&#8221;.vc_custom_1647348607270{padding-top: 120px !important;padding-bottom: 120px !important;background-position: center !important;background-repeat: no-repeat !important;background-size: cover !important;}&#8221;][vc_gallery type=&#8221;flexslider_slide&#8221; interval=&#8221;5&#8243; images=&#8221;3720,3721,3722,3723,3730,3731,4361&#8243; img_size=&#8221;1920&#215;1280&#8243;][\/vc_column_inner][\/vc_row_inner][\/vc_column][\/vc_row]<\/p>\n","protected":false},"excerpt":{"rendered":"<p>[vc_row full_width=&#8221;stretch_row&#8221; content_placement=&#8221;middle&#8221; css=&#8221;.vc_custom_1608739398565{padding-top: 20px !important;padding-bottom: 120px !important;background-image: url(https:\/\/lesfanonsdulien.com\/wp-content\/uploads\/2020\/12\/IMG_5641-scaled.jpg?id=3461) !important;background-position: center !important;background-repeat: no-repeat !important;background-size: cover !important;}&#8221; el_class=&#8221;slide-pi&#8221;][vc_column][vc_column_text el_class=&#8221;breadcrumb&#8221; css=&#8221;.vc_custom_1608739330851{padding-bottom: 120px !important;}&#8221;] Les Fanons du Lien > \u00c9levage > Les poulini\u00e8res [\/vc_column_text][vc_column_text] Les poulini\u00e8res [\/vc_column_text][\/vc_column][\/vc_row][vc_row el_class=&#8221;listing-besoin&#8221; css=&#8221;.vc_custom_1560433025100{margin-top: 50px !important;}&#8221;][vc_column][vc_row_inner equal_height=&#8221;yes&#8221; content_placement=&#8221;middle&#8221;&#8230;<\/p>\n","protected":false},"author":9,"featured_media":0,"parent":3442,"menu_order":0,"comment_status":"closed","ping_status":"closed","template":"","meta":[],"yoast_head":"<!-- This site is optimized with the Yoast SEO plugin v15.3 - https:\/\/yoast.com\/wordpress\/plugins\/seo\/ -->\n<title>Les poulini\u00e8res - Les Fanons du Lien<\/title>\n<meta name=\"robots\" content=\"index, follow, max-snippet:-1, max-image-preview:large, max-video-preview:-1\" \/>\n<link rel=\"canonical\" href=\"https:\/\/lesfanonsdulien.com\/elevage\/les-poulinieres\/\" \/>\n<meta property=\"og:locale\" content=\"en_US\" \/>\n<meta property=\"og:type\" content=\"article\" \/>\n<meta property=\"og:title\" content=\"Les poulini\u00e8res\" \/>\n<meta property=\"og:description\" content=\"[vc_row full_width=&#8221;stretch_row&#8221; content_placement=&#8221;middle&#8221; css=&#8221;.vc_custom_1608739398565{padding-top: 20px !important;padding-bottom: 120px !important;background-image: url(https:\/\/lesfanonsdulien.com\/wp-content\/uploads\/2020\/12\/IMG_5641-scaled.jpg?id=3461) !important;background-position: center !important;background-repeat: no-repeat !important;background-size: cover !important;}&#8221; el_class=&#8221;slide-pi&#8221;][vc_column][vc_column_text el_class=&#8221;breadcrumb&#8221; css=&#8221;.vc_custom_1608739330851{padding-bottom: 120px !important;}&#8221;] Les Fanons du Lien &gt; \u00c9levage &gt; Les poulini\u00e8res [\/vc_column_text][vc_column_text] Les poulini\u00e8res [\/vc_column_text][\/vc_column][\/vc_row][vc_row el_class=&#8221;listing-besoin&#8221; css=&#8221;.vc_custom_1560433025100{margin-top: 50px !important;}&#8221;][vc_column][vc_row_inner equal_height=&#8221;yes&#8221; content_placement=&#8221;middle&#8221;...\" \/>\n<meta property=\"og:url\" content=\"https:\/\/lesfanonsdulien.com\/elevage\/les-poulinieres\/\" \/>\n<meta property=\"og:site_name\" content=\"Les Fanons du Lien\" \/>\n<meta property=\"article:modified_time\" content=\"2025-04-11T07:18:23+00:00\" \/>\n<meta name=\"twitter:card\" content=\"summary_large_image\" \/>\n<meta name=\"twitter:label1\" content=\"Written by\">\n\t<meta name=\"twitter:data1\" content=\"Agence Egoprod\">\n\t<meta name=\"twitter:label2\" content=\"Est. reading time\">\n\t<meta name=\"twitter:data2\" content=\"8 minutes\">\n<script type=\"application\/ld+json\" class=\"yoast-schema-graph\">{\"@context\":\"https:\/\/schema.org\",\"@graph\":[{\"@type\":\"WebSite\",\"@id\":\"https:\/\/lesfanonsdulien.com\/#website\",\"url\":\"https:\/\/lesfanonsdulien.com\/\",\"name\":\"Les Fanons du Lien\",\"description\":\"\",\"potentialAction\":[{\"@type\":\"SearchAction\",\"target\":\"https:\/\/lesfanonsdulien.com\/?s={search_term_string}\",\"query-input\":\"required name=search_term_string\"}],\"inLanguage\":\"en-US\"},{\"@type\":\"WebPage\",\"@id\":\"https:\/\/lesfanonsdulien.com\/elevage\/les-poulinieres\/#webpage\",\"url\":\"https:\/\/lesfanonsdulien.com\/elevage\/les-poulinieres\/\",\"name\":\"[:fr]Les poulini\\u00e8res[:] - Les Fanons du Lien\",\"isPartOf\":{\"@id\":\"https:\/\/lesfanonsdulien.com\/#website\"},\"datePublished\":\"2020-12-23T16:04:11+00:00\",\"dateModified\":\"2025-04-11T07:18:23+00:00\",\"inLanguage\":\"en-US\",\"potentialAction\":[{\"@type\":\"ReadAction\",\"target\":[\"https:\/\/lesfanonsdulien.com\/elevage\/les-poulinieres\/\"]}]}]}<\/script>\n<!-- \/ Yoast SEO plugin. -->","_links":{"self":[{"href":"https:\/\/lesfanonsdulien.com\/en\/wp-json\/wp\/v2\/pages\/3672"}],"collection":[{"href":"https:\/\/lesfanonsdulien.com\/en\/wp-json\/wp\/v2\/pages"}],"about":[{"href":"https:\/\/lesfanonsdulien.com\/en\/wp-json\/wp\/v2\/types\/page"}],"author":[{"embeddable":true,"href":"https:\/\/lesfanonsdulien.com\/en\/wp-json\/wp\/v2\/users\/9"}],"replies":[{"embeddable":true,"href":"https:\/\/lesfanonsdulien.com\/en\/wp-json\/wp\/v2\/comments?post=3672"}],"version-history":[{"count":22,"href":"https:\/\/lesfanonsdulien.com\/en\/wp-json\/wp\/v2\/pages\/3672\/revisions"}],"predecessor-version":[{"id":4595,"href":"https:\/\/lesfanonsdulien.com\/en\/wp-json\/wp\/v2\/pages\/3672\/revisions\/4595"}],"up":[{"embeddable":true,"href":"https:\/\/lesfanonsdulien.com\/en\/wp-json\/wp\/v2\/pages\/3442"}],"wp:attachment":[{"href":"https:\/\/lesfanonsdulien.com\/en\/wp-json\/wp\/v2\/media?parent=3672"}],"curies":[{"name":"wp","href":"https:\/\/api.w.org\/{rel}","templated":true}]}}