{"id":3781,"date":"2023-04-02T16:28:51","date_gmt":"2023-04-02T14:28:51","guid":{"rendered":"https:\/\/lesfanonsdulien.com\/?page_id=3781"},"modified":"2024-11-27T15:38:45","modified_gmt":"2024-11-27T14:38:45","slug":"nos-poulains","status":"publish","type":"page","link":"https:\/\/lesfanonsdulien.com\/en\/nos-poulains\/","title":{"rendered":"Nos poulains"},"content":{"rendered":"<p>[vc_row full_width=&#8221;stretch_row&#8221; content_placement=&#8221;middle&#8221; el_class=&#8221;slide-pi&#8221; css=&#8221;.vc_custom_1681218943712{padding-top: 20px !important;padding-bottom: 120px !important;background-image: url(https:\/\/lesfanonsdulien.com\/wp-content\/uploads\/2020\/12\/IMG_2378-scaled.jpg?id=3457) !important;background-position: center !important;background-repeat: no-repeat !important;background-size: cover !important;}&#8221;][vc_column][vc_column_text el_class=&#8221;breadcrumb&#8221;]<a href=\"\/\">Les Fanons du Lien<\/a> > <a href=\"\/elevage\/\">\u00c9levage<\/a> > Nos poulains[\/vc_column_text][vc_column_text]<\/p>\n<h1 style=\"text-align: center;\">Nos poulains<\/h1>\n<p>[\/vc_column_text][\/vc_column][\/vc_row][vc_row][vc_column][vc_column_text]<\/p>\n<p style=\"text-align: center;\">Nous mettons en priorit\u00e9 le <strong>bien-\u00eatre<\/strong> des chevaux, c&#8217;est pourquoi ils vivent en groupe <strong>famille<\/strong> : l&#8217;\u00e9talon, les juments, les poulains. Nous respectons les besoins de nos poulains, les m\u00e8res font donc elles-m\u00eames le sevrage alimentaire et la s\u00e9paration a lieu plus tard.<\/p>\n<p style=\"text-align: center;\">Ils d\u00e9couvrent tout avec maman : balade, carri\u00e8re, man\u00e8ge, etc &#8230;<\/p>\n<p style=\"text-align: center;\">Nous mettons un point d&#8217;honneur \u00e0 ne pas les manipuler trop t\u00f4t afin avant tout de leur laisser devenir des poulains bien dans leur pattes en troupeau.<\/p>\n<p style=\"text-align: center;\">Ils partiront \u00e0 jour de <strong>parage<\/strong> depuis leurs 4 mois effectu\u00e9 toutes les 6 semaines par une podologue , de la <strong>primo-vaccination<\/strong>, des <strong>vermifuges<\/strong>.<\/p>\n<p style=\"text-align: center;\">Ils sont <strong>manipul\u00e9s<\/strong> : donnent les 4 pieds, marchent en longe, tiennent \u00e0 l&#8217;attache, pansage, montent en van, partent en balade en groupe \u00e0 pied.<\/p>\n<p style=\"text-align: center;\">Comme tout poulain, ils demandent du temps et nous cherchons des <strong>personnes respectueuses<\/strong> de la <strong>croissance<\/strong> des poulains.<\/p>\n<p style=\"text-align: center;\">Les poulains partent avec un <strong>carnet de suivi<\/strong> de toute leur vie chez nous depuis leur naissance.<\/p>\n<p style=\"text-align: center;\">L&#8217;<strong>\u00e9talement<\/strong> du paiement est <strong>possible<\/strong> jusqu&#8217;au sevrage des poulains.<\/p>\n<p style=\"text-align: center;\">Chaque vente se fait avec un <strong>contrat<\/strong> (de r\u00e9servation ou de vente).<\/p>\n<p>[\/vc_column_text][\/vc_column][\/vc_row][vc_row][vc_column width=&#8221;1\/2&#8243;][vc_gallery interval=&#8221;5&#8243; images=&#8221;3848,3838,3885,3856,3883,3866,3867&#8243; img_size=&#8221;full&#8221; css=&#8221;.vc_custom_1681219274992{border-top-width: 3px !important;border-right-width: 3px !important;border-bottom-width: 3px !important;border-left-width: 3px !important;padding-top: 35px !important;padding-right: 35px !important;padding-bottom: 35px !important;padding-left: 35px !important;border-left-color: #ffffff !important;border-left-style: solid !important;border-right-color: #ffffff !important;border-right-style: solid !important;border-top-color: #ffffff !important;border-top-style: solid !important;border-bottom-color: #ffffff !important;border-bottom-style: solid !important;}&#8221;][vc_btn title=&#8221;D\u00e9couvrez les naissances 2022&#8243; color=&#8221;peacoc&#8221; align=&#8221;center&#8221; button_block=&#8221;true&#8221; link=&#8221;url:https%3A%2F%2Flesfanonsdulien.com%2Fnaissance-2022%2F|title:Naissance%202022||&#8221;][\/vc_column][vc_column width=&#8221;1\/2&#8243;][vc_gallery interval=&#8221;5&#8243; images=&#8221;4015,4155,4141,4268,3970,4168,4144,4266,3965,4162,4218,4269,4215,4209,4217,4233,4214,4211,4216,4213,4210&#8243; img_size=&#8221;full&#8221; css=&#8221;.vc_custom_1732718216199{border-top-width: 3px !important;border-right-width: 3px !important;border-bottom-width: 3px !important;border-left-width: 3px !important;padding-top: 35px !important;padding-right: 35px !important;padding-bottom: 35px !important;padding-left: 35px !important;border-left-color: #ffffff !important;border-left-style: solid !important;border-right-color: #ffffff !important;border-right-style: solid !important;border-top-color: #ffffff !important;border-top-style: solid !important;border-bottom-color: #ffffff !important;border-bottom-style: solid !important;}&#8221;][vc_btn title=&#8221;D\u00e9couvrez les naissances 2023&#8243; color=&#8221;peacoc&#8221; align=&#8221;center&#8221; button_block=&#8221;true&#8221; link=&#8221;url:https%3A%2F%2Flesfanonsdulien.com%2Fnaissance-2023%2F|title:Naissance%202023||&#8221;][\/vc_column][\/vc_row][vc_row][vc_column width=&#8221;1\/2&#8243;][vc_gallery interval=&#8221;5&#8243; images=&#8221;4339,4413,4338,4410,4337,4425,4336,4415,4334,4409,4332,4418,4400,4422,4403,4432,4402&#8243; img_size=&#8221;full&#8221; css=&#8221;.vc_custom_1732718318057{border-top-width: 3px !important;border-right-width: 3px !important;border-bottom-width: 3px !important;border-left-width: 3px !important;padding-top: 35px !important;padding-right: 35px !important;padding-bottom: 35px !important;padding-left: 35px !important;border-left-color: #ffffff !important;border-left-style: solid !important;border-right-color: #ffffff !important;border-right-style: solid !important;border-top-color: #ffffff !important;border-top-style: solid !important;border-bottom-color: #ffffff !important;border-bottom-style: solid !important;}&#8221;][vc_btn title=&#8221;D\u00e9couvrez les naissances 2024&#8243; color=&#8221;peacoc&#8221; align=&#8221;center&#8221; button_block=&#8221;true&#8221; link=&#8221;url:https%3A%2F%2Flesfanonsdulien.com%2Fnaissance-2024%2F|title:Naissance%202022||&#8221;][\/vc_column][vc_column width=&#8221;1\/2&#8243;][\/vc_column][\/vc_row]<\/p>\n","protected":false},"excerpt":{"rendered":"<p>[vc_row full_width=&#8221;stretch_row&#8221; content_placement=&#8221;middle&#8221; el_class=&#8221;slide-pi&#8221; css=&#8221;.vc_custom_1681218943712{padding-top: 20px !important;padding-bottom: 120px !important;background-image: url(https:\/\/lesfanonsdulien.com\/wp-content\/uploads\/2020\/12\/IMG_2378-scaled.jpg?id=3457) !important;background-position: center !important;background-repeat: no-repeat !important;background-size: cover !important;}&#8221;][vc_column][vc_column_text el_class=&#8221;breadcrumb&#8221;]Les Fanons du Lien > \u00c9levage > Nos poulains[\/vc_column_text][vc_column_text] Nos poulains [\/vc_column_text][\/vc_column][\/vc_row][vc_row][vc_column][vc_column_text] Nous mettons en priorit\u00e9 le bien-\u00eatre des chevaux, c&#8217;est pourquoi ils&#8230;<\/p>\n","protected":false},"author":10,"featured_media":0,"parent":0,"menu_order":0,"comment_status":"closed","ping_status":"closed","template":"","meta":[],"yoast_head":"<!-- This site is optimized with the Yoast SEO plugin v15.3 - https:\/\/yoast.com\/wordpress\/plugins\/seo\/ -->\n<title>Nos poulains - Les Fanons du Lien<\/title>\n<meta name=\"robots\" content=\"index, follow, max-snippet:-1, max-image-preview:large, max-video-preview:-1\" \/>\n<link rel=\"canonical\" href=\"https:\/\/lesfanonsdulien.com\/nos-poulains\/\" \/>\n<meta property=\"og:locale\" content=\"en_US\" \/>\n<meta property=\"og:type\" content=\"article\" \/>\n<meta property=\"og:title\" content=\"Nos poulains\" \/>\n<meta property=\"og:description\" content=\"[vc_row full_width=&#8221;stretch_row&#8221; content_placement=&#8221;middle&#8221; el_class=&#8221;slide-pi&#8221; css=&#8221;.vc_custom_1681218943712{padding-top: 20px !important;padding-bottom: 120px !important;background-image: url(https:\/\/lesfanonsdulien.com\/wp-content\/uploads\/2020\/12\/IMG_2378-scaled.jpg?id=3457) !important;background-position: center !important;background-repeat: no-repeat !important;background-size: cover !important;}&#8221;][vc_column][vc_column_text el_class=&#8221;breadcrumb&#8221;]Les Fanons du Lien &gt; \u00c9levage &gt; Nos poulains[\/vc_column_text][vc_column_text] Nos poulains [\/vc_column_text][\/vc_column][\/vc_row][vc_row][vc_column][vc_column_text] Nous mettons en priorit\u00e9 le bien-\u00eatre des chevaux, c&#8217;est pourquoi ils...\" \/>\n<meta property=\"og:url\" content=\"https:\/\/lesfanonsdulien.com\/nos-poulains\/\" \/>\n<meta property=\"og:site_name\" content=\"Les Fanons du Lien\" \/>\n<meta property=\"article:modified_time\" content=\"2024-11-27T14:38:45+00:00\" \/>\n<meta name=\"twitter:card\" content=\"summary_large_image\" \/>\n<meta name=\"twitter:label1\" content=\"Written by\">\n\t<meta name=\"twitter:data1\" content=\"Julie et C\u00e9line\">\n\t<meta name=\"twitter:label2\" content=\"Est. reading time\">\n\t<meta name=\"twitter:data2\" content=\"2 minutes\">\n<script type=\"application\/ld+json\" class=\"yoast-schema-graph\">{\"@context\":\"https:\/\/schema.org\",\"@graph\":[{\"@type\":\"WebSite\",\"@id\":\"https:\/\/lesfanonsdulien.com\/#website\",\"url\":\"https:\/\/lesfanonsdulien.com\/\",\"name\":\"Les Fanons du Lien\",\"description\":\"\",\"potentialAction\":[{\"@type\":\"SearchAction\",\"target\":\"https:\/\/lesfanonsdulien.com\/?s={search_term_string}\",\"query-input\":\"required name=search_term_string\"}],\"inLanguage\":\"en-US\"},{\"@type\":\"WebPage\",\"@id\":\"https:\/\/lesfanonsdulien.com\/nos-poulains\/#webpage\",\"url\":\"https:\/\/lesfanonsdulien.com\/nos-poulains\/\",\"name\":\"[:fr]Nos poulains[:] - Les Fanons du Lien\",\"isPartOf\":{\"@id\":\"https:\/\/lesfanonsdulien.com\/#website\"},\"datePublished\":\"2023-04-02T14:28:51+00:00\",\"dateModified\":\"2024-11-27T14:38:45+00:00\",\"inLanguage\":\"en-US\",\"potentialAction\":[{\"@type\":\"ReadAction\",\"target\":[\"https:\/\/lesfanonsdulien.com\/nos-poulains\/\"]}]}]}<\/script>\n<!-- \/ Yoast SEO plugin. -->","_links":{"self":[{"href":"https:\/\/lesfanonsdulien.com\/en\/wp-json\/wp\/v2\/pages\/3781"}],"collection":[{"href":"https:\/\/lesfanonsdulien.com\/en\/wp-json\/wp\/v2\/pages"}],"about":[{"href":"https:\/\/lesfanonsdulien.com\/en\/wp-json\/wp\/v2\/types\/page"}],"author":[{"embeddable":true,"href":"https:\/\/lesfanonsdulien.com\/en\/wp-json\/wp\/v2\/users\/10"}],"replies":[{"embeddable":true,"href":"https:\/\/lesfanonsdulien.com\/en\/wp-json\/wp\/v2\/comments?post=3781"}],"version-history":[{"count":8,"href":"https:\/\/lesfanonsdulien.com\/en\/wp-json\/wp\/v2\/pages\/3781\/revisions"}],"predecessor-version":[{"id":4478,"href":"https:\/\/lesfanonsdulien.com\/en\/wp-json\/wp\/v2\/pages\/3781\/revisions\/4478"}],"wp:attachment":[{"href":"https:\/\/lesfanonsdulien.com\/en\/wp-json\/wp\/v2\/media?parent=3781"}],"curies":[{"name":"wp","href":"https:\/\/api.w.org\/{rel}","templated":true}]}}