{"id":3784,"date":"2023-04-02T16:28:51","date_gmt":"2023-04-02T14:28:51","guid":{"rendered":"https:\/\/lesfanonsdulien.com\/?page_id=3784"},"modified":"2023-12-18T15:03:29","modified_gmt":"2023-12-18T14:03:29","slug":"kinesiologie","status":"publish","type":"page","link":"https:\/\/lesfanonsdulien.com\/en\/kinesiologie\/","title":{"rendered":"Kin\u00e9siologie Animale"},"content":{"rendered":"<p>[vc_row full_width=&#8221;stretch_row&#8221; content_placement=&#8221;middle&#8221; el_class=&#8221;slide-pi&#8221; css=&#8221;.vc_custom_1682079870753{padding-top: 20px !important;padding-bottom: 120px !important;background-image: url(https:\/\/lesfanonsdulien.com\/wp-content\/uploads\/2020\/12\/IMG_0114-scaled.jpg?id=3487) !important;background-position: center !important;background-repeat: no-repeat !important;background-size: cover !important;}&#8221;][vc_column][vc_column_text el_class=&#8221;breadcrumb&#8221; css=&#8221;.vc_custom_1682079285608{padding-bottom: 120px !important;}&#8221;]<a href=\"\/\">Les Fanons du Lien<\/a> > Kin\u00e9siologie[\/vc_column_text][vc_column_text]<\/p>\n<h1 style=\"text-align: center;\">Kin\u00e9siologie Animale<\/h1>\n<p>[\/vc_column_text][\/vc_column][\/vc_row][vc_row][vc_column][vc_column_text]<\/p>\n<h2><\/h2>\n<h2><\/h2>\n<h2 style=\"text-align: center;\"><strong><i>Allez \u00e0 la rencontre de la partie invisible de son histoire<\/i><\/strong><\/h2>\n<p>[\/vc_column_text][\/vc_column][\/vc_row][vc_row][vc_column width=&#8221;1\/5&#8243;][vc_single_image image=&#8221;3981&#8243; img_size=&#8221;full&#8221; alignment=&#8221;center&#8221; style=&#8221;vc_box_shadow&#8221;][\/vc_column][vc_column width=&#8221;1\/5&#8243;][vc_single_image image=&#8221;3979&#8243; img_size=&#8221;full&#8221; alignment=&#8221;center&#8221; style=&#8221;vc_box_shadow&#8221;][\/vc_column][vc_column width=&#8221;1\/5&#8243;][vc_single_image image=&#8221;3982&#8243; img_size=&#8221;full&#8221; alignment=&#8221;center&#8221; style=&#8221;vc_box_shadow&#8221;][\/vc_column][vc_column width=&#8221;1\/5&#8243;][vc_single_image image=&#8221;3980&#8243; img_size=&#8221;full&#8221; alignment=&#8221;center&#8221; style=&#8221;vc_box_shadow&#8221;][\/vc_column][vc_column width=&#8221;1\/5&#8243;][vc_single_image image=&#8221;3984&#8243; img_size=&#8221;full&#8221; alignment=&#8221;center&#8221; style=&#8221;vc_box_shadow&#8221;][\/vc_column][\/vc_row][vc_row][vc_column][vc_column_text]<\/p>\n<h3><\/h3>\n<p>&nbsp;<\/p>\n<h3><b>Qu\u2019est ce que la Kin\u00e9siologie Animale ?<\/b><\/h3>\n<p><span style=\"font-weight: 400;\">C&#8217;est une <strong>m\u00e9decine douce<\/strong> qui s\u2019appuie sur la m\u00e9decine traditionnelle <strong>chinoise<\/strong> ; il s\u2019agit d\u2019une technique de <strong>lib\u00e9ration \u00e9motionnelle<\/strong> du corps \u00e0 travers la m\u00e9moire cellulaire.<\/span><\/p>\n<p><span style=\"font-weight: 400;\">D\u00e8s sa conception, le corps de l\u2019animal <strong>m\u00e9morise chaque \u00e9v\u00e9nement<\/strong> qu\u2019il soit traumatisant ou non. Il peut \u00e9galement absorber nos \u00e9motions, nos \u00e9tats de stress. Son <strong>corps<\/strong> devient alors une <strong>\u00e9ponge \u00e9motionnelle<\/strong>, et va <strong>conserver ces traces<\/strong> pouvant cr\u00e9er des <strong>blocages<\/strong> \u00e9motionnels, chimiques ou physiques.\u00a0<\/span><\/p>\n<p><span style=\"font-weight: 400;\">Cette technique va ainsi lui permettre de <strong>lib\u00e9rer<\/strong> ces blocages pour l\u2019amener vers un \u00e9tat de <strong>mieux \u00eatre<\/strong>. <\/span>[\/vc_column_text][vc_empty_space height=&#8221;15px&#8221;][vc_column_text]<\/p>\n<h3><b>Moyens<\/b><\/h3>\n<p style=\"padding-left: 40px;\"><span style=\"font-weight: 400;\">En direct sur l\u2019animal avec une \u00e9coute musculaire et tissulaire. Le contact direct avec l\u2019animal me permet de travailler avec lui dans son environnement. Cela \u00e9vite le stress du d\u00e9placement dans un lieu inconnu.\u00a0<\/span><\/p>\n<p style=\"padding-left: 40px;\"><span style=\"font-weight: 400;\">En transfert : les informations \u00e9nerg\u00e9tiques sont transf\u00e9r\u00e9es sur le gardien. Le transfert est b\u00e9n\u00e9fique lorsque l\u2019animal n\u2019est pas approchable (chien peureux, agressif, \u2026) ou bien les jeunes animaux.<\/span><\/p>\n<p>[\/vc_column_text][vc_empty_space height=&#8221;15px&#8221;][vc_column_text]<\/p>\n<h3><b>Qu\u2019est ce que la R\u00e9flexologie Cranio-sacr\u00e9e\u00a0 ?<\/b><\/h3>\n<p><span style=\"font-weight: 400;\">C\u2019est une technique de <strong>soin \u00e9nerg\u00e9tique<\/strong> bas\u00e9e sur les mouvements des fluides et sur l&#8217;\u00e9coute du corps. Elle agit sur l&#8217;<strong>\u00e9quilibre<\/strong> de la <strong>cha\u00eene cranio sacr\u00e9e<\/strong> permettant \u00e0 l&#8217;organisme de r\u00e9cup\u00e9rer toute ses capacit\u00e9s d&#8217;hom\u00e9ostasie, son \u00e9nergie vitale.<\/span><\/p>\n<p>Aucune manipulation en force n&#8217;est pratiqu\u00e9e.[\/vc_column_text][\/vc_column][\/vc_row][vc_row][vc_column][vc_empty_space][\/vc_column][\/vc_row][vc_row equal_height=&#8221;yes&#8221; content_placement=&#8221;middle&#8221;][vc_column width=&#8221;1\/3&#8243;][vc_separator color=&#8221;mulled_wine&#8221; border_width=&#8221;3&#8243;][\/vc_column][vc_column width=&#8221;1\/3&#8243;][vc_column_text]<\/p>\n<h4 style=\"text-align: center;\">POURQUOI ?<\/h4>\n<p>[\/vc_column_text][\/vc_column][vc_column width=&#8221;1\/3&#8243;][vc_separator color=&#8221;mulled_wine&#8221; border_width=&#8221;3&#8243;][\/vc_column][\/vc_row][vc_row equal_height=&#8221;yes&#8221; content_placement=&#8221;middle&#8221;][vc_column width=&#8221;1\/3&#8243; css=&#8221;.vc_custom_1681889304468{padding-top: 35px !important;padding-right: 35px !important;padding-bottom: 35px !important;padding-left: 35px !important;}&#8221;][vc_column_text css=&#8221;.vc_custom_1681889458193{border-top-width: 3px !important;border-right-width: 3px !important;border-bottom-width: 3px !important;border-left-width: 3px !important;padding-top: 25px !important;padding-right: 25px !important;padding-bottom: 25px !important;padding-left: 25px !important;}&#8221;]<\/p>\n<h4 style=\"text-align: center;\"><strong>ANIMAUX DE COMPAGNIE<\/strong><\/h4>\n<p>&nbsp;<\/p>\n<ul>\n<li>Nervosit\u00e9<\/li>\n<li>Destruction<\/li>\n<li>St\u00e9r\u00e9otypies<\/li>\n<li>Probl\u00e8mes d&#8217;alimentation<\/li>\n<li>Sociabilisation<\/li>\n<li>\u00a0Probl\u00e8mes de peau<\/li>\n<li>Agressivit\u00e9<\/li>\n<li>D\u00e9pression<\/li>\n<li>Comportements inexpliqu\u00e9s<\/li>\n<\/ul>\n<h5><\/h5>\n<h5 style=\"text-align: center;\">ETC&#8230;<\/h5>\n<p>[\/vc_column_text][\/vc_column][vc_column width=&#8221;1\/3&#8243;][vc_gallery interval=&#8221;5&#8243; images=&#8221;3717,3748,3488&#8243; img_size=&#8221;full&#8221; css=&#8221;.vc_custom_1682081587952{border-top-width: 3px !important;border-right-width: 3px !important;border-bottom-width: 3px !important;border-left-width: 3px !important;padding-top: 35px !important;padding-right: 3px !important;padding-bottom: 3px !important;padding-left: 3px !important;}&#8221;][\/vc_column][vc_column width=&#8221;1\/3&#8243;][vc_column_text]<\/p>\n<h4 style=\"text-align: center;\"><strong>ANIMAUX D&#8217;ELEVAGE<\/strong><\/h4>\n<p>&nbsp;<\/p>\n<ul>\n<li>Production alt\u00e9r\u00e9e<\/li>\n<li>Probl\u00e8mes de comportement<\/li>\n<li>Perte en masse<\/li>\n<li>Gestation difficile<\/li>\n<li>Probl\u00e8mes de fertilit\u00e9<\/li>\n<li>Mort n\u00e9s<\/li>\n<li>Agressivit\u00e9<\/li>\n<li>Probl\u00e8mes de sant\u00e9 r\u00e9currents<\/li>\n<\/ul>\n<h5><\/h5>\n<h5 style=\"text-align: center;\">ETC&#8230;<\/h5>\n<p>[\/vc_column_text][\/vc_column][\/vc_row][vc_row][vc_column][vc_separator color=&#8221;mulled_wine&#8221; border_width=&#8221;3&#8243;][\/vc_column][\/vc_row][vc_row][vc_column][vc_empty_space height=&#8221;20px&#8221;][\/vc_column][\/vc_row][vc_row][vc_column][vc_column_text]<\/p>\n<p style=\"text-align: center;\"><strong>CETTE TECHNIQUE NE REMPLACE EN AUCUN CAS LA MEDECINE VETERINAIRE OU L&#8217;INTERVENTION D&#8217;UN EDUCATEUR. <\/strong><\/p>\n<p>&nbsp;<\/p>\n<p><span style=\"font-weight: 400;\">Elle ne peut pas \u00eatre utilis\u00e9e pour \u00e9tablir un diagnostic.\u00a0<\/span><\/p>\n<p><span style=\"font-weight: 400;\">La kin\u00e9siologie peut venir en compl\u00e9ment du traitement prescrit par le v\u00e9t\u00e9rinaire, des soins ost\u00e9opathiques et autres. <\/span>[\/vc_column_text][\/vc_column][\/vc_row][vc_row][vc_column][vc_empty_space height=&#8221;10px&#8221;][\/vc_column][\/vc_row][vc_row equal_height=&#8221;yes&#8221; content_placement=&#8221;middle&#8221; css=&#8221;.vc_custom_1682081481443{padding-top: 35px !important;padding-right: 35px !important;padding-bottom: 35px !important;padding-left: 35px !important;}&#8221;][vc_column width=&#8221;1\/2&#8243; css=&#8221;.vc_custom_1682081557059{padding: 35px !important;background-image: url(https:\/\/lesfanonsdulien.com\/wp-content\/uploads\/2023\/04\/VACHE1.png?id=3992) !important;background-position: center !important;background-repeat: no-repeat !important;background-size: cover !important;}&#8221;][\/vc_column][vc_column width=&#8221;1\/2&#8243; css=&#8221;.vc_custom_1682081323610{padding-top: 35px !important;padding-right: 35px !important;padding-bottom: 35px !important;padding-left: 35px !important;background-color: #c0e3de !important;}&#8221;][vc_column_text css=&#8221;.vc_custom_1702908191177{border-top-width: 3px !important;border-right-width: 3px !important;border-bottom-width: 3px !important;border-left-width: 3px !important;padding-top: 25px !important;padding-right: 25px !important;padding-bottom: 25px !important;padding-left: 25px !important;border-left-color: #ffffff !important;border-left-style: solid !important;border-right-color: #ffffff !important;border-right-style: solid !important;border-top-color: #ffffff !important;border-top-style: solid !important;border-bottom-color: #ffffff !important;border-bottom-style: solid !important;}&#8221;]<\/p>\n<h4><\/h4>\n<h4><\/h4>\n<h4 style=\"text-align: center; color: #ffffff;\">SEANCE DE KINESIOLOGIE ANIMALE<\/h4>\n<p>&nbsp;<\/p>\n<p style=\"text-align: center; color: #4e4562;\">DUREE : 1h30<\/p>\n<p style=\"text-align: center; color: #4e4562;\">Au lieu de vie de l&#8217;animal<\/p>\n<p>&nbsp;<\/p>\n<p>&nbsp;<\/p>\n<h5 style=\"text-align: center; color: #ffffff;\">TARIF : 60\u20ac<\/h5>\n<p style=\"text-align: center; color: #ffffff;\"><em>hors frais de d\u00e9placements<\/em><\/p>\n<p>[\/vc_column_text][\/vc_column][\/vc_row][vc_row equal_height=&#8221;yes&#8221; content_placement=&#8221;middle&#8221; css=&#8221;.vc_custom_1681891126350{padding-top: 35px !important;padding-right: 35px !important;padding-bottom: 35px !important;padding-left: 35px !important;}&#8221;][vc_column width=&#8221;1\/2&#8243; css=&#8221;.vc_custom_1681891995986{border-top-width: 3px !important;border-right-width: 3px !important;border-bottom-width: 3px !important;border-left-width: 3px !important;padding-top: 25px !important;padding-right: 25px !important;padding-bottom: 25px !important;padding-left: 25px !important;background-color: #c0e3de !important;border-left-color: #ffffff !important;border-left-style: solid !important;border-right-color: #ffffff !important;border-right-style: solid !important;border-top-color: #ffffff !important;border-top-style: solid !important;border-bottom-color: #ffffff !important;border-bottom-style: solid !important;}&#8221;][vc_column_text css=&#8221;.vc_custom_1702908205085{border-top-width: 3px !important;border-right-width: 3px !important;border-bottom-width: 3px !important;border-left-width: 3px !important;padding-top: 25px !important;padding-right: 25px !important;padding-bottom: 25px !important;padding-left: 25px !important;border-left-color: #ffffff !important;border-left-style: solid !important;border-right-color: #ffffff !important;border-right-style: solid !important;border-top-color: #ffffff !important;border-top-style: solid !important;border-bottom-color: #ffffff !important;border-bottom-style: solid !important;}&#8221;]<\/p>\n<h4><\/h4>\n<h4><\/h4>\n<h4 style=\"text-align: center; color: #ffffff;\">SEANCE DE REFLEXOLOGIE CRANIO-SACREE<\/h4>\n<p>&nbsp;<\/p>\n<p style=\"text-align: center; color: #4e4562;\">DUREE : environ 1h<\/p>\n<p style=\"text-align: center; color: #4e4562;\">Au lieu de vie de l&#8217;animal<\/p>\n<h5 style=\"text-align: center; color: #ffffff;\">TARIF : 60\u20ac<em>hors frais de d\u00e9placements<\/em><\/h5>\n<p>[\/vc_column_text][\/vc_column][vc_column width=&#8221;1\/2&#8243; css=&#8221;.vc_custom_1682081530949{padding: 35px !important;background-image: url(https:\/\/lesfanonsdulien.com\/wp-content\/uploads\/2023\/04\/CHEVAL1.png?id=3994) !important;background-position: center !important;background-repeat: no-repeat !important;background-size: cover !important;}&#8221;][\/vc_column][\/vc_row]<\/p>\n","protected":false},"excerpt":{"rendered":"<p>[vc_row full_width=&#8221;stretch_row&#8221; content_placement=&#8221;middle&#8221; el_class=&#8221;slide-pi&#8221; css=&#8221;.vc_custom_1682079870753{padding-top: 20px !important;padding-bottom: 120px !important;background-image: url(https:\/\/lesfanonsdulien.com\/wp-content\/uploads\/2020\/12\/IMG_0114-scaled.jpg?id=3487) !important;background-position: center !important;background-repeat: no-repeat !important;background-size: cover !important;}&#8221;][vc_column][vc_column_text el_class=&#8221;breadcrumb&#8221; css=&#8221;.vc_custom_1682079285608{padding-bottom: 120px !important;}&#8221;]Les Fanons du Lien > Kin\u00e9siologie[\/vc_column_text][vc_column_text] Kin\u00e9siologie Animale [\/vc_column_text][\/vc_column][\/vc_row][vc_row][vc_column][vc_column_text] Allez \u00e0 la rencontre de la partie invisible de son histoire&#8230;<\/p>\n","protected":false},"author":10,"featured_media":0,"parent":0,"menu_order":0,"comment_status":"closed","ping_status":"closed","template":"","meta":[],"yoast_head":"<!-- This site is optimized with the Yoast SEO plugin v15.3 - https:\/\/yoast.com\/wordpress\/plugins\/seo\/ -->\n<title>Kin\u00e9siologie Animale - Les Fanons du Lien<\/title>\n<meta name=\"robots\" content=\"index, follow, max-snippet:-1, max-image-preview:large, max-video-preview:-1\" \/>\n<link rel=\"canonical\" href=\"https:\/\/lesfanonsdulien.com\/kinesiologie\/\" \/>\n<meta property=\"og:locale\" content=\"en_US\" \/>\n<meta property=\"og:type\" content=\"article\" \/>\n<meta property=\"og:title\" content=\"Kin\u00e9siologie Animale\" \/>\n<meta property=\"og:description\" content=\"[vc_row full_width=&#8221;stretch_row&#8221; content_placement=&#8221;middle&#8221; el_class=&#8221;slide-pi&#8221; css=&#8221;.vc_custom_1682079870753{padding-top: 20px !important;padding-bottom: 120px !important;background-image: url(https:\/\/lesfanonsdulien.com\/wp-content\/uploads\/2020\/12\/IMG_0114-scaled.jpg?id=3487) !important;background-position: center !important;background-repeat: no-repeat !important;background-size: cover !important;}&#8221;][vc_column][vc_column_text el_class=&#8221;breadcrumb&#8221; css=&#8221;.vc_custom_1682079285608{padding-bottom: 120px !important;}&#8221;]Les Fanons du Lien &gt; Kin\u00e9siologie[\/vc_column_text][vc_column_text] Kin\u00e9siologie Animale [\/vc_column_text][\/vc_column][\/vc_row][vc_row][vc_column][vc_column_text] Allez \u00e0 la rencontre de la partie invisible de son histoire...\" \/>\n<meta property=\"og:url\" content=\"https:\/\/lesfanonsdulien.com\/kinesiologie\/\" \/>\n<meta property=\"og:site_name\" content=\"Les Fanons du Lien\" \/>\n<meta property=\"article:modified_time\" content=\"2023-12-18T14:03:29+00:00\" \/>\n<meta name=\"twitter:card\" content=\"summary_large_image\" \/>\n<meta name=\"twitter:label1\" content=\"Written by\">\n\t<meta name=\"twitter:data1\" content=\"Julie et C\u00e9line\">\n\t<meta name=\"twitter:label2\" content=\"Est. reading time\">\n\t<meta name=\"twitter:data2\" content=\"5 minutes\">\n<script type=\"application\/ld+json\" class=\"yoast-schema-graph\">{\"@context\":\"https:\/\/schema.org\",\"@graph\":[{\"@type\":\"WebSite\",\"@id\":\"https:\/\/lesfanonsdulien.com\/#website\",\"url\":\"https:\/\/lesfanonsdulien.com\/\",\"name\":\"Les Fanons du Lien\",\"description\":\"\",\"potentialAction\":[{\"@type\":\"SearchAction\",\"target\":\"https:\/\/lesfanonsdulien.com\/?s={search_term_string}\",\"query-input\":\"required name=search_term_string\"}],\"inLanguage\":\"en-US\"},{\"@type\":\"WebPage\",\"@id\":\"https:\/\/lesfanonsdulien.com\/kinesiologie\/#webpage\",\"url\":\"https:\/\/lesfanonsdulien.com\/kinesiologie\/\",\"name\":\"[:fr]Kin\\u00e9siologie Animale[:] - Les Fanons du Lien\",\"isPartOf\":{\"@id\":\"https:\/\/lesfanonsdulien.com\/#website\"},\"datePublished\":\"2023-04-02T14:28:51+00:00\",\"dateModified\":\"2023-12-18T14:03:29+00:00\",\"inLanguage\":\"en-US\",\"potentialAction\":[{\"@type\":\"ReadAction\",\"target\":[\"https:\/\/lesfanonsdulien.com\/kinesiologie\/\"]}]}]}<\/script>\n<!-- \/ Yoast SEO plugin. -->","_links":{"self":[{"href":"https:\/\/lesfanonsdulien.com\/en\/wp-json\/wp\/v2\/pages\/3784"}],"collection":[{"href":"https:\/\/lesfanonsdulien.com\/en\/wp-json\/wp\/v2\/pages"}],"about":[{"href":"https:\/\/lesfanonsdulien.com\/en\/wp-json\/wp\/v2\/types\/page"}],"author":[{"embeddable":true,"href":"https:\/\/lesfanonsdulien.com\/en\/wp-json\/wp\/v2\/users\/10"}],"replies":[{"embeddable":true,"href":"https:\/\/lesfanonsdulien.com\/en\/wp-json\/wp\/v2\/comments?post=3784"}],"version-history":[{"count":11,"href":"https:\/\/lesfanonsdulien.com\/en\/wp-json\/wp\/v2\/pages\/3784\/revisions"}],"predecessor-version":[{"id":4311,"href":"https:\/\/lesfanonsdulien.com\/en\/wp-json\/wp\/v2\/pages\/3784\/revisions\/4311"}],"wp:attachment":[{"href":"https:\/\/lesfanonsdulien.com\/en\/wp-json\/wp\/v2\/media?parent=3784"}],"curies":[{"name":"wp","href":"https:\/\/api.w.org\/{rel}","templated":true}]}}