{"id":3785,"date":"2023-04-02T16:28:51","date_gmt":"2023-04-02T14:28:51","guid":{"rendered":"https:\/\/lesfanonsdulien.com\/?page_id=3785"},"modified":"2023-04-04T15:21:31","modified_gmt":"2023-04-04T13:21:31","slug":"tarifs","status":"publish","type":"page","link":"https:\/\/lesfanonsdulien.com\/en\/tarifs\/","title":{"rendered":"Tarifs"},"content":{"rendered":"<p>[vc_row full_width=&#8221;stretch_row&#8221; content_placement=&#8221;middle&#8221; el_class=&#8221;slide-pi&#8221; css=&#8221;.vc_custom_1680521077896{padding-top: 20px !important;padding-bottom: 120px !important;background-image: url(https:\/\/lesfanonsdulien.com\/wp-content\/uploads\/2023\/04\/IMG_5279-1-scaled.jpg?id=3913) !important;}&#8221;][vc_column][vc_column_text el_class=&#8221;breadcrumb&#8221; css=&#8221;.vc_custom_1680520739314{padding-bottom: 120px !important;}&#8221;]<a href=\"\/\">Les Fanons du Lien<\/a> > <a href=\"\/equicie\/\">\u00c9quicie<\/a> > Modalit\u00e9s et Tarifs[\/vc_column_text][vc_column_text]<\/p>\n<h1 style=\"text-align: center;\">Modalit\u00e9s et Tarifs<\/h1>\n<p>[\/vc_column_text][\/vc_column][\/vc_row][vc_row][vc_column][vc_column_text]<\/p>\n<p>&nbsp;<\/p>\n<h4 style=\"text-align: center;\"><strong>MODALITES<\/strong><\/h4>\n<p>&nbsp;<\/p>\n<p>[\/vc_column_text][vc_row_inner equal_height=&#8221;yes&#8221; content_placement=&#8221;middle&#8221;][vc_column_inner width=&#8221;1\/2&#8243;][vc_single_image image=&#8221;3459&#8243; img_size=&#8221;full&#8221; alignment=&#8221;center&#8221; style=&#8221;vc_box_border&#8221; border_color=&#8221;black&#8221;][\/vc_column_inner][vc_column_inner width=&#8221;1\/2&#8243;][vc_column_text]Chaque d\u00e9but d\u2019accompagnement se fait par\u00a0<strong>deux s\u00e9ances d\u2019observation<\/strong>\u00a0de la personne avec les chevaux. Lors de ces s\u00e9ances, l\u2019\u00e9quicienne prend note des\u00a0<strong>indicateurs de bien-\u00eatre<\/strong>\u00a0de la personne, de son\u00a0<strong>mode de communication<\/strong>\u00a0et des\u00a0<strong>faits observables<\/strong>.<br \/>\nA la suite de ces s\u00e9ances, un\u00a0<strong>entretien d\u2019une demi-heure<\/strong>\u00a0est mis en place avec la personne accompagn\u00e9e et ses encadrants. Un\u00a0<strong>projet<\/strong>\u00a0est alors d\u00e9cid\u00e9 en accord avec la demande d\u2019origine. Il est r\u00e9fl\u00e9chi avec la participation de toutes les parties concern\u00e9es.<\/p>\n<p>Le suivi sera ensuite mis en place \u00e0 raison d\u2019<strong>une s\u00e9ance hebdomadaire ou tous les quinze jours<\/strong>. En effet, une\u00a0<strong>r\u00e9gularit\u00e9<\/strong>\u00a0est primordiale pour la progression ainsi que la mise en place d\u2019un cadre s\u00e9curisant et constant.<\/p>\n<p>Lors de la troisi\u00e8me s\u00e9ance il faudra fournir ces documents :<\/p>\n<ul>\n<li>Un\u00a0<strong>certificat m\u00e9dical<\/strong>\u00a0pour la mise \u00e0 cheval<\/li>\n<li>La\u00a0<strong>fiche d\u2019inscription<\/strong><\/li>\n<li>L\u2019<strong>autorisation du droit \u00e0 l\u2019image<\/strong><\/li>\n<\/ul>\n<p>Il sera n\u00e9cessaire de venir avec une\u00a0<strong>tenue adapt\u00e9e<\/strong>\u00a0: pantalon, chaussures ferm\u00e9es et bottes en hiver.[\/vc_column_text][\/vc_column_inner][\/vc_row_inner][\/vc_column][\/vc_row][vc_row][vc_column][vc_column_text]<\/p>\n<p>&nbsp;<\/p>\n<p>&nbsp;<\/p>\n<h4 style=\"text-align: center;\"><strong>TARIFS<\/strong><\/h4>\n<p>&nbsp;<\/p>\n<p>&nbsp;<\/p>\n<p>[\/vc_column_text][vc_row_inner equal_height=&#8221;yes&#8221; content_placement=&#8221;middle&#8221;][vc_column_inner width=&#8221;1\/2&#8243;][vc_column_text]<strong>S\u00e9ance individuelle, 1h :<\/strong><\/p>\n<ul>\n<li>A l&#8217;unit\u00e9 : 47\u20ac<\/li>\n<li>Carte de 10 : 430\u20ac<\/li>\n<\/ul>\n<p><strong>S\u00e9ance 2 personnes, 1h30 :<\/strong><\/p>\n<ul>\n<li>A l&#8217;unit\u00e9 : 74\u20ac (37\u20ac par personne)<\/li>\n<li>Carte de 10 : 690\u20ac (345\u20ac par personne)<\/li>\n<\/ul>\n<p><strong>S\u00e9ance 3 personnes, 1h30 :\u00a0<\/strong><\/p>\n<ul>\n<li>A l&#8217;unit\u00e9 : 96\u20ac (32\u20ac par personne)<\/li>\n<li>Carte de 10 : 870\u20ac (270\u20ac par personne)<\/li>\n<\/ul>\n<p style=\"text-align: center;\"><em><strong>Toute s\u00e9ance non annul\u00e9e 24H \u00e0 l&#8217;avance sera factur\u00e9e.<\/strong><\/em><\/p>\n<p>Le tarif comprend\u00a0<b>les s\u00e9ances d&#8217;observations, l&#8217;entretien<\/b>\u00a0et la\u00a0<strong>r\u00e9daction d\u2019un projet individualis\u00e9<\/strong>\u00a0 ainsi qu\u2019un <strong>compte-rendu \u00e9crit toutes les 10 s\u00e9ances<\/strong>\u00a0et une\u00a0<strong>visite ext\u00e9rieure<\/strong>\u00a0si besoin (r\u00e9union \u00e9cole ou institution par exemple).<\/p>\n<p>&nbsp;<\/p>\n<p>Les s\u00e9ances d\u2019\u00e9quicie ne sont pas rembours\u00e9es par la s\u00e9curit\u00e9 sociale<strong>\u00a0<\/strong>toutefois,<strong>\u00a0une aide au financement des s\u00e9ances peut \u00eatre demand\u00e9e aupr\u00e8s de :<\/strong><br \/>\n\u2013 Certaines\u00a0<em>mutuelles<\/em>.<br \/>\n\u2013 la\u00a0<em>Maison D\u00e9partementale des Personnes Handicap\u00e9es (MDPH)<\/em>\u00a0dans le cas d\u2019un handicap reconnu.<br \/>\n\u2013 la\u00a0<em>Caisse d\u2019Allocation Familiale (CAF)<\/em>.[\/vc_column_text][\/vc_column_inner][vc_column_inner width=&#8221;1\/2&#8243;][vc_single_image image=&#8221;3459&#8243; img_size=&#8221;full&#8221; alignment=&#8221;center&#8221; style=&#8221;vc_box_border&#8221; border_color=&#8221;black&#8221;][\/vc_column_inner][\/vc_row_inner][\/vc_column][\/vc_row][vc_row content_placement=&#8221;middle&#8221;][vc_column][vc_column_text]<\/p>\n<p>&nbsp;<\/p>\n<p>&nbsp;<\/p>\n<p>[\/vc_column_text][vc_btn title=&#8221;Demande de devis&#8221; color=&#8221;peacoc&#8221; align=&#8221;center&#8221; link=&#8221;url:https%3A%2F%2Flesfanonsdulien.com%2Fcontact%2F|title:Contact||&#8221;][\/vc_column][\/vc_row]<\/p>\n","protected":false},"excerpt":{"rendered":"<p>[vc_row full_width=&#8221;stretch_row&#8221; content_placement=&#8221;middle&#8221; el_class=&#8221;slide-pi&#8221; css=&#8221;.vc_custom_1680521077896{padding-top: 20px !important;padding-bottom: 120px !important;background-image: url(https:\/\/lesfanonsdulien.com\/wp-content\/uploads\/2023\/04\/IMG_5279-1-scaled.jpg?id=3913) !important;}&#8221;][vc_column][vc_column_text el_class=&#8221;breadcrumb&#8221; css=&#8221;.vc_custom_1680520739314{padding-bottom: 120px !important;}&#8221;]Les Fanons du Lien > \u00c9quicie > Modalit\u00e9s et Tarifs[\/vc_column_text][vc_column_text] Modalit\u00e9s et Tarifs [\/vc_column_text][\/vc_column][\/vc_row][vc_row][vc_column][vc_column_text] &nbsp; MODALITES &nbsp; [\/vc_column_text][vc_row_inner equal_height=&#8221;yes&#8221; content_placement=&#8221;middle&#8221;][vc_column_inner width=&#8221;1\/2&#8243;][vc_single_image image=&#8221;3459&#8243; img_size=&#8221;full&#8221; alignment=&#8221;center&#8221; style=&#8221;vc_box_border&#8221; border_color=&#8221;black&#8221;][\/vc_column_inner][vc_column_inner&#8230;<\/p>\n","protected":false},"author":10,"featured_media":0,"parent":0,"menu_order":0,"comment_status":"closed","ping_status":"closed","template":"","meta":[],"yoast_head":"<!-- This site is optimized with the Yoast SEO plugin v15.3 - https:\/\/yoast.com\/wordpress\/plugins\/seo\/ -->\n<title>Tarifs - Les Fanons du Lien<\/title>\n<meta name=\"robots\" content=\"index, follow, max-snippet:-1, max-image-preview:large, max-video-preview:-1\" \/>\n<link rel=\"canonical\" href=\"https:\/\/lesfanonsdulien.com\/tarifs\/\" \/>\n<meta property=\"og:locale\" content=\"en_US\" \/>\n<meta property=\"og:type\" content=\"article\" \/>\n<meta property=\"og:title\" content=\"Tarifs\" \/>\n<meta property=\"og:description\" content=\"[vc_row full_width=&#8221;stretch_row&#8221; content_placement=&#8221;middle&#8221; el_class=&#8221;slide-pi&#8221; css=&#8221;.vc_custom_1680521077896{padding-top: 20px !important;padding-bottom: 120px !important;background-image: url(https:\/\/lesfanonsdulien.com\/wp-content\/uploads\/2023\/04\/IMG_5279-1-scaled.jpg?id=3913) !important;}&#8221;][vc_column][vc_column_text el_class=&#8221;breadcrumb&#8221; css=&#8221;.vc_custom_1680520739314{padding-bottom: 120px !important;}&#8221;]Les Fanons du Lien &gt; \u00c9quicie &gt; Modalit\u00e9s et Tarifs[\/vc_column_text][vc_column_text] Modalit\u00e9s et Tarifs [\/vc_column_text][\/vc_column][\/vc_row][vc_row][vc_column][vc_column_text] &nbsp; MODALITES &nbsp; [\/vc_column_text][vc_row_inner equal_height=&#8221;yes&#8221; content_placement=&#8221;middle&#8221;][vc_column_inner width=&#8221;1\/2&#8243;][vc_single_image image=&#8221;3459&#8243; img_size=&#8221;full&#8221; alignment=&#8221;center&#8221; style=&#8221;vc_box_border&#8221; border_color=&#8221;black&#8221;][\/vc_column_inner][vc_column_inner...\" \/>\n<meta property=\"og:url\" content=\"https:\/\/lesfanonsdulien.com\/tarifs\/\" \/>\n<meta property=\"og:site_name\" content=\"Les Fanons du Lien\" \/>\n<meta property=\"article:modified_time\" content=\"2023-04-04T13:21:31+00:00\" \/>\n<meta name=\"twitter:card\" content=\"summary_large_image\" \/>\n<meta name=\"twitter:label1\" content=\"Written by\">\n\t<meta name=\"twitter:data1\" content=\"Julie et C\u00e9line\">\n\t<meta name=\"twitter:label2\" content=\"Est. reading time\">\n\t<meta name=\"twitter:data2\" content=\"2 minutes\">\n<script type=\"application\/ld+json\" class=\"yoast-schema-graph\">{\"@context\":\"https:\/\/schema.org\",\"@graph\":[{\"@type\":\"WebSite\",\"@id\":\"https:\/\/lesfanonsdulien.com\/#website\",\"url\":\"https:\/\/lesfanonsdulien.com\/\",\"name\":\"Les Fanons du Lien\",\"description\":\"\",\"potentialAction\":[{\"@type\":\"SearchAction\",\"target\":\"https:\/\/lesfanonsdulien.com\/?s={search_term_string}\",\"query-input\":\"required name=search_term_string\"}],\"inLanguage\":\"en-US\"},{\"@type\":\"WebPage\",\"@id\":\"https:\/\/lesfanonsdulien.com\/tarifs\/#webpage\",\"url\":\"https:\/\/lesfanonsdulien.com\/tarifs\/\",\"name\":\"[:fr]Tarifs[:] - Les Fanons du Lien\",\"isPartOf\":{\"@id\":\"https:\/\/lesfanonsdulien.com\/#website\"},\"datePublished\":\"2023-04-02T14:28:51+00:00\",\"dateModified\":\"2023-04-04T13:21:31+00:00\",\"inLanguage\":\"en-US\",\"potentialAction\":[{\"@type\":\"ReadAction\",\"target\":[\"https:\/\/lesfanonsdulien.com\/tarifs\/\"]}]}]}<\/script>\n<!-- \/ Yoast SEO plugin. -->","_links":{"self":[{"href":"https:\/\/lesfanonsdulien.com\/en\/wp-json\/wp\/v2\/pages\/3785"}],"collection":[{"href":"https:\/\/lesfanonsdulien.com\/en\/wp-json\/wp\/v2\/pages"}],"about":[{"href":"https:\/\/lesfanonsdulien.com\/en\/wp-json\/wp\/v2\/types\/page"}],"author":[{"embeddable":true,"href":"https:\/\/lesfanonsdulien.com\/en\/wp-json\/wp\/v2\/users\/10"}],"replies":[{"embeddable":true,"href":"https:\/\/lesfanonsdulien.com\/en\/wp-json\/wp\/v2\/comments?post=3785"}],"version-history":[{"count":8,"href":"https:\/\/lesfanonsdulien.com\/en\/wp-json\/wp\/v2\/pages\/3785\/revisions"}],"predecessor-version":[{"id":3918,"href":"https:\/\/lesfanonsdulien.com\/en\/wp-json\/wp\/v2\/pages\/3785\/revisions\/3918"}],"wp:attachment":[{"href":"https:\/\/lesfanonsdulien.com\/en\/wp-json\/wp\/v2\/media?parent=3785"}],"curies":[{"name":"wp","href":"https:\/\/api.w.org\/{rel}","templated":true}]}}