{"id":3787,"date":"2023-04-02T16:28:51","date_gmt":"2023-04-02T14:28:51","guid":{"rendered":"https:\/\/lesfanonsdulien.com\/?page_id=3787"},"modified":"2024-11-25T09:42:19","modified_gmt":"2024-11-25T08:42:19","slug":"pension-classique","status":"publish","type":"page","link":"https:\/\/lesfanonsdulien.com\/en\/pension-classique\/","title":{"rendered":"Pension Classique"},"content":{"rendered":"<p>[vc_row full_width=&#8221;stretch_row&#8221; content_placement=&#8221;middle&#8221; el_class=&#8221;slide-pi&#8221; css=&#8221;.vc_custom_1682079797456{padding-top: 20px !important;padding-bottom: 120px !important;background-image: url(https:\/\/lesfanonsdulien.com\/wp-content\/uploads\/2023\/04\/IMG_6438-scaled.jpg?id=3997) !important;background-position: center !important;background-repeat: no-repeat !important;background-size: cover !important;}&#8221;][vc_column][vc_column_text el_class=&#8221;breadcrumb&#8221;]<a href=\"http:\/\/lesfanonsdulien.com\">Les Fanons du Lien<\/a> > <a href=\"https:\/\/lesfanonsdulien.com\/pension\/\">Pension<\/a> > Pension Classique[\/vc_column_text][vc_column_text]<\/p>\n<h1 style=\"text-align: center;\">Pension Classique<\/h1>\n<p>[\/vc_column_text][\/vc_column][\/vc_row][vc_row][vc_column][vc_empty_space height=&#8221;10px&#8221;][\/vc_column][\/vc_row][vc_row][vc_column][vc_column_text]<\/p>\n<h2 style=\"text-align: center;\"><strong><em>Au plus proche de leurs besoins naturels<\/em><\/strong><\/h2>\n<p>[\/vc_column_text][\/vc_column][\/vc_row][vc_row][vc_column][vc_empty_space height=&#8221;20px&#8221;][\/vc_column][\/vc_row][vc_row][vc_column width=&#8221;1\/4&#8243;][vc_single_image image=&#8221;4000&#8243; img_size=&#8221;full&#8221; alignment=&#8221;center&#8221; style=&#8221;vc_box_shadow&#8221;][\/vc_column][vc_column width=&#8221;1\/4&#8243;][vc_single_image image=&#8221;4380&#8243; img_size=&#8221;full&#8221; alignment=&#8221;center&#8221; style=&#8221;vc_box_shadow&#8221;][\/vc_column][vc_column width=&#8221;1\/4&#8243;][vc_single_image image=&#8221;4001&#8243; img_size=&#8221;full&#8221; alignment=&#8221;center&#8221; style=&#8221;vc_box_shadow&#8221;][\/vc_column][vc_column width=&#8221;1\/4&#8243;][vc_single_image image=&#8221;4381&#8243; img_size=&#8221;full&#8221; alignment=&#8221;center&#8221; style=&#8221;vc_box_shadow&#8221;][\/vc_column][\/vc_row][vc_row][vc_column][vc_column_text]<\/p>\n<h3 class=\"wp-block-heading\">Mettre son cheval en pension aux Fanons du Lien c\u2019est :<\/h3>\n<ul>\n<li>Choisir de lui offrir une\u00a0<strong>qualit\u00e9 de vie optimale<\/strong>\u00a0en r\u00e9pondant \u00e0 ses besoins fondamentaux : manger et boire \u00e0 volont\u00e9, bouger et interagir avec ses cong\u00e9n\u00e8res.<\/li>\n<li>S\u2019assurer qu\u2019il b\u00e9n\u00e9ficie de\u00a0<strong>soins de qualit\u00e9<\/strong>\u00a0par des\u00a0<strong>professionnels exp\u00e9riment\u00e9s.<br \/>\n<\/strong><\/li>\n<li>De b\u00e9n\u00e9ficier d\u2019une\u00a0<strong>podologue<\/strong>\u00a0et d\u2019une\u00a0<strong>kin\u00e9siologue<\/strong>\u00a0sur place.<\/li>\n<li>Pouvoir faire appel \u00e0 des\u00a0<strong>professionnels ext\u00e9rieurs comp\u00e9tents<\/strong>\u00a0et soucieux du bien-\u00eatre \u00e9quin (shiatsu, ost\u00e9opathe, dentiste, v\u00e9t\u00e9rinaire, naturopathe\u2026)<\/li>\n<li>Pouvoir\u00a0<strong>progresser et \u00eatre accompagn\u00e9<\/strong>\u00a0dans l\u2019\u00e9ducation de votre cheval tout au long de l\u2019ann\u00e9e gr\u00e2ce \u00e0 nos s\u00e9ances d\u2019approches bienveillante du cheval.<\/li>\n<li>Recevoir des\u00a0<strong>conseils sur les soins<\/strong>\u00a0\u00e0 prodiguer si vous le souhaitez (choix du mat\u00e9riel\u00a0: selle, filet, etc.)<\/li>\n<\/ul>\n<h3 class=\"wp-block-heading\">Tous les chevaux en pension b\u00e9n\u00e9ficient :<\/h3>\n<ul>\n<li>De\u00a0<strong>pierres \u00e0 sel<\/strong>\u00a0en stabulation.<\/li>\n<li>D\u2019acc\u00e8s aux\u00a0<strong>fourrages \u00e0 volont\u00e9<\/strong>.<\/li>\n<\/ul>\n<p>[\/vc_column_text][vc_empty_space height=&#8221;25px&#8221;][vc_column_text]<\/p>\n<h3>Pourquoi choisir cette formule ?<\/h3>\n<p>Vous souhaitez que votre <strong>compagnon<\/strong> vive toute l&#8217;ann\u00e9e avec ses <strong>cong\u00e9n\u00e8res<\/strong>.<\/p>\n<p>Chaque <strong>troupeau<\/strong> de 4 \u00e0 8 chevaux est <strong>stable<\/strong>: un groupe de <strong>m\u00e2les<\/strong> uniquement et un groupe <strong>mixte<\/strong>.<\/p>\n<p>Il sera d&#8217;avril \u00e0 mi-d\u00e9cembre en <strong>grande p\u00e2ture<\/strong> avec de l&#8217;<strong>herbe en continu<\/strong> et foin \u00e0 volont\u00e9 si n\u00e9cessaire.<br \/>\nEt l&#8217;hiver en stabulation en troupeau avec <strong>sorties quotidiennes<\/strong> \u00e0 l&#8217;herbe, <strong>foin \u00e0 volont\u00e9<\/strong>, <strong>pierre \u00e0 sel.<\/strong>[\/vc_column_text][\/vc_column][\/vc_row][vc_row equal_height=&#8221;yes&#8221; content_placement=&#8221;middle&#8221;][vc_column width=&#8221;1\/2&#8243; css=&#8221;.vc_custom_1682081494429{padding-top: 35px !important;padding-right: 35px !important;padding-bottom: 35px !important;padding-left: 35px !important;background-image: url(https:\/\/lesfanonsdulien.com\/wp-content\/uploads\/2023\/04\/329702784_1611801605910901_340213153448739696_n.jpg?id=3898) !important;background-position: center !important;background-repeat: no-repeat !important;background-size: cover !important;}&#8221;][\/vc_column][vc_column width=&#8221;1\/2&#8243; css=&#8221;.vc_custom_1682081321670{padding: 35px !important;background-color: #c0e3de !important;}&#8221;][vc_column_text css_animation=&#8221;none&#8221; css=&#8221;.vc_custom_1732524106842{border-top-width: 3px !important;border-right-width: 3px !important;border-bottom-width: 3px !important;border-left-width: 3px !important;padding-top: 25px !important;padding-right: 25px !important;padding-bottom: 25px !important;padding-left: 25px !important;border-left-color: #ffffff !important;border-left-style: solid !important;border-right-color: #ffffff !important;border-right-style: solid !important;border-top-color: #ffffff !important;border-top-style: solid !important;border-bottom-color: #ffffff !important;border-bottom-style: solid !important;}&#8221;]<\/p>\n<h4><\/h4>\n<h4><\/h4>\n<h4 style=\"text-align: center; color: #ffffff;\">TARIF : 210\u20ac par mois<\/h4>\n<p>&nbsp;<\/p>\n<p style=\"text-align: center; color: #4e4562;\">OPTIONS<\/p>\n<p style=\"text-align: center; color: #4e4562;\">CMV Reverdy 20\u20ac\/mois<\/p>\n<p>&nbsp;<\/p>\n<p style=\"text-align: center; color: #4e4562;\">CMV Harmonie Nutrition Equine 30\u20ac\/mois<\/p>\n<p>&nbsp;<\/p>\n<p style=\"text-align: center; color: #4e4562;\">Suivi podologie 45\u20ac\/parage<\/p>\n<p>&nbsp;<\/p>\n<p style=\"text-align: center; color: #4e4562;\">Suivi kin\u00e9siologie 60\u20ac\/s\u00e9ance<\/p>\n<p>[\/vc_column_text][\/vc_column][\/vc_row]<\/p>\n","protected":false},"excerpt":{"rendered":"<p>[vc_row full_width=&#8221;stretch_row&#8221; content_placement=&#8221;middle&#8221; el_class=&#8221;slide-pi&#8221; css=&#8221;.vc_custom_1682079797456{padding-top: 20px !important;padding-bottom: 120px !important;background-image: url(https:\/\/lesfanonsdulien.com\/wp-content\/uploads\/2023\/04\/IMG_6438-scaled.jpg?id=3997) !important;background-position: center !important;background-repeat: no-repeat !important;background-size: cover !important;}&#8221;][vc_column][vc_column_text el_class=&#8221;breadcrumb&#8221;]Les Fanons du Lien > Pension > Pension Classique[\/vc_column_text][vc_column_text] Pension Classique [\/vc_column_text][\/vc_column][\/vc_row][vc_row][vc_column][vc_empty_space height=&#8221;10px&#8221;][\/vc_column][\/vc_row][vc_row][vc_column][vc_column_text] Au plus proche de leurs besoins naturels [\/vc_column_text][\/vc_column][\/vc_row][vc_row][vc_column][vc_empty_space height=&#8221;20px&#8221;][\/vc_column][\/vc_row][vc_row][vc_column width=&#8221;1\/4&#8243;][vc_single_image&#8230;<\/p>\n","protected":false},"author":10,"featured_media":0,"parent":0,"menu_order":0,"comment_status":"closed","ping_status":"closed","template":"","meta":[],"yoast_head":"<!-- This site is optimized with the Yoast SEO plugin v15.3 - https:\/\/yoast.com\/wordpress\/plugins\/seo\/ -->\n<title>Pension Classique - Les Fanons du Lien<\/title>\n<meta name=\"robots\" content=\"index, follow, max-snippet:-1, max-image-preview:large, max-video-preview:-1\" \/>\n<link rel=\"canonical\" href=\"https:\/\/lesfanonsdulien.com\/pension-classique\/\" \/>\n<meta property=\"og:locale\" content=\"en_US\" \/>\n<meta property=\"og:type\" content=\"article\" \/>\n<meta property=\"og:title\" content=\"Pension Classique\" \/>\n<meta property=\"og:description\" content=\"[vc_row full_width=&#8221;stretch_row&#8221; content_placement=&#8221;middle&#8221; el_class=&#8221;slide-pi&#8221; css=&#8221;.vc_custom_1682079797456{padding-top: 20px !important;padding-bottom: 120px !important;background-image: url(https:\/\/lesfanonsdulien.com\/wp-content\/uploads\/2023\/04\/IMG_6438-scaled.jpg?id=3997) !important;background-position: center !important;background-repeat: no-repeat !important;background-size: cover !important;}&#8221;][vc_column][vc_column_text el_class=&#8221;breadcrumb&#8221;]Les Fanons du Lien &gt; Pension &gt; Pension Classique[\/vc_column_text][vc_column_text] Pension Classique [\/vc_column_text][\/vc_column][\/vc_row][vc_row][vc_column][vc_empty_space height=&#8221;10px&#8221;][\/vc_column][\/vc_row][vc_row][vc_column][vc_column_text] Au plus proche de leurs besoins naturels [\/vc_column_text][\/vc_column][\/vc_row][vc_row][vc_column][vc_empty_space height=&#8221;20px&#8221;][\/vc_column][\/vc_row][vc_row][vc_column width=&#8221;1\/4&#8243;][vc_single_image...\" \/>\n<meta property=\"og:url\" content=\"https:\/\/lesfanonsdulien.com\/pension-classique\/\" \/>\n<meta property=\"og:site_name\" content=\"Les Fanons du Lien\" \/>\n<meta property=\"article:modified_time\" content=\"2024-11-25T08:42:19+00:00\" \/>\n<meta name=\"twitter:card\" content=\"summary_large_image\" \/>\n<meta name=\"twitter:label1\" content=\"Written by\">\n\t<meta name=\"twitter:data1\" content=\"Julie et C\u00e9line\">\n\t<meta name=\"twitter:label2\" content=\"Est. reading time\">\n\t<meta name=\"twitter:data2\" content=\"2 minutes\">\n<script type=\"application\/ld+json\" class=\"yoast-schema-graph\">{\"@context\":\"https:\/\/schema.org\",\"@graph\":[{\"@type\":\"WebSite\",\"@id\":\"https:\/\/lesfanonsdulien.com\/#website\",\"url\":\"https:\/\/lesfanonsdulien.com\/\",\"name\":\"Les Fanons du Lien\",\"description\":\"\",\"potentialAction\":[{\"@type\":\"SearchAction\",\"target\":\"https:\/\/lesfanonsdulien.com\/?s={search_term_string}\",\"query-input\":\"required name=search_term_string\"}],\"inLanguage\":\"en-US\"},{\"@type\":\"WebPage\",\"@id\":\"https:\/\/lesfanonsdulien.com\/pension-classique\/#webpage\",\"url\":\"https:\/\/lesfanonsdulien.com\/pension-classique\/\",\"name\":\"[:fr]Pension Classique[:] - Les Fanons du Lien\",\"isPartOf\":{\"@id\":\"https:\/\/lesfanonsdulien.com\/#website\"},\"datePublished\":\"2023-04-02T14:28:51+00:00\",\"dateModified\":\"2024-11-25T08:42:19+00:00\",\"inLanguage\":\"en-US\",\"potentialAction\":[{\"@type\":\"ReadAction\",\"target\":[\"https:\/\/lesfanonsdulien.com\/pension-classique\/\"]}]}]}<\/script>\n<!-- \/ Yoast SEO plugin. -->","_links":{"self":[{"href":"https:\/\/lesfanonsdulien.com\/en\/wp-json\/wp\/v2\/pages\/3787"}],"collection":[{"href":"https:\/\/lesfanonsdulien.com\/en\/wp-json\/wp\/v2\/pages"}],"about":[{"href":"https:\/\/lesfanonsdulien.com\/en\/wp-json\/wp\/v2\/types\/page"}],"author":[{"embeddable":true,"href":"https:\/\/lesfanonsdulien.com\/en\/wp-json\/wp\/v2\/users\/10"}],"replies":[{"embeddable":true,"href":"https:\/\/lesfanonsdulien.com\/en\/wp-json\/wp\/v2\/comments?post=3787"}],"version-history":[{"count":14,"href":"https:\/\/lesfanonsdulien.com\/en\/wp-json\/wp\/v2\/pages\/3787\/revisions"}],"predecessor-version":[{"id":4454,"href":"https:\/\/lesfanonsdulien.com\/en\/wp-json\/wp\/v2\/pages\/3787\/revisions\/4454"}],"wp:attachment":[{"href":"https:\/\/lesfanonsdulien.com\/en\/wp-json\/wp\/v2\/media?parent=3787"}],"curies":[{"name":"wp","href":"https:\/\/api.w.org\/{rel}","templated":true}]}}