{"id":4132,"date":"2023-06-08T09:00:34","date_gmt":"2023-06-08T07:00:34","guid":{"rendered":"https:\/\/lesfanonsdulien.com\/?page_id=4132"},"modified":"2023-07-25T15:01:51","modified_gmt":"2023-07-25T13:01:51","slug":"njord-du-lien","status":"publish","type":"page","link":"https:\/\/lesfanonsdulien.com\/en\/njord-du-lien\/","title":{"rendered":"Njord du Lien"},"content":{"rendered":"<p>[vc_row full_width=&#8221;stretch_row_content&#8221; content_placement=&#8221;middle&#8221; el_class=&#8221;slide-pi&#8221; css=&#8221;.vc_custom_1686639309654{padding-top: 130px !important;padding-right: 130px !important;padding-bottom: 130px !important;padding-left: 130px !important;background-image: url(https:\/\/lesfanonsdulien.com\/wp-content\/uploads\/2023\/06\/IMG_8283-scaled.jpg?id=4138) !important;background-position: center !important;background-repeat: no-repeat !important;background-size: cover !important;}&#8221;][vc_column][vc_column_text el_class=&#8221;breadcrumb&#8221; css=&#8221;.vc_custom_1686207611421{padding-bottom: 120px !important;}&#8221;]<a href=\"\/\">Les Fanons du Lien<\/a> > <a href=\"https:\/\/lesfanonsdulien.com\/elevage\/\">\u00c9levage<\/a> > <a href=\"https:\/\/lesfanonsdulien.com\/nos-poulains\/\">Nos Poulains<\/a> > <a href=\"https:\/\/lesfanonsdulien.com\/naissance-2023\/\">Naissances 2023<\/a> > Njord du Lien[\/vc_column_text][vc_column_text]<\/p>\n<h1 style=\"text-align: center;\">Njord du Lien<\/h1>\n<p>[\/vc_column_text][\/vc_column][\/vc_row][vc_row][vc_column][vc_empty_space height=&#8221;15px&#8221;][\/vc_column][\/vc_row][vc_row equal_height=&#8221;yes&#8221; content_placement=&#8221;middle&#8221;][vc_column width=&#8221;1\/2&#8243;][vc_gallery interval=&#8221;5&#8243; images=&#8221;4216,4250,4137,4218,4131&#8243; img_size=&#8221;full&#8221;][\/vc_column][vc_column width=&#8221;1\/2&#8243;][vc_gallery interval=&#8221;5&#8243; images=&#8221;4249,4141,4252,4138,4217&#8243; img_size=&#8221;full&#8221;][\/vc_column][\/vc_row][vc_row][vc_column width=&#8221;1\/3&#8243;][vc_column_text]<\/p>\n<h3 style=\"text-align: center;\">Ameda<\/h3>\n<p>[\/vc_column_text][vc_single_image image=&#8221;3733&#8243; img_size=&#8221;full&#8221; alignment=&#8221;center&#8221; style=&#8221;vc_box_border_circle&#8221; border_color=&#8221;black&#8221;][\/vc_column][vc_column width=&#8221;1\/3&#8243; css=&#8221;.vc_custom_1686638057777{padding: 35px !important;background-color: rgba(199,221,229,0.56) !important;*background-color: rgb(199,221,229) !important;}&#8221;][vc_column_text css=&#8221;.vc_custom_1690266984587{border-top-width: 3px !important;border-right-width: 3px !important;border-bottom-width: 3px !important;border-left-width: 3px !important;padding-top: 25px !important;padding-right: 25px !important;padding-bottom: 25px !important;padding-left: 25px !important;border-left-color: #ffffff !important;border-left-style: solid !important;border-right-color: #ffffff !important;border-right-style: solid !important;border-top-color: #ffffff !important;border-top-style: solid !important;border-bottom-color: #ffffff !important;border-bottom-style: solid !important;}&#8221;]<\/p>\n<p style=\"text-align: center;\">Njord du Lien est n\u00e9 le 4 juin 2023 du mariage entre Ameda (alezane crins lav\u00e9s) et Beachboy (Palomino).<\/p>\n<p style=\"text-align: center;\"><em>Njord est une divinit\u00e9 nordique, le dieu de la Mer.<\/em><\/p>\n<div class=\"x11i5rnm xat24cr x1mh8g0r x1vvkbs xtlvy1s x126k92a\">\n<div dir=\"auto\" style=\"text-align: center;\">Il est un magnifique m\u00e2le palomino qui sera de taille moyenne, estim\u00e9e autour d&#8217;1m45. Une morphologie \u00e0 tomber, une bouille \u00e0 bisous, des yeux de biche et des poils \u00e0 GOGO. Il sera tr\u00e8s porteur avec des os larges.<\/div>\n<div dir=\"auto\" style=\"text-align: center;\"><\/div>\n<\/div>\n<div class=\"x11i5rnm xat24cr x1mh8g0r x1vvkbs xtlvy1s x126k92a\">\n<div dir=\"auto\" style=\"text-align: center;\">Il se montre d\u00e9j\u00e0 curieux, doux et r\u00e9fl\u00e9chi.<\/div>\n<div dir=\"auto\" style=\"text-align: center;\"><\/div>\n<div dir=\"auto\" style=\"text-align: center;\">Il sera sans aucun doute un cheval parfait de loisir ou un sublime \u00e9talon.<\/div>\n<div dir=\"auto\"><\/div>\n<div dir=\"auto\" style=\"text-align: center;\">Sain PSSM1 par filiation<\/div>\n<\/div>\n<div dir=\"auto\" style=\"text-align: right;\"><\/div>\n<p>[\/vc_column_text][\/vc_column][vc_column width=&#8221;1\/3&#8243;][vc_column_text]<\/p>\n<h3 style=\"text-align: center;\">Beachboy<\/h3>\n<p>[\/vc_column_text][vc_single_image image=&#8221;3743&#8243; img_size=&#8221;full&#8221; alignment=&#8221;center&#8221; style=&#8221;vc_box_border_circle&#8221; border_color=&#8221;black&#8221;][\/vc_column][\/vc_row][vc_row][vc_column width=&#8221;1\/4&#8243;][vc_single_image image=&#8221;4143&#8243; img_size=&#8221;full&#8221; alignment=&#8221;center&#8221; style=&#8221;vc_box_shadow_border&#8221;][\/vc_column][vc_column width=&#8221;1\/4&#8243;][vc_single_image image=&#8221;4144&#8243; img_size=&#8221;full&#8221; alignment=&#8221;center&#8221; style=&#8221;vc_box_shadow_border&#8221;][\/vc_column][vc_column width=&#8221;1\/4&#8243;][vc_single_image image=&#8221;4244&#8243; img_size=&#8221;full&#8221; alignment=&#8221;center&#8221; style=&#8221;vc_box_shadow_border&#8221;][\/vc_column][vc_column width=&#8221;1\/4&#8243;][vc_single_image image=&#8221;4146&#8243; img_size=&#8221;full&#8221; alignment=&#8221;center&#8221; style=&#8221;vc_box_shadow_border&#8221;][\/vc_column][\/vc_row]<\/p>\n","protected":false},"excerpt":{"rendered":"<p>[vc_row full_width=&#8221;stretch_row_content&#8221; content_placement=&#8221;middle&#8221; el_class=&#8221;slide-pi&#8221; css=&#8221;.vc_custom_1686639309654{padding-top: 130px !important;padding-right: 130px !important;padding-bottom: 130px !important;padding-left: 130px !important;background-image: url(https:\/\/lesfanonsdulien.com\/wp-content\/uploads\/2023\/06\/IMG_8283-scaled.jpg?id=4138) !important;background-position: center !important;background-repeat: no-repeat !important;background-size: cover !important;}&#8221;][vc_column][vc_column_text el_class=&#8221;breadcrumb&#8221; css=&#8221;.vc_custom_1686207611421{padding-bottom: 120px !important;}&#8221;]Les Fanons du Lien > \u00c9levage > Nos Poulains > Naissances 2023 > Njord du Lien[\/vc_column_text][vc_column_text]&#8230;<\/p>\n","protected":false},"author":10,"featured_media":0,"parent":0,"menu_order":0,"comment_status":"closed","ping_status":"closed","template":"","meta":[],"yoast_head":"<!-- This site is optimized with the Yoast SEO plugin v15.3 - https:\/\/yoast.com\/wordpress\/plugins\/seo\/ -->\n<title>Njord du Lien - Les Fanons du Lien<\/title>\n<meta name=\"robots\" content=\"index, follow, max-snippet:-1, max-image-preview:large, max-video-preview:-1\" \/>\n<link rel=\"canonical\" href=\"https:\/\/lesfanonsdulien.com\/njord-du-lien\/\" \/>\n<meta property=\"og:locale\" content=\"en_US\" \/>\n<meta property=\"og:type\" content=\"article\" \/>\n<meta property=\"og:title\" content=\"Njord du Lien\" \/>\n<meta property=\"og:description\" content=\"[vc_row full_width=&#8221;stretch_row_content&#8221; content_placement=&#8221;middle&#8221; el_class=&#8221;slide-pi&#8221; css=&#8221;.vc_custom_1686639309654{padding-top: 130px !important;padding-right: 130px !important;padding-bottom: 130px !important;padding-left: 130px !important;background-image: url(https:\/\/lesfanonsdulien.com\/wp-content\/uploads\/2023\/06\/IMG_8283-scaled.jpg?id=4138) !important;background-position: center !important;background-repeat: no-repeat !important;background-size: cover !important;}&#8221;][vc_column][vc_column_text el_class=&#8221;breadcrumb&#8221; css=&#8221;.vc_custom_1686207611421{padding-bottom: 120px !important;}&#8221;]Les Fanons du Lien &gt; \u00c9levage &gt; Nos Poulains &gt; Naissances 2023 &gt; Njord du Lien[\/vc_column_text][vc_column_text]...\" \/>\n<meta property=\"og:url\" content=\"https:\/\/lesfanonsdulien.com\/njord-du-lien\/\" \/>\n<meta property=\"og:site_name\" content=\"Les Fanons du Lien\" \/>\n<meta property=\"article:modified_time\" content=\"2023-07-25T13:01:51+00:00\" \/>\n<meta name=\"twitter:card\" content=\"summary_large_image\" \/>\n<meta name=\"twitter:label1\" content=\"Written by\">\n\t<meta name=\"twitter:data1\" content=\"Julie et C\u00e9line\">\n\t<meta name=\"twitter:label2\" content=\"Est. reading time\">\n\t<meta name=\"twitter:data2\" content=\"2 minutes\">\n<script type=\"application\/ld+json\" class=\"yoast-schema-graph\">{\"@context\":\"https:\/\/schema.org\",\"@graph\":[{\"@type\":\"WebSite\",\"@id\":\"https:\/\/lesfanonsdulien.com\/#website\",\"url\":\"https:\/\/lesfanonsdulien.com\/\",\"name\":\"Les Fanons du Lien\",\"description\":\"\",\"potentialAction\":[{\"@type\":\"SearchAction\",\"target\":\"https:\/\/lesfanonsdulien.com\/?s={search_term_string}\",\"query-input\":\"required name=search_term_string\"}],\"inLanguage\":\"en-US\"},{\"@type\":\"WebPage\",\"@id\":\"https:\/\/lesfanonsdulien.com\/njord-du-lien\/#webpage\",\"url\":\"https:\/\/lesfanonsdulien.com\/njord-du-lien\/\",\"name\":\"[:fr]Njord du Lien[:] - Les Fanons du Lien\",\"isPartOf\":{\"@id\":\"https:\/\/lesfanonsdulien.com\/#website\"},\"datePublished\":\"2023-06-08T07:00:34+00:00\",\"dateModified\":\"2023-07-25T13:01:51+00:00\",\"inLanguage\":\"en-US\",\"potentialAction\":[{\"@type\":\"ReadAction\",\"target\":[\"https:\/\/lesfanonsdulien.com\/njord-du-lien\/\"]}]}]}<\/script>\n<!-- \/ Yoast SEO plugin. -->","_links":{"self":[{"href":"https:\/\/lesfanonsdulien.com\/en\/wp-json\/wp\/v2\/pages\/4132"}],"collection":[{"href":"https:\/\/lesfanonsdulien.com\/en\/wp-json\/wp\/v2\/pages"}],"about":[{"href":"https:\/\/lesfanonsdulien.com\/en\/wp-json\/wp\/v2\/types\/page"}],"author":[{"embeddable":true,"href":"https:\/\/lesfanonsdulien.com\/en\/wp-json\/wp\/v2\/users\/10"}],"replies":[{"embeddable":true,"href":"https:\/\/lesfanonsdulien.com\/en\/wp-json\/wp\/v2\/comments?post=4132"}],"version-history":[{"count":14,"href":"https:\/\/lesfanonsdulien.com\/en\/wp-json\/wp\/v2\/pages\/4132\/revisions"}],"predecessor-version":[{"id":4253,"href":"https:\/\/lesfanonsdulien.com\/en\/wp-json\/wp\/v2\/pages\/4132\/revisions\/4253"}],"wp:attachment":[{"href":"https:\/\/lesfanonsdulien.com\/en\/wp-json\/wp\/v2\/media?parent=4132"}],"curies":[{"name":"wp","href":"https:\/\/api.w.org\/{rel}","templated":true}]}}