{"id":4228,"date":"2023-07-23T20:57:41","date_gmt":"2023-07-23T18:57:41","guid":{"rendered":"https:\/\/lesfanonsdulien.com\/?page_id=4228"},"modified":"2024-11-25T14:23:32","modified_gmt":"2024-11-25T13:23:32","slug":"naos-du-lien-2","status":"publish","type":"page","link":"https:\/\/lesfanonsdulien.com\/en\/nasukan-du-lien\/","title":{"rendered":"Nasukan du Lien"},"content":{"rendered":"<p>[vc_row full_width=&#8221;stretch_row_content&#8221; content_placement=&#8221;middle&#8221; el_class=&#8221;slide-pi&#8221; css=&#8221;.vc_custom_1690138647650{padding-top: 130px !important;padding-right: 130px !important;padding-bottom: 130px !important;padding-left: 130px !important;background-image: url(https:\/\/lesfanonsdulien.com\/wp-content\/uploads\/2023\/07\/IMG_9441.png?id=4225) !important;background-position: center !important;background-repeat: no-repeat !important;background-size: cover !important;}&#8221;][vc_column][vc_column_text el_class=&#8221;breadcrumb&#8221; css=&#8221;.vc_custom_1690136408322{padding-bottom: 120px !important;}&#8221;]<a href=\"\/\">Les Fanons du Lien<\/a> > <a href=\"https:\/\/lesfanonsdulien.com\/elevage\/\">\u00c9levage<\/a> > <a href=\"https:\/\/lesfanonsdulien.com\/nos-poulains\/\">Nos Poulains<\/a> > <a href=\"https:\/\/lesfanonsdulien.com\/naissance-2023\/\">Naissances 2023<\/a> > Nasukan du Lien[\/vc_column_text][vc_column_text]<\/p>\n<h1 style=\"text-align: center;\">Nasukan du Lien<\/h1>\n<p>[\/vc_column_text][\/vc_column][\/vc_row][vc_row equal_height=&#8221;yes&#8221; content_placement=&#8221;middle&#8221;][vc_column width=&#8221;1\/2&#8243;][vc_gallery interval=&#8221;5&#8243; images=&#8221;4388,4266,4385,4269,4389,4225,4392&#8243; img_size=&#8221;full&#8221;][\/vc_column][vc_column width=&#8221;1\/2&#8243;][vc_gallery interval=&#8221;5&#8243; images=&#8221;4387,4268,4390,4229,4386,4320,4391&#8243; img_size=&#8221;full&#8221;][\/vc_column][\/vc_row][vc_row equal_height=&#8221;yes&#8221;][vc_column width=&#8221;1\/3&#8243;][vc_column_text]<\/p>\n<h3 style=\"text-align: center;\">Lovely<\/h3>\n<p>[\/vc_column_text][vc_single_image image=&#8221;3730&#8243; img_size=&#8221;full&#8221; alignment=&#8221;center&#8221; style=&#8221;vc_box_border_circle&#8221; border_color=&#8221;black&#8221;][\/vc_column][vc_column width=&#8221;1\/3&#8243; css=&#8221;.vc_custom_1686638060248{padding-top: 35px !important;padding-right: 35px !important;padding-bottom: 35px !important;padding-left: 35px !important;background-color: rgba(199,221,229,0.56) !important;*background-color: rgb(199,221,229) !important;}&#8221;][vc_column_text css_animation=&#8221;none&#8221; css=&#8221;.vc_custom_1732541000095{border-top-width: 3px !important;border-right-width: 3px !important;border-bottom-width: 3px !important;border-left-width: 3px !important;padding-top: 25px !important;padding-right: 25px !important;padding-bottom: 25px !important;padding-left: 25px !important;border-left-color: #ffffff !important;border-left-style: solid !important;border-right-color: #ffffff !important;border-right-style: solid !important;border-top-color: #ffffff !important;border-top-style: solid !important;border-bottom-color: #ffffff !important;border-bottom-style: solid !important;}&#8221;]<\/p>\n<p style=\"text-align: center;\">Nasukan du Lien est n\u00e9 le 22 Juillet 2023 du mariage entre Lovely (pie alezane) et Beachboy (palomino).<\/p>\n<p style=\"text-align: center;\">Il est un magnifique m\u00e2le palomino qui sera de grande taille, estim\u00e9 autour d\u20191m55.<\/p>\n<p style=\"text-align: center;\">Une morphologie toute en hauteur. Fourni en crins et fanons. Un regard plein de douceur. Court avec des os larges, il sera sans aucun doute tr\u00e8s porteur.<\/p>\n<p style=\"text-align: center;\">Il se montre d\u00e9j\u00e0 proche de l\u2019Homme, d\u2019une grande douceur et curieux. Il sera sans aucun doute un cheval parfait de loisir.<\/p>\n<p style=\"text-align: center;\">Son plein fr\u00e8re est MoonBoy du Lien n\u00e9 en 2022.<\/p>\n<p style=\"text-align: center;\">Il a eu des soucis de sant\u00e9 \u00e0 ses 2 mois et est aujourd&#8217;hui en parfaite sant\u00e9. Il a une s\u00e9quelle : sa veine jugulaire droite n&#8217;est plus fonctionnelle. Ce qui ne l&#8217;emp\u00eachera en aucun cas d&#8217;avoir une vie de cheval de loisir.<\/p>\n<p style=\"text-align: center;\">Il a eu la piroplasmose soign\u00e9e au Carbesia.<\/p>\n<p style=\"text-align: center;\">Sain PSSM1 par filiation<\/p>\n<p>&nbsp;<\/p>\n<p style=\"text-align: right;\"><i>Vendu<\/i><\/p>\n<p>[\/vc_column_text][\/vc_column][vc_column width=&#8221;1\/3&#8243;][vc_column_text]<\/p>\n<h3 style=\"text-align: center;\">Beachboy<\/h3>\n<p>&nbsp;<\/p>\n<p>[\/vc_column_text][vc_single_image image=&#8221;3743&#8243; img_size=&#8221;full&#8221; alignment=&#8221;center&#8221; style=&#8221;vc_box_border_circle&#8221; border_color=&#8221;black&#8221;][\/vc_column][\/vc_row][vc_row][vc_column width=&#8221;1\/4&#8243;][vc_single_image image=&#8221;4237&#8243; img_size=&#8221;full&#8221; alignment=&#8221;center&#8221; style=&#8221;vc_box_shadow_border&#8221;][\/vc_column][vc_column width=&#8221;1\/4&#8243;][vc_single_image image=&#8221;4239&#8243; img_size=&#8221;full&#8221; alignment=&#8221;center&#8221; style=&#8221;vc_box_shadow_border&#8221;][\/vc_column][vc_column width=&#8221;1\/4&#8243;][vc_single_image image=&#8221;4235&#8243; img_size=&#8221;full&#8221; alignment=&#8221;center&#8221; style=&#8221;vc_box_shadow_border&#8221;][\/vc_column][vc_column width=&#8221;1\/4&#8243;][vc_single_image image=&#8221;4231&#8243; img_size=&#8221;full&#8221; alignment=&#8221;center&#8221; style=&#8221;vc_box_shadow_border&#8221;][\/vc_column][\/vc_row]<\/p>\n","protected":false},"excerpt":{"rendered":"<p>[vc_row full_width=&#8221;stretch_row_content&#8221; content_placement=&#8221;middle&#8221; el_class=&#8221;slide-pi&#8221; css=&#8221;.vc_custom_1690138647650{padding-top: 130px !important;padding-right: 130px !important;padding-bottom: 130px !important;padding-left: 130px !important;background-image: url(https:\/\/lesfanonsdulien.com\/wp-content\/uploads\/2023\/07\/IMG_9441.png?id=4225) !important;background-position: center !important;background-repeat: no-repeat !important;background-size: cover !important;}&#8221;][vc_column][vc_column_text el_class=&#8221;breadcrumb&#8221; css=&#8221;.vc_custom_1690136408322{padding-bottom: 120px !important;}&#8221;]Les Fanons du Lien > \u00c9levage > Nos Poulains > Naissances 2023 > Nasukan du Lien[\/vc_column_text][vc_column_text]&#8230;<\/p>\n","protected":false},"author":10,"featured_media":0,"parent":0,"menu_order":0,"comment_status":"closed","ping_status":"closed","template":"","meta":[],"yoast_head":"<!-- This site is optimized with the Yoast SEO plugin v15.3 - https:\/\/yoast.com\/wordpress\/plugins\/seo\/ -->\n<title>Nasukan du Lien - Les Fanons du Lien<\/title>\n<meta name=\"robots\" content=\"index, follow, max-snippet:-1, max-image-preview:large, max-video-preview:-1\" \/>\n<link rel=\"canonical\" href=\"https:\/\/lesfanonsdulien.com\/nasukan-du-lien\/\" \/>\n<meta property=\"og:locale\" content=\"en_US\" \/>\n<meta property=\"og:type\" content=\"article\" \/>\n<meta property=\"og:title\" content=\"Nasukan du Lien\" \/>\n<meta property=\"og:description\" content=\"[vc_row full_width=&#8221;stretch_row_content&#8221; content_placement=&#8221;middle&#8221; el_class=&#8221;slide-pi&#8221; css=&#8221;.vc_custom_1690138647650{padding-top: 130px !important;padding-right: 130px !important;padding-bottom: 130px !important;padding-left: 130px !important;background-image: url(https:\/\/lesfanonsdulien.com\/wp-content\/uploads\/2023\/07\/IMG_9441.png?id=4225) !important;background-position: center !important;background-repeat: no-repeat !important;background-size: cover !important;}&#8221;][vc_column][vc_column_text el_class=&#8221;breadcrumb&#8221; css=&#8221;.vc_custom_1690136408322{padding-bottom: 120px !important;}&#8221;]Les Fanons du Lien &gt; \u00c9levage &gt; Nos Poulains &gt; Naissances 2023 &gt; Nasukan du Lien[\/vc_column_text][vc_column_text]...\" \/>\n<meta property=\"og:url\" content=\"https:\/\/lesfanonsdulien.com\/nasukan-du-lien\/\" \/>\n<meta property=\"og:site_name\" content=\"Les Fanons du Lien\" \/>\n<meta property=\"article:modified_time\" content=\"2024-11-25T13:23:32+00:00\" \/>\n<meta name=\"twitter:card\" content=\"summary_large_image\" \/>\n<meta name=\"twitter:label1\" content=\"Written by\">\n\t<meta name=\"twitter:data1\" content=\"Julie et C\u00e9line\">\n\t<meta name=\"twitter:label2\" content=\"Est. reading time\">\n\t<meta name=\"twitter:data2\" content=\"2 minutes\">\n<script type=\"application\/ld+json\" class=\"yoast-schema-graph\">{\"@context\":\"https:\/\/schema.org\",\"@graph\":[{\"@type\":\"WebSite\",\"@id\":\"https:\/\/lesfanonsdulien.com\/#website\",\"url\":\"https:\/\/lesfanonsdulien.com\/\",\"name\":\"Les Fanons du Lien\",\"description\":\"\",\"potentialAction\":[{\"@type\":\"SearchAction\",\"target\":\"https:\/\/lesfanonsdulien.com\/?s={search_term_string}\",\"query-input\":\"required name=search_term_string\"}],\"inLanguage\":\"en-US\"},{\"@type\":\"WebPage\",\"@id\":\"https:\/\/lesfanonsdulien.com\/nasukan-du-lien\/#webpage\",\"url\":\"https:\/\/lesfanonsdulien.com\/nasukan-du-lien\/\",\"name\":\"[:fr]Nasukan du Lien[:] - Les Fanons du Lien\",\"isPartOf\":{\"@id\":\"https:\/\/lesfanonsdulien.com\/#website\"},\"datePublished\":\"2023-07-23T18:57:41+00:00\",\"dateModified\":\"2024-11-25T13:23:32+00:00\",\"inLanguage\":\"en-US\",\"potentialAction\":[{\"@type\":\"ReadAction\",\"target\":[\"https:\/\/lesfanonsdulien.com\/nasukan-du-lien\/\"]}]}]}<\/script>\n<!-- \/ Yoast SEO plugin. -->","_links":{"self":[{"href":"https:\/\/lesfanonsdulien.com\/en\/wp-json\/wp\/v2\/pages\/4228"}],"collection":[{"href":"https:\/\/lesfanonsdulien.com\/en\/wp-json\/wp\/v2\/pages"}],"about":[{"href":"https:\/\/lesfanonsdulien.com\/en\/wp-json\/wp\/v2\/types\/page"}],"author":[{"embeddable":true,"href":"https:\/\/lesfanonsdulien.com\/en\/wp-json\/wp\/v2\/users\/10"}],"replies":[{"embeddable":true,"href":"https:\/\/lesfanonsdulien.com\/en\/wp-json\/wp\/v2\/comments?post=4228"}],"version-history":[{"count":9,"href":"https:\/\/lesfanonsdulien.com\/en\/wp-json\/wp\/v2\/pages\/4228\/revisions"}],"predecessor-version":[{"id":4467,"href":"https:\/\/lesfanonsdulien.com\/en\/wp-json\/wp\/v2\/pages\/4228\/revisions\/4467"}],"wp:attachment":[{"href":"https:\/\/lesfanonsdulien.com\/en\/wp-json\/wp\/v2\/media?parent=4228"}],"curies":[{"name":"wp","href":"https:\/\/api.w.org\/{rel}","templated":true}]}}