{"id":4348,"date":"2024-04-27T16:47:41","date_gmt":"2024-04-27T14:47:41","guid":{"rendered":"https:\/\/lesfanonsdulien.com\/?page_id=4348"},"modified":"2025-06-09T12:24:09","modified_gmt":"2025-06-09T10:24:09","slug":"naos-du-lien-3","status":"publish","type":"page","link":"https:\/\/lesfanonsdulien.com\/en\/oneida-du-lien\/","title":{"rendered":"Oneida du Lien"},"content":{"rendered":"<p>[vc_row full_width=&#8221;stretch_row_content&#8221; content_placement=&#8221;middle&#8221; el_class=&#8221;slide-pi&#8221; css=&#8221;.vc_custom_1714228615257{padding-top: 130px !important;padding-right: 130px !important;padding-bottom: 130px !important;padding-left: 130px !important;background-image: url(https:\/\/lesfanonsdulien.com\/wp-content\/uploads\/2024\/04\/IMG_2262-scaled.jpg?id=4332) !important;background-position: center !important;background-repeat: no-repeat !important;background-size: cover !important;}&#8221;][vc_column][vc_column_text el_class=&#8221;breadcrumb&#8221; css=&#8221;.vc_custom_1714228581648{padding-bottom: 120px !important;}&#8221;]<a href=\"\/\">Les Fanons du Lien<\/a> > <a href=\"https:\/\/lesfanonsdulien.com\/elevage\/\">\u00c9levage<\/a> > <a href=\"https:\/\/lesfanonsdulien.com\/nos-poulains\/\">Nos Poulains<\/a> > <a href=\"https:\/\/lesfanonsdulien.com\/naissance-2023\/\">Naissances 2023<\/a> > Oneida du Lien[\/vc_column_text][vc_column_text]<\/p>\n<h1 style=\"text-align: center;\">Oneida du Lien<\/h1>\n<p>[\/vc_column_text][\/vc_column][\/vc_row][vc_row equal_height=&#8221;yes&#8221; content_placement=&#8221;middle&#8221;][vc_column width=&#8221;1\/2&#8243;][vc_gallery interval=&#8221;5&#8243; images=&#8221;4339,4398,4367,4400,4338,4404,4470,4394,4337,4396,4370,4402,4371,4533,4535,4677,4678,4679,4680&#8243; img_size=&#8221;full&#8221;][\/vc_column][vc_column width=&#8221;1\/2&#8243;][vc_gallery interval=&#8221;5&#8243; images=&#8221;4336,4405,4366,4403,4334,4401,4368,4399,4364,4397,4332,4395,4369,4536,4534,4681,4682,4683,4684,4685&#8243; img_size=&#8221;full&#8221;][\/vc_column][\/vc_row][vc_row equal_height=&#8221;yes&#8221;][vc_column width=&#8221;1\/3&#8243;][vc_column_text]<\/p>\n<h3 style=\"text-align: center;\">Chanelle<\/h3>\n<p>[\/vc_column_text][vc_single_image image=&#8221;3726&#8243; img_size=&#8221;full&#8221; alignment=&#8221;center&#8221; style=&#8221;vc_box_border_circle&#8221; border_color=&#8221;black&#8221;][\/vc_column][vc_column width=&#8221;1\/3&#8243; css=&#8221;.vc_custom_1746538247893{padding-top: 35px !important;padding-right: 35px !important;padding-bottom: 35px !important;padding-left: 35px !important;background-color: rgba(255,229,236,0.53) !important;*background-color: rgb(255,229,236) !important;}&#8221;][vc_column_text css_animation=&#8221;none&#8221; css=&#8221;.vc_custom_1746538265904{border-top-width: 3px !important;border-right-width: 3px !important;border-bottom-width: 3px !important;border-left-width: 3px !important;padding-top: 25px !important;padding-right: 25px !important;padding-bottom: 25px !important;padding-left: 25px !important;border-left-color: #ffffff !important;border-left-style: solid !important;border-right-color: #ffffff !important;border-right-style: solid !important;border-top-color: #ffffff !important;border-top-style: solid !important;border-bottom-color: #ffffff !important;border-bottom-style: solid !important;}&#8221;]<\/p>\n<p style=\"text-align: center;\">Oneida du Lien est n\u00e9e le 18 avril 2024 du mariage entre Chanelle (pie noire) et Beachboy (palomino).<\/p>\n<p style=\"text-align: center;\"><em>Oneida est un pr\u00e9nom du peuple Iroquois qui signifie impatiemment attendue.<\/em><\/p>\n<p style=\"text-align: center;\">C&#8217;\u00e9tait une \u00e9vidence pour elle qui a d\u00e9cid\u00e9 d&#8217;attendre 368 jours avant de se pr\u00e9senter \u00e0 ce monde.<\/p>\n<p>Elle est la propre s\u0153ur de Naos du Lien et la demi-s\u0153ur de Laghaf du Lien (champion de France des jeunes m\u00e2les de 2 ans en 2023) par la m\u00e8re.<\/p>\n<p style=\"text-align: center;\">Elle est une magnifique pouliche pie palomino qui sera de taille moyenne, estim\u00e9 autour d\u20191m45. Une morphologie toute en rondeur. Fourni en crins et fanons. Une t\u00eate magnifique.<\/p>\n<p style=\"text-align: center;\">Elle est super mignonne, d\u00e9j\u00e0 tr\u00e8s curieuse.<\/p>\n<p style=\"text-align: center;\">Saine PSSM1 par filiation<\/p>\n<p>&nbsp;<\/p>\n<p style=\"text-align: right;\"><em>3500 HT<\/em><\/p>\n<p>[\/vc_column_text][\/vc_column][vc_column width=&#8221;1\/3&#8243;][vc_column_text]<\/p>\n<h3 style=\"text-align: center;\">Beachboy<\/h3>\n<p>&nbsp;<\/p>\n<p>[\/vc_column_text][vc_single_image image=&#8221;3743&#8243; img_size=&#8221;full&#8221; alignment=&#8221;center&#8221; style=&#8221;vc_box_border_circle&#8221; border_color=&#8221;black&#8221;][\/vc_column][\/vc_row][vc_row][vc_column width=&#8221;1\/4&#8243;][vc_single_image image=&#8221;4350&#8243; img_size=&#8221;full&#8221; alignment=&#8221;center&#8221; style=&#8221;vc_box_shadow_border&#8221;][\/vc_column][vc_column width=&#8221;1\/4&#8243;][vc_single_image image=&#8221;4351&#8243; img_size=&#8221;full&#8221; alignment=&#8221;center&#8221; style=&#8221;vc_box_shadow_border&#8221;][\/vc_column][vc_column width=&#8221;1\/4&#8243;][vc_single_image image=&#8221;4352&#8243; img_size=&#8221;full&#8221; alignment=&#8221;center&#8221; style=&#8221;vc_box_shadow_border&#8221;][\/vc_column][vc_column width=&#8221;1\/4&#8243;][vc_single_image image=&#8221;4353&#8243; img_size=&#8221;full&#8221; alignment=&#8221;center&#8221; style=&#8221;vc_box_shadow_border&#8221;][\/vc_column][\/vc_row]<\/p>\n","protected":false},"excerpt":{"rendered":"<p>[vc_row full_width=&#8221;stretch_row_content&#8221; content_placement=&#8221;middle&#8221; el_class=&#8221;slide-pi&#8221; css=&#8221;.vc_custom_1714228615257{padding-top: 130px !important;padding-right: 130px !important;padding-bottom: 130px !important;padding-left: 130px !important;background-image: url(https:\/\/lesfanonsdulien.com\/wp-content\/uploads\/2024\/04\/IMG_2262-scaled.jpg?id=4332) !important;background-position: center !important;background-repeat: no-repeat !important;background-size: cover !important;}&#8221;][vc_column][vc_column_text el_class=&#8221;breadcrumb&#8221; css=&#8221;.vc_custom_1714228581648{padding-bottom: 120px !important;}&#8221;]Les Fanons du Lien > \u00c9levage > Nos Poulains > Naissances 2023 > Oneida du Lien[\/vc_column_text][vc_column_text]&#8230;<\/p>\n","protected":false},"author":10,"featured_media":0,"parent":0,"menu_order":0,"comment_status":"closed","ping_status":"closed","template":"","meta":[],"yoast_head":"<!-- This site is optimized with the Yoast SEO plugin v15.3 - https:\/\/yoast.com\/wordpress\/plugins\/seo\/ -->\n<title>Oneida du Lien - Les Fanons du Lien<\/title>\n<meta name=\"robots\" content=\"index, follow, max-snippet:-1, max-image-preview:large, max-video-preview:-1\" \/>\n<link rel=\"canonical\" href=\"https:\/\/lesfanonsdulien.com\/oneida-du-lien\/\" \/>\n<meta property=\"og:locale\" content=\"en_US\" \/>\n<meta property=\"og:type\" content=\"article\" \/>\n<meta property=\"og:title\" content=\"Oneida du Lien\" \/>\n<meta property=\"og:description\" content=\"[vc_row full_width=&#8221;stretch_row_content&#8221; content_placement=&#8221;middle&#8221; el_class=&#8221;slide-pi&#8221; css=&#8221;.vc_custom_1714228615257{padding-top: 130px !important;padding-right: 130px !important;padding-bottom: 130px !important;padding-left: 130px !important;background-image: url(https:\/\/lesfanonsdulien.com\/wp-content\/uploads\/2024\/04\/IMG_2262-scaled.jpg?id=4332) !important;background-position: center !important;background-repeat: no-repeat !important;background-size: cover !important;}&#8221;][vc_column][vc_column_text el_class=&#8221;breadcrumb&#8221; css=&#8221;.vc_custom_1714228581648{padding-bottom: 120px !important;}&#8221;]Les Fanons du Lien &gt; \u00c9levage &gt; Nos Poulains &gt; Naissances 2023 &gt; Oneida du Lien[\/vc_column_text][vc_column_text]...\" \/>\n<meta property=\"og:url\" content=\"https:\/\/lesfanonsdulien.com\/oneida-du-lien\/\" \/>\n<meta property=\"og:site_name\" content=\"Les Fanons du Lien\" \/>\n<meta property=\"article:modified_time\" content=\"2025-06-09T10:24:09+00:00\" \/>\n<meta name=\"twitter:card\" content=\"summary_large_image\" \/>\n<meta name=\"twitter:label1\" content=\"Written by\">\n\t<meta name=\"twitter:data1\" content=\"Julie et C\u00e9line\">\n\t<meta name=\"twitter:label2\" content=\"Est. reading time\">\n\t<meta name=\"twitter:data2\" content=\"2 minutes\">\n<script type=\"application\/ld+json\" class=\"yoast-schema-graph\">{\"@context\":\"https:\/\/schema.org\",\"@graph\":[{\"@type\":\"WebSite\",\"@id\":\"https:\/\/lesfanonsdulien.com\/#website\",\"url\":\"https:\/\/lesfanonsdulien.com\/\",\"name\":\"Les Fanons du Lien\",\"description\":\"\",\"potentialAction\":[{\"@type\":\"SearchAction\",\"target\":\"https:\/\/lesfanonsdulien.com\/?s={search_term_string}\",\"query-input\":\"required name=search_term_string\"}],\"inLanguage\":\"en-US\"},{\"@type\":\"WebPage\",\"@id\":\"https:\/\/lesfanonsdulien.com\/oneida-du-lien\/#webpage\",\"url\":\"https:\/\/lesfanonsdulien.com\/oneida-du-lien\/\",\"name\":\"[:fr]Oneida du Lien[:] - Les Fanons du Lien\",\"isPartOf\":{\"@id\":\"https:\/\/lesfanonsdulien.com\/#website\"},\"datePublished\":\"2024-04-27T14:47:41+00:00\",\"dateModified\":\"2025-06-09T10:24:09+00:00\",\"inLanguage\":\"en-US\",\"potentialAction\":[{\"@type\":\"ReadAction\",\"target\":[\"https:\/\/lesfanonsdulien.com\/oneida-du-lien\/\"]}]}]}<\/script>\n<!-- \/ Yoast SEO plugin. -->","_links":{"self":[{"href":"https:\/\/lesfanonsdulien.com\/en\/wp-json\/wp\/v2\/pages\/4348"}],"collection":[{"href":"https:\/\/lesfanonsdulien.com\/en\/wp-json\/wp\/v2\/pages"}],"about":[{"href":"https:\/\/lesfanonsdulien.com\/en\/wp-json\/wp\/v2\/types\/page"}],"author":[{"embeddable":true,"href":"https:\/\/lesfanonsdulien.com\/en\/wp-json\/wp\/v2\/users\/10"}],"replies":[{"embeddable":true,"href":"https:\/\/lesfanonsdulien.com\/en\/wp-json\/wp\/v2\/comments?post=4348"}],"version-history":[{"count":13,"href":"https:\/\/lesfanonsdulien.com\/en\/wp-json\/wp\/v2\/pages\/4348\/revisions"}],"predecessor-version":[{"id":4686,"href":"https:\/\/lesfanonsdulien.com\/en\/wp-json\/wp\/v2\/pages\/4348\/revisions\/4686"}],"wp:attachment":[{"href":"https:\/\/lesfanonsdulien.com\/en\/wp-json\/wp\/v2\/media?parent=4348"}],"curies":[{"name":"wp","href":"https:\/\/api.w.org\/{rel}","templated":true}]}}