{"id":4438,"date":"2024-11-25T09:39:03","date_gmt":"2024-11-25T08:39:03","guid":{"rendered":"https:\/\/lesfanonsdulien.com\/?page_id=4438"},"modified":"2026-02-25T08:42:43","modified_gmt":"2026-02-25T07:42:43","slug":"formules-pension","status":"publish","type":"page","link":"https:\/\/lesfanonsdulien.com\/en\/formules-pension\/","title":{"rendered":"Formules de pension pour nos poulains"},"content":{"rendered":"<p>[vc_row full_width=&#8221;stretch_row&#8221; content_placement=&#8221;middle&#8221; el_class=&#8221;slide-pi&#8221; css=&#8221;.vc_custom_1732366971576{padding-top: 50px !important;padding-bottom: 130px !important;background-image: url(https:\/\/lesfanonsdulien.com\/wp-content\/uploads\/2024\/11\/IMG_5132-scaled.jpg?id=4440) !important;background-position: center !important;background-repeat: no-repeat !important;background-size: cover !important;}&#8221;][vc_column][vc_column_text el_class=&#8221;breadcrumb&#8221;]<a href=\"http:\/\/lesfanonsdulien.com\">Les Fanons du Lien<\/a> > <a href=\"https:\/\/lesfanonsdulien.com\/elevage\/\">Elevage <\/a>> Pension Poulains[\/vc_column_text][vc_column_text]<\/p>\n<h1 style=\"text-align: center;\">Pension pour nos poulains<\/h1>\n<p>[\/vc_column_text][\/vc_column][\/vc_row][vc_row][vc_column][vc_empty_space height=&#8221;10px&#8221;][\/vc_column][\/vc_row][vc_row][vc_column][vc_column_text]<\/p>\n<h2 style=\"text-align: center;\"><em><strong>Une vie en groupe famille pour une vie future \u00e9quilibr\u00e9e\u00a0<\/strong><\/em><\/h2>\n<p>[\/vc_column_text][\/vc_column][\/vc_row][vc_row][vc_column][vc_empty_space height=&#8221;20px&#8221;][\/vc_column][\/vc_row][vc_row][vc_column width=&#8221;1\/4&#8243;][vc_single_image image=&#8221;4442&#8243; img_size=&#8221;full&#8221; alignment=&#8221;center&#8221; style=&#8221;vc_box_shadow&#8221;][\/vc_column][vc_column width=&#8221;1\/4&#8243;][vc_single_image image=&#8221;4443&#8243; img_size=&#8221;full&#8221; alignment=&#8221;center&#8221; style=&#8221;vc_box_shadow&#8221;][\/vc_column][vc_column width=&#8221;1\/4&#8243;][vc_single_image image=&#8221;4444&#8243; img_size=&#8221;full&#8221; alignment=&#8221;center&#8221; style=&#8221;vc_box_shadow&#8221;][\/vc_column][vc_column width=&#8221;1\/4&#8243;][vc_single_image image=&#8221;4445&#8243; img_size=&#8221;full&#8221; alignment=&#8221;center&#8221; style=&#8221;vc_box_shadow&#8221;][\/vc_column][\/vc_row][vc_row][vc_column][vc_empty_space height=&#8221;30px&#8221;][vc_column_text]<\/p>\n<div><span class=\"lh-1 font-size-16\">Nos poulains sont propos\u00e9s \u00e0 la vente d\u00e8s leur naissance, et sont disponibles \u00e0 leur sevrage \u00e0 12 mois.\u00a0 Mais afin qu\u2019ils puissent\u00a0<strong>grandir et se sociabiliser<\/strong> dans les meilleurs conditions, il est tout \u00e0 fait possible de laisser votre poulain au sein de notre \u00e9levage jusqu&#8217;\u00e0 son d\u00e9bourrage. Il pourra ainsi rester au sein de <strong>son groupe famille et avec les autres poulains de diff\u00e9rents \u00e2ges.<\/strong><\/span><\/div>\n<div><span class=\"lh-1 font-size-16\">\u00a0<\/span><\/div>\n<div><span class=\"lh-1 font-size-16\">Cette p\u00e9riode est essentielle dans la vie d&#8217;un cheval, en vous assurant de lui laisser une vie dans son groupe famille, vous vous assurez d&#8217;avoir <strong>un poulain \u00e9quilibr\u00e9 physiquement et mentalement.<\/strong><br \/>\n<\/span><\/div>\n<div><span class=\"lh-1 font-size-16\">\u00a0<\/span><\/div>\n<div><span class=\"lh-1 font-size-16\">Au sein de notre \u00e9levage, votre poulain g<strong>randira au sein du groupe o\u00f9 il est n\u00e9 jusqu&#8217;\u00e0 ses 2 ans<\/strong> environ afin d&#8217;\u00eatre au plus proche de leurs besoins naturels. Puis jusqu&#8217;\u00e0 ses 3 ans il pourra rejoindre <strong>un groupe avec des hongres, des juments et des poulains de tous \u00e2ges.<\/strong><\/span><\/div>\n<div><\/div>\n<div><span class=\"lh-1 font-size-16\">Nous vous proposons plusieurs possibilit\u00e9s \u00e0 <strong>un tarif avantageux<\/strong> :<\/span><\/div>\n<p>[\/vc_column_text][vc_empty_space][\/vc_column][\/vc_row][vc_row][vc_column width=&#8221;1\/3&#8243;][vc_column_text]<\/p>\n<h3 style=\"text-align: center;\">Formule 5*<\/h3>\n<h4 style=\"text-align: center;\">230\u20ac \/ mois<\/h4>\n<p>[\/vc_column_text][vc_empty_space height=&#8221;15px&#8221;][vc_column_text]<\/p>\n<ul>\n<li>Pension jusqu&#8217;\u00e0 ses <strong>4 ans<\/strong> ;<\/li>\n<li>4 <strong>vermifuges<\/strong> par an ;<\/li>\n<li><strong>D\u00e9bourrage<\/strong> \u00e0 ses 4 ans ;<\/li>\n<li><strong>2 s\u00e9ances de travail<\/strong> par semaine ;<\/li>\n<li><strong>Compl\u00e9ments alimentaires<\/strong> (CMV Harmonie Nutrition Equine + Aliment \u00e9levage) ;<\/li>\n<li>Acc\u00e8s aux <strong>installations et casier individuel<\/strong><\/li>\n<\/ul>\n<p>[\/vc_column_text][\/vc_column][vc_column width=&#8221;1\/3&#8243;][vc_column_text]<\/p>\n<h3 style=\"text-align: center;\">Formule 3*<\/h3>\n<h4 style=\"text-align: center;\">180\u20ac \/ mois<\/h4>\n<p>[\/vc_column_text][vc_empty_space height=&#8221;15px&#8221;][vc_column_text]<\/p>\n<ul>\n<li>Pension jusqu&#8217;\u00e0 ses 4<strong>\u00a0ans<\/strong> ;<\/li>\n<li>4 <strong>vermifuges<\/strong> par an ;\n<ul>\n<li><strong>Compl\u00e9ments alimentaires<\/strong> (CMV Harmonie Nutrition Equine + Aliment \u00e9levage) ;<\/li>\n<\/ul>\n<\/li>\n<li>Acc\u00e8s aux <strong>installations et casier individuel.<\/strong><\/li>\n<\/ul>\n<p>[\/vc_column_text][\/vc_column][vc_column width=&#8221;1\/3&#8243;][vc_column_text]<\/p>\n<h3 style=\"text-align: center;\">Formule ECO<\/h3>\n<h4 style=\"text-align: center;\">110\u20ac \/ mois<\/h4>\n<p>[\/vc_column_text][vc_empty_space height=&#8221;15px&#8221;][vc_column_text]<\/p>\n<ul>\n<li>Pension jusqu&#8217;\u00e0 ses 4<strong>\u00a0ans<\/strong> ;<\/li>\n<\/ul>\n<p>[\/vc_column_text][\/vc_column][\/vc_row][vc_row][vc_column][vc_empty_space height=&#8221;52px&#8221;][\/vc_column][\/vc_row]<\/p>\n","protected":false},"excerpt":{"rendered":"<p>[vc_row full_width=&#8221;stretch_row&#8221; content_placement=&#8221;middle&#8221; el_class=&#8221;slide-pi&#8221; css=&#8221;.vc_custom_1732366971576{padding-top: 50px !important;padding-bottom: 130px !important;background-image: url(https:\/\/lesfanonsdulien.com\/wp-content\/uploads\/2024\/11\/IMG_5132-scaled.jpg?id=4440) !important;background-position: center !important;background-repeat: no-repeat !important;background-size: cover !important;}&#8221;][vc_column][vc_column_text el_class=&#8221;breadcrumb&#8221;]Les Fanons du Lien > Elevage > Pension Poulains[\/vc_column_text][vc_column_text] Pension pour nos poulains [\/vc_column_text][\/vc_column][\/vc_row][vc_row][vc_column][vc_empty_space height=&#8221;10px&#8221;][\/vc_column][\/vc_row][vc_row][vc_column][vc_column_text] Une vie en groupe famille pour une vie&#8230;<\/p>\n","protected":false},"author":10,"featured_media":0,"parent":0,"menu_order":0,"comment_status":"closed","ping_status":"closed","template":"","meta":[],"yoast_head":"<!-- This site is optimized with the Yoast SEO plugin v15.3 - https:\/\/yoast.com\/wordpress\/plugins\/seo\/ -->\n<title>Formules de pension pour nos poulains - Les Fanons du Lien<\/title>\n<meta name=\"robots\" content=\"index, follow, max-snippet:-1, max-image-preview:large, max-video-preview:-1\" \/>\n<link rel=\"canonical\" href=\"https:\/\/lesfanonsdulien.com\/formules-pension\/\" \/>\n<meta property=\"og:locale\" content=\"en_US\" \/>\n<meta property=\"og:type\" content=\"article\" \/>\n<meta property=\"og:title\" content=\"Formules de pension pour nos poulains\" \/>\n<meta property=\"og:description\" content=\"[vc_row full_width=&#8221;stretch_row&#8221; content_placement=&#8221;middle&#8221; el_class=&#8221;slide-pi&#8221; css=&#8221;.vc_custom_1732366971576{padding-top: 50px !important;padding-bottom: 130px !important;background-image: url(https:\/\/lesfanonsdulien.com\/wp-content\/uploads\/2024\/11\/IMG_5132-scaled.jpg?id=4440) !important;background-position: center !important;background-repeat: no-repeat !important;background-size: cover !important;}&#8221;][vc_column][vc_column_text el_class=&#8221;breadcrumb&#8221;]Les Fanons du Lien &gt; Elevage &gt; Pension Poulains[\/vc_column_text][vc_column_text] Pension pour nos poulains [\/vc_column_text][\/vc_column][\/vc_row][vc_row][vc_column][vc_empty_space height=&#8221;10px&#8221;][\/vc_column][\/vc_row][vc_row][vc_column][vc_column_text] Une vie en groupe famille pour une vie...\" \/>\n<meta property=\"og:url\" content=\"https:\/\/lesfanonsdulien.com\/formules-pension\/\" \/>\n<meta property=\"og:site_name\" content=\"Les Fanons du Lien\" \/>\n<meta property=\"article:modified_time\" content=\"2026-02-25T07:42:43+00:00\" \/>\n<meta name=\"twitter:card\" content=\"summary_large_image\" \/>\n<meta name=\"twitter:label1\" content=\"Written by\">\n\t<meta name=\"twitter:data1\" content=\"Julie et C\u00e9line\">\n\t<meta name=\"twitter:label2\" content=\"Est. reading time\">\n\t<meta name=\"twitter:data2\" content=\"2 minutes\">\n<script type=\"application\/ld+json\" class=\"yoast-schema-graph\">{\"@context\":\"https:\/\/schema.org\",\"@graph\":[{\"@type\":\"WebSite\",\"@id\":\"https:\/\/lesfanonsdulien.com\/#website\",\"url\":\"https:\/\/lesfanonsdulien.com\/\",\"name\":\"Les Fanons du Lien\",\"description\":\"\",\"potentialAction\":[{\"@type\":\"SearchAction\",\"target\":\"https:\/\/lesfanonsdulien.com\/?s={search_term_string}\",\"query-input\":\"required name=search_term_string\"}],\"inLanguage\":\"en-US\"},{\"@type\":\"WebPage\",\"@id\":\"https:\/\/lesfanonsdulien.com\/formules-pension\/#webpage\",\"url\":\"https:\/\/lesfanonsdulien.com\/formules-pension\/\",\"name\":\"[:fr]Formules de pension pour nos poulains[:] - Les Fanons du Lien\",\"isPartOf\":{\"@id\":\"https:\/\/lesfanonsdulien.com\/#website\"},\"datePublished\":\"2024-11-25T08:39:03+00:00\",\"dateModified\":\"2026-02-25T07:42:43+00:00\",\"inLanguage\":\"en-US\",\"potentialAction\":[{\"@type\":\"ReadAction\",\"target\":[\"https:\/\/lesfanonsdulien.com\/formules-pension\/\"]}]}]}<\/script>\n<!-- \/ Yoast SEO plugin. -->","_links":{"self":[{"href":"https:\/\/lesfanonsdulien.com\/en\/wp-json\/wp\/v2\/pages\/4438"}],"collection":[{"href":"https:\/\/lesfanonsdulien.com\/en\/wp-json\/wp\/v2\/pages"}],"about":[{"href":"https:\/\/lesfanonsdulien.com\/en\/wp-json\/wp\/v2\/types\/page"}],"author":[{"embeddable":true,"href":"https:\/\/lesfanonsdulien.com\/en\/wp-json\/wp\/v2\/users\/10"}],"replies":[{"embeddable":true,"href":"https:\/\/lesfanonsdulien.com\/en\/wp-json\/wp\/v2\/comments?post=4438"}],"version-history":[{"count":11,"href":"https:\/\/lesfanonsdulien.com\/en\/wp-json\/wp\/v2\/pages\/4438\/revisions"}],"predecessor-version":[{"id":4753,"href":"https:\/\/lesfanonsdulien.com\/en\/wp-json\/wp\/v2\/pages\/4438\/revisions\/4753"}],"wp:attachment":[{"href":"https:\/\/lesfanonsdulien.com\/en\/wp-json\/wp\/v2\/media?parent=4438"}],"curies":[{"name":"wp","href":"https:\/\/api.w.org\/{rel}","templated":true}]}}