{"id":4610,"date":"2025-05-06T15:08:49","date_gmt":"2025-05-06T13:08:49","guid":{"rendered":"https:\/\/lesfanonsdulien.com\/?page_id=4610"},"modified":"2025-06-05T18:03:18","modified_gmt":"2025-06-05T16:03:18","slug":"padawan-du-lien","status":"publish","type":"page","link":"https:\/\/lesfanonsdulien.com\/en\/peio-du-lien\/","title":{"rendered":"Pe\u00efo du Lien"},"content":{"rendered":"<p>[vc_row full_width=&#8221;stretch_row_content&#8221; content_placement=&#8221;middle&#8221; el_class=&#8221;slide-pi&#8221; css=&#8221;.vc_custom_1746536912265{padding-top: 130px !important;padding-right: 130px !important;padding-bottom: 130px !important;padding-left: 130px !important;background-image: url(https:\/\/lesfanonsdulien.com\/wp-content\/uploads\/2025\/05\/IMG_9542-scaled.jpg?id=4634) !important;background-position: center !important;background-repeat: no-repeat !important;background-size: cover !important;}&#8221;][vc_column][vc_column_text el_class=&#8221;breadcrumb&#8221; css=&#8221;.vc_custom_1746535886833{padding-bottom: 120px !important;}&#8221;]<a href=\"\/\">Les Fanons du Lien<\/a> > <a href=\"https:\/\/lesfanonsdulien.com\/elevage\/\">\u00c9levage<\/a> > <a href=\"https:\/\/lesfanonsdulien.com\/nos-poulains\/\">Nos Poulains<\/a> > <a href=\"https:\/\/lesfanonsdulien.com\/naissance-2025\/\" class=\"broken_link\">Naissances 2025<\/a> > Pe\u00efo du Lien[\/vc_column_text][vc_column_text]<\/p>\n<h1 style=\"text-align: center;\">Pe\u00efo du Lien<\/h1>\n<p>[\/vc_column_text][\/vc_column][\/vc_row][vc_row][vc_column][vc_empty_space][\/vc_column][\/vc_row][vc_row equal_height=&#8221;yes&#8221; content_placement=&#8221;middle&#8221;][vc_column width=&#8221;1\/2&#8243;][vc_gallery interval=&#8221;5&#8243; images=&#8221;4632,4631,4621,4623,4617,4626,4620,4629,4658,4659,4660&#8243; img_size=&#8221;full&#8221;][\/vc_column][vc_column width=&#8221;1\/2&#8243;][vc_gallery interval=&#8221;5&#8243; images=&#8221;4613,4614,4615,4616,4624,4618,4627,4619,4662,4663,4664&#8243; img_size=&#8221;full&#8221;][\/vc_column][\/vc_row][vc_row equal_height=&#8221;yes&#8221;][vc_column width=&#8221;1\/3&#8243;][vc_column_text]<\/p>\n<h3 style=\"text-align: center;\">Kerydane du Lien<\/h3>\n<p>[\/vc_column_text][vc_single_image image=&#8221;4611&#8243; img_size=&#8221;full&#8221; alignment=&#8221;center&#8221; style=&#8221;vc_box_border_circle&#8221; border_color=&#8221;black&#8221;][\/vc_column][vc_column width=&#8221;1\/3&#8243; css=&#8221;.vc_custom_1686638060248{padding-top: 35px !important;padding-right: 35px !important;padding-bottom: 35px !important;padding-left: 35px !important;background-color: rgba(199,221,229,0.56) !important;*background-color: rgb(199,221,229) !important;}&#8221;][vc_column_text css_animation=&#8221;none&#8221; css=&#8221;.vc_custom_1746536359803{border-top-width: 3px !important;border-right-width: 3px !important;border-bottom-width: 3px !important;border-left-width: 3px !important;padding-top: 25px !important;padding-right: 25px !important;padding-bottom: 25px !important;padding-left: 25px !important;border-left-color: #ffffff !important;border-left-style: solid !important;border-right-color: #ffffff !important;border-right-style: solid !important;border-top-color: #ffffff !important;border-top-style: solid !important;border-bottom-color: #ffffff !important;border-bottom-style: solid !important;}&#8221;]<\/p>\n<p style=\"text-align: center;\">Pe\u00efo du Lien est n\u00e9 le 16 avril 2025 du mariage entre Kerydane du Lien (baie sabino) IC PartBred et Balmain de My (cremello) Lusitanien de l&#8217;\u00e9levage de CAVEL.<\/p>\n<p style=\"text-align: center;\">Il est le poulain pour la rel\u00e8ve de C\u00e9line, g\u00e9rante de la structure.<\/p>\n<p style=\"text-align: center;\">Il est un sublime m\u00e2le smocky black tout en rondeur. Une morphologie qui r\u00e9v\u00e8le que les qualit\u00e9s de ce croisement, l&#8217;\u00e9l\u00e9gance du lusitanien, la force de l&#8217;irish cob, et la puissance du selle fran\u00e7ais. Il a des allures de r\u00eave, une t\u00eate \u00e0 tomber&#8230;<\/p>\n<p style=\"text-align: center;\">Il est rapide, observateur, timide, coquin.<\/p>\n<p>[\/vc_column_text][\/vc_column][vc_column width=&#8221;1\/3&#8243;][vc_column_text]<\/p>\n<h3 style=\"text-align: center;\">Balmain de My<\/h3>\n<p>[\/vc_column_text][vc_single_image image=&#8221;4612&#8243; img_size=&#8221;full&#8221; alignment=&#8221;center&#8221; style=&#8221;vc_box_border_circle&#8221; border_color=&#8221;black&#8221;][\/vc_column][\/vc_row][vc_row][vc_column width=&#8221;1\/4&#8243;][vc_single_image image=&#8221;4619&#8243; img_size=&#8221;full&#8221; alignment=&#8221;center&#8221; style=&#8221;vc_box_shadow_border&#8221;][\/vc_column][vc_column width=&#8221;1\/4&#8243;][vc_single_image image=&#8221;4625&#8243; img_size=&#8221;full&#8221; alignment=&#8221;center&#8221; style=&#8221;vc_box_shadow_border&#8221;][\/vc_column][vc_column width=&#8221;1\/4&#8243;][vc_single_image image=&#8221;4630&#8243; img_size=&#8221;full&#8221; alignment=&#8221;center&#8221; style=&#8221;vc_box_shadow_border&#8221;][\/vc_column][vc_column width=&#8221;1\/4&#8243;][vc_single_image image=&#8221;4622&#8243; img_size=&#8221;full&#8221; alignment=&#8221;center&#8221; style=&#8221;vc_box_shadow_border&#8221;][\/vc_column][\/vc_row]<\/p>\n","protected":false},"excerpt":{"rendered":"<p>[vc_row full_width=&#8221;stretch_row_content&#8221; content_placement=&#8221;middle&#8221; el_class=&#8221;slide-pi&#8221; css=&#8221;.vc_custom_1746536912265{padding-top: 130px !important;padding-right: 130px !important;padding-bottom: 130px !important;padding-left: 130px !important;background-image: url(https:\/\/lesfanonsdulien.com\/wp-content\/uploads\/2025\/05\/IMG_9542-scaled.jpg?id=4634) !important;background-position: center !important;background-repeat: no-repeat !important;background-size: cover !important;}&#8221;][vc_column][vc_column_text el_class=&#8221;breadcrumb&#8221; css=&#8221;.vc_custom_1746535886833{padding-bottom: 120px !important;}&#8221;]Les Fanons du Lien > \u00c9levage > Nos Poulains > Naissances 2025 > Pe\u00efo du Lien[\/vc_column_text][vc_column_text]&#8230;<\/p>\n","protected":false},"author":10,"featured_media":0,"parent":0,"menu_order":0,"comment_status":"closed","ping_status":"closed","template":"","meta":[],"yoast_head":"<!-- This site is optimized with the Yoast SEO plugin v15.3 - https:\/\/yoast.com\/wordpress\/plugins\/seo\/ -->\n<title>Pe\u00efo du Lien - Les Fanons du Lien<\/title>\n<meta name=\"robots\" content=\"index, follow, max-snippet:-1, max-image-preview:large, max-video-preview:-1\" \/>\n<link rel=\"canonical\" href=\"https:\/\/lesfanonsdulien.com\/peio-du-lien\/\" \/>\n<meta property=\"og:locale\" content=\"en_US\" \/>\n<meta property=\"og:type\" content=\"article\" \/>\n<meta property=\"og:title\" content=\"Pe\u00efo du Lien\" \/>\n<meta property=\"og:description\" content=\"[vc_row full_width=&#8221;stretch_row_content&#8221; content_placement=&#8221;middle&#8221; el_class=&#8221;slide-pi&#8221; css=&#8221;.vc_custom_1746536912265{padding-top: 130px !important;padding-right: 130px !important;padding-bottom: 130px !important;padding-left: 130px !important;background-image: url(https:\/\/lesfanonsdulien.com\/wp-content\/uploads\/2025\/05\/IMG_9542-scaled.jpg?id=4634) !important;background-position: center !important;background-repeat: no-repeat !important;background-size: cover !important;}&#8221;][vc_column][vc_column_text el_class=&#8221;breadcrumb&#8221; css=&#8221;.vc_custom_1746535886833{padding-bottom: 120px !important;}&#8221;]Les Fanons du Lien &gt; \u00c9levage &gt; Nos Poulains &gt; Naissances 2025 &gt; Pe\u00efo du Lien[\/vc_column_text][vc_column_text]...\" \/>\n<meta property=\"og:url\" content=\"https:\/\/lesfanonsdulien.com\/peio-du-lien\/\" \/>\n<meta property=\"og:site_name\" content=\"Les Fanons du Lien\" \/>\n<meta property=\"article:modified_time\" content=\"2025-06-05T16:03:18+00:00\" \/>\n<meta name=\"twitter:card\" content=\"summary_large_image\" \/>\n<meta name=\"twitter:label1\" content=\"Written by\">\n\t<meta name=\"twitter:data1\" content=\"Julie et C\u00e9line\">\n\t<meta name=\"twitter:label2\" content=\"Est. reading time\">\n\t<meta name=\"twitter:data2\" content=\"2 minutes\">\n<script type=\"application\/ld+json\" class=\"yoast-schema-graph\">{\"@context\":\"https:\/\/schema.org\",\"@graph\":[{\"@type\":\"WebSite\",\"@id\":\"https:\/\/lesfanonsdulien.com\/#website\",\"url\":\"https:\/\/lesfanonsdulien.com\/\",\"name\":\"Les Fanons du Lien\",\"description\":\"\",\"potentialAction\":[{\"@type\":\"SearchAction\",\"target\":\"https:\/\/lesfanonsdulien.com\/?s={search_term_string}\",\"query-input\":\"required name=search_term_string\"}],\"inLanguage\":\"en-US\"},{\"@type\":\"WebPage\",\"@id\":\"https:\/\/lesfanonsdulien.com\/peio-du-lien\/#webpage\",\"url\":\"https:\/\/lesfanonsdulien.com\/peio-du-lien\/\",\"name\":\"[:fr]Pe\\u00efo du Lien[:] - Les Fanons du Lien\",\"isPartOf\":{\"@id\":\"https:\/\/lesfanonsdulien.com\/#website\"},\"datePublished\":\"2025-05-06T13:08:49+00:00\",\"dateModified\":\"2025-06-05T16:03:18+00:00\",\"inLanguage\":\"en-US\",\"potentialAction\":[{\"@type\":\"ReadAction\",\"target\":[\"https:\/\/lesfanonsdulien.com\/peio-du-lien\/\"]}]}]}<\/script>\n<!-- \/ Yoast SEO plugin. -->","_links":{"self":[{"href":"https:\/\/lesfanonsdulien.com\/en\/wp-json\/wp\/v2\/pages\/4610"}],"collection":[{"href":"https:\/\/lesfanonsdulien.com\/en\/wp-json\/wp\/v2\/pages"}],"about":[{"href":"https:\/\/lesfanonsdulien.com\/en\/wp-json\/wp\/v2\/types\/page"}],"author":[{"embeddable":true,"href":"https:\/\/lesfanonsdulien.com\/en\/wp-json\/wp\/v2\/users\/10"}],"replies":[{"embeddable":true,"href":"https:\/\/lesfanonsdulien.com\/en\/wp-json\/wp\/v2\/comments?post=4610"}],"version-history":[{"count":4,"href":"https:\/\/lesfanonsdulien.com\/en\/wp-json\/wp\/v2\/pages\/4610\/revisions"}],"predecessor-version":[{"id":4665,"href":"https:\/\/lesfanonsdulien.com\/en\/wp-json\/wp\/v2\/pages\/4610\/revisions\/4665"}],"wp:attachment":[{"href":"https:\/\/lesfanonsdulien.com\/en\/wp-json\/wp\/v2\/media?parent=4610"}],"curies":[{"name":"wp","href":"https:\/\/api.w.org\/{rel}","templated":true}]}}